{"id":65613,"date":"2021-11-24T17:04:27","date_gmt":"2021-11-24T23:04:27","guid":{"rendered":"https:\/\/defabrica.com.mx\/defabrica\/?post_type=product&#038;p=65613"},"modified":"2023-01-14T14:58:38","modified_gmt":"2023-01-14T20:58:38","slug":"ninja-licuadora-poweri-power-blender-ultimate-system-de-72-onzas-platinum","status":"publish","type":"product","link":"https:\/\/defabrica.com.mx\/defabrica\/producto\/ninja-licuadora-poweri-power-blender-ultimate-system-de-72-onzas-platinum\/","title":{"rendered":"Ninja &#8211; Licuadora Poweri Power Blender Ultimate System de 72 onzas &#8211; Platinum"},"content":{"rendered":"<div class=\"embedded-component-container lv product-description\">\n<div>\n<div id=\"shop-product-description-44561933\" class=\"None\" data-version=\"1.3.38\">\n<div class=\"shop-product-description\">\n<section class=\"align-heading-left\" data-reactroot=\"\">\n<div class=\"long-description-container body-copy \">\n<div class=\"html-fragment\">\n<div>\n<div>El sistema Power Blender Ultimate de Ninja Foodi con el extractor de nutrientes y el extractor de nutrientes XL Smoothie Bowl * es el sistema de cocina m\u00e1s vers\u00e1til y poderoso de Ninja: \u00a1corte, triture y ralle sin necesidad de un recipiente procesador adicional!<\/div>\n<\/div>\n<\/div>\n<\/div>\n<\/section>\n<\/div>\n<\/div>\n<\/div>\n<\/div>\n<div class=\"embedded-component-container lv product-features\"><\/div>\n<div>\n<h3><\/h3>\n<h3 class=\"heading-5 v-fw-regular feature-heading\"><strong>Caracter\u00edsticas<\/strong><\/h3>\n<ul>\n<li><strong>Cortar, triturar y rallar<\/strong><br \/>\nLa tapa de procesamiento mejorada con tolva de alimentaci\u00f3n y discos de procesamiento de corte selectivo permiten triturar, rebanar y rallar con precisi\u00f3n.<\/li>\n<li><strong>Licuadora trituradora<\/strong><br \/>\nLicuadora trituradora con motor denso de potencia de 1600 vatios pico y smartTORQUE para alimentar y nunca detenerse.<\/li>\n<li><strong>Taz\u00f3n para batidos XL<\/strong><br \/>\nBatidora XL para tazones con apisonador incorporado especialmente dise\u00f1ada para alimentar ingredientes congelados usando menos l\u00edquido para tazones de batidos o nueces y semillas para mantequillas de nueces suaves.<\/li>\n<li><strong>Taza de extracci\u00f3n de nutrientes *<\/strong><br \/>\nLa taza de extracci\u00f3n de nutrientes * est\u00e1 dise\u00f1ada para ofrecer una mejor descomposici\u00f3n de los ingredientes para obtener bebidas perfectamente suaves.<\/li>\n<li><strong>Control de velocidad variable<\/strong><br \/>\nControl de velocidad variable para controlar la velocidad y la textura de cada mezcla.<\/li>\n<li><strong>7 programas Auto-iQ<\/strong><br \/>\n7 programas Auto-iQ preestablecidos para batidos, extracciones, tazones, pastas para untar, picar, procesar alimentos y amasar con un solo toque.<\/li>\n<li><strong>Cuchillas de borde h\u00edbrido<\/strong><br \/>\nEl ensamblaje de cuchillas de borde h\u00edbrido ofrece una mejor descomposici\u00f3n de frutas y verduras enteras congeladas, nueces, semillas y hielo para obtener mezclas m\u00e1s suaves.<\/li>\n<li><strong>F\u00e1cil de limpiar<\/strong><br \/>\nLos recipientes, tapas, discos y conjuntos de cuchillas son aptos para lavavajillas.<\/li>\n<li><strong>* Extraer una bebida que contenga vitaminas y nutrientes de frutas y verduras.<\/strong>\n<div class=\"features-list all-features\">\n<div class=\"list-row\"><\/div>\n<\/div>\n<\/li>\n<\/ul>\n<\/div>\n","protected":false},"excerpt":{"rendered":"<p>El sistema Power Blender Ultimate de Ninja Foodi con el extractor de nutrientes y el extractor de nutrientes XL Smoothie Bowl * es el sistema de cocina m\u00e1s vers\u00e1til y<\/p>\n","protected":false},"featured_media":65614,"comment_status":"open","ping_status":"closed","template":"","meta":{"_acf_changed":false,"_joinchat":[]},"product_brand":[],"product_cat":[1453,1474,336,338,952],"product_tag":[],"class_list":{"0":"post-65613","1":"product","2":"type-product","3":"status-publish","4":"has-post-thumbnail","6":"product_cat-black-friday","7":"product_cat-ofertas-primavera-electrodomesticos","8":"product_cat-hogar","9":"product_cat-electrodomesticos","10":"product_cat-licuadoras-y-mezcladoras","12":"first","13":"instock","14":"sale","15":"shipping-taxable","16":"purchasable","17":"product-type-simple"},"acf":[],"_links":{"self":[{"href":"https:\/\/defabrica.com.mx\/defabrica\/wp-json\/wp\/v2\/product\/65613","targetHints":{"allow":["GET"]}}],"collection":[{"href":"https:\/\/defabrica.com.mx\/defabrica\/wp-json\/wp\/v2\/product"}],"about":[{"href":"https:\/\/defabrica.com.mx\/defabrica\/wp-json\/wp\/v2\/types\/product"}],"replies":[{"embeddable":true,"href":"https:\/\/defabrica.com.mx\/defabrica\/wp-json\/wp\/v2\/comments?post=65613"}],"wp:featuredmedia":[{"embeddable":true,"href":"https:\/\/defabrica.com.mx\/defabrica\/wp-json\/wp\/v2\/media\/65614"}],"wp:attachment":[{"href":"https:\/\/defabrica.com.mx\/defabrica\/wp-json\/wp\/v2\/media?parent=65613"}],"wp:term":[{"taxonomy":"product_brand","embeddable":true,"href":"https:\/\/defabrica.com.mx\/defabrica\/wp-json\/wp\/v2\/product_brand?post=65613"},{"taxonomy":"product_cat","embeddable":true,"href":"https:\/\/defabrica.com.mx\/defabrica\/wp-json\/wp\/v2\/product_cat?post=65613"},{"taxonomy":"product_tag","embeddable":true,"href":"https:\/\/defabrica.com.mx\/defabrica\/wp-json\/wp\/v2\/product_tag?post=65613"}],"curies":[{"name":"wp","href":"https:\/\/api.w.org\/{rel}","templated":true}]}}