{"id":65605,"date":"2021-11-24T16:54:45","date_gmt":"2021-11-24T22:54:45","guid":{"rendered":"https:\/\/defabrica.com.mx\/defabrica\/?post_type=product&#038;p=65605"},"modified":"2023-01-14T14:58:14","modified_gmt":"2023-01-14T20:58:14","slug":"ninja-professional-plus-blender-auto-iq-bn701-2-1-l-vaso-de-tritan-120v","status":"publish","type":"product","link":"https:\/\/defabrica.com.mx\/defabrica\/producto\/ninja-professional-plus-blender-auto-iq-bn701-2-1-l-vaso-de-tritan-120v\/","title":{"rendered":"Ninja Professional Plus Blender &#8211; Auto-iQ BN701 2.1 L &#8211;  vaso de tritan 120V"},"content":{"rendered":"<div class=\"embedded-component-container lv product-description\">\n<div>\n<div id=\"shop-product-description-91767421\" class=\"None\" data-version=\"1.3.38\">\n<div class=\"shop-product-description\">\n<section class=\"align-heading-left\" data-reactroot=\"\">\n<div class=\"long-description-container body-copy \">\n<div class=\"html-fragment\">\n<div>\n<div>Sirve deliciosas bebidas con esta licuadora SharkNinja Professional Plus.\u00a0Las cuchillas Total Crushing r\u00e1pidamente suben hielo para bebidas fr\u00edas, mientras que las de 72 oz.\u00a0La jarra Total Crushing maneja lotes de tama\u00f1o familiar.\u00a0Esta licuadora SharkNinja Professional Plus cuenta con tres programas Auto IQ preestablecidos para que pueda preparar batidos o helados f\u00e1cilmente, y las piezas desmontables aptas para lavavajillas permiten una f\u00e1cil limpieza.<\/div>\n<\/div>\n<div><\/div>\n<\/div>\n<\/div>\n<\/section>\n<\/div>\n<\/div>\n<\/div>\n<\/div>\n<div class=\"embedded-component-container lv product-features\">\n<h3 class=\"heading-5 v-fw-regular feature-heading\"><strong>Caracter\u00edsticas<\/strong><\/h3>\n<ul>\n<li>La licuadora Ninja\u00ae Professional Plus con Auto-iQ\u00ae presenta un nuevo dise\u00f1o moderno y un motor m\u00e1s potente que la licuadora profesional original de Ninja. * * Versus BL610, seg\u00fan la potencia de funcionamiento<\/li>\n<li>Las cuchillas Ninja\u00ae Total Crushing\u00ae le brindan hielo perfectamente triturado para sus batidos y bebidas congeladas con 1400 vatios m\u00e1ximos de potencia profesional.<\/li>\n<li>La jarra Total Crushing\u00ae de 72 oz. * Es ideal para preparar lotes grandes para toda la familia. * 64 onzas capacidad m\u00e1xima de l\u00edquido.<\/li>\n<li>Los 3 programas Auto-iQ\u00ae preestablecidos le permiten crear batidos, bebidas heladas y helados, todo con solo tocar un bot\u00f3n.<\/li>\n<\/ul>\n<\/div>\n","protected":false},"excerpt":{"rendered":"<p>Sirve deliciosas bebidas con esta licuadora SharkNinja Professional Plus.\u00a0Las cuchillas Total Crushing r\u00e1pidamente suben hielo para bebidas fr\u00edas, mientras que las de 72 oz.\u00a0La jarra Total Crushing maneja lotes de<\/p>\n","protected":false},"featured_media":65607,"comment_status":"open","ping_status":"closed","template":"","meta":{"_acf_changed":false,"_joinchat":[]},"product_brand":[],"product_cat":[1453,1474,336,338,952],"product_tag":[],"class_list":{"0":"post-65605","1":"product","2":"type-product","3":"status-publish","4":"has-post-thumbnail","6":"product_cat-black-friday","7":"product_cat-ofertas-primavera-electrodomesticos","8":"product_cat-hogar","9":"product_cat-electrodomesticos","10":"product_cat-licuadoras-y-mezcladoras","12":"first","13":"instock","14":"sale","15":"shipping-taxable","16":"purchasable","17":"product-type-simple"},"acf":[],"_links":{"self":[{"href":"https:\/\/defabrica.com.mx\/defabrica\/wp-json\/wp\/v2\/product\/65605","targetHints":{"allow":["GET"]}}],"collection":[{"href":"https:\/\/defabrica.com.mx\/defabrica\/wp-json\/wp\/v2\/product"}],"about":[{"href":"https:\/\/defabrica.com.mx\/defabrica\/wp-json\/wp\/v2\/types\/product"}],"replies":[{"embeddable":true,"href":"https:\/\/defabrica.com.mx\/defabrica\/wp-json\/wp\/v2\/comments?post=65605"}],"wp:featuredmedia":[{"embeddable":true,"href":"https:\/\/defabrica.com.mx\/defabrica\/wp-json\/wp\/v2\/media\/65607"}],"wp:attachment":[{"href":"https:\/\/defabrica.com.mx\/defabrica\/wp-json\/wp\/v2\/media?parent=65605"}],"wp:term":[{"taxonomy":"product_brand","embeddable":true,"href":"https:\/\/defabrica.com.mx\/defabrica\/wp-json\/wp\/v2\/product_brand?post=65605"},{"taxonomy":"product_cat","embeddable":true,"href":"https:\/\/defabrica.com.mx\/defabrica\/wp-json\/wp\/v2\/product_cat?post=65605"},{"taxonomy":"product_tag","embeddable":true,"href":"https:\/\/defabrica.com.mx\/defabrica\/wp-json\/wp\/v2\/product_tag?post=65605"}],"curies":[{"name":"wp","href":"https:\/\/api.w.org\/{rel}","templated":true}]}}