{"id":65305,"date":"2021-11-23T18:50:29","date_gmt":"2021-11-24T00:50:29","guid":{"rendered":"https:\/\/defabrica.com.mx\/defabrica\/?post_type=product&#038;p=65305"},"modified":"2023-01-14T14:57:03","modified_gmt":"2023-01-14T20:57:03","slug":"ninja-foodi-fd302-olla-a-presion-11-en-1-de-65-cuartos-de-galon-con-freidora-de-aire-en-acabado-inoxidable","status":"publish","type":"product","link":"https:\/\/defabrica.com.mx\/defabrica\/producto\/ninja-foodi-fd302-olla-a-presion-11-en-1-de-65-cuartos-de-galon-con-freidora-de-aire-en-acabado-inoxidable\/","title":{"rendered":"Ninja Foodi (FD302) Olla a presi\u00f3n 11 en 1 de 6,5 cuartos de gal\u00f3n con freidora de aire en acabado inoxidable"},"content":{"rendered":"<div class=\"embedded-component-container lv product-description\">\n<div>\n<div id=\"shop-product-description-60533528\" class=\"None\" data-version=\"1.3.38\">\n<div class=\"shop-product-description\">\n<section class=\"align-heading-left\" data-reactroot=\"\">\n<div class=\"long-description-container body-copy \">\n<div class=\"html-fragment\">\n<div>\n<div>\n<p>La olla a presi\u00f3n PRO que crisps \u2122.\u00a0Las 11 funciones de cocci\u00f3n programables brindan infinitas opciones de recetas dentro de la olla de cocci\u00f3n antiadherente de 6.5 qt y el plato Cook &amp; Crisp \u2122 de 4.6 qt.\u00a0La tecnolog\u00eda TenderCrisp \u2122 le permite cocinar a presi\u00f3n y luego fre\u00edr al aire.<\/p>\n<p>&nbsp;<\/p>\n<\/div>\n<\/div>\n<\/div>\n<\/div>\n<\/section>\n<\/div>\n<\/div>\n<\/div>\n<\/div>\n<h3><strong>Caracter\u00edsticas<\/strong><\/h3>\n<ul>\n<li><strong>La olla a presi\u00f3n PRO que hace patatas fritas<\/strong><br \/>\nPresenta la tecnolog\u00eda TenderCrisp \u2122: lo mejor de la cocci\u00f3n a presi\u00f3n y la fritura al aire, todo en una olla antiadherente. Cocine a presi\u00f3n r\u00e1pidamente para retener los jugos, luego cambie las tapas para terminar con un crujiente.<\/li>\n<li><strong>Control de cocci\u00f3n de precisi\u00f3n<\/strong><br \/>\nControla la temperatura del elemento calefactor inferior de la unidad para cocinar con precisi\u00f3n los alimentos y preparar sus comidas favoritas con olla a presi\u00f3n. La cocci\u00f3n de precisi\u00f3n brinda la capacidad de sous vide a su unidad Foodi\u00ae.<\/li>\n<li><strong>Versatilidad de cocci\u00f3n 11 en 1<\/strong><br \/>\n11 funciones de cocci\u00f3n le permiten cocinar a presi\u00f3n, cocinar al vapor, cocinar a fuego lento, hacer yogur, sous vide, fre\u00edr al aire, hornear \/ asar, dorar \/ saltear, asar, deshidratar y mantener los alimentos calientes dentro de la olla.<\/li>\n<li><strong>Piezas antiadherentes aptas para lavavajillas<\/strong><br \/>\nTanto la olla para cocinar de 6.5 cuartos de gal\u00f3n como el plato Cook &amp; Crisp \u2122 de 4.6 cuartos de gal\u00f3n son antiadherentes y aptos para lavavajillas.<\/li>\n<li><strong>Cocine comidas familiares para grupos grandes<\/strong><br \/>\nSe adapta a un pollo de hasta 5 libras, un asado de 6 libras o hasta 3 libras de papas fritas.<\/li>\n<li><strong>Incluye rejilla para asar anidada<\/strong><br \/>\nLa rejilla de acero inoxidable le permite cocinar al vapor, asar a la parrilla o agregar una capa de capacidad para crear comidas completas. Se almacena f\u00e1cilmente dentro de la olla de cocci\u00f3n.<\/li>\n<li><strong>Encuentra inspiraci\u00f3n para recetas<\/strong><br \/>\nIncluye 45 recetas inspiradas en chefs y tablas de cocina adicionales para inspirarse en la preparaci\u00f3n de comidas.<\/li>\n<\/ul>\n","protected":false},"excerpt":{"rendered":"<p>La olla a presi\u00f3n PRO que crisps \u2122.\u00a0Las 11 funciones de cocci\u00f3n programables brindan infinitas opciones de recetas dentro de la olla de cocci\u00f3n antiadherente de 6.5 qt y el<\/p>\n","protected":false},"featured_media":65306,"comment_status":"open","ping_status":"closed","template":"","meta":{"_acf_changed":false,"_joinchat":[]},"product_brand":[],"product_cat":[1474,336,337,338,949,954],"product_tag":[],"class_list":{"0":"post-65305","1":"product","2":"type-product","3":"status-publish","4":"has-post-thumbnail","6":"product_cat-ofertas-primavera-electrodomesticos","7":"product_cat-hogar","8":"product_cat-cocina","9":"product_cat-electrodomesticos","10":"product_cat-ollas-instantaneas","11":"product_cat-horno","13":"first","14":"instock","15":"sale","16":"shipping-taxable","17":"purchasable","18":"product-type-simple"},"acf":[],"_links":{"self":[{"href":"https:\/\/defabrica.com.mx\/defabrica\/wp-json\/wp\/v2\/product\/65305","targetHints":{"allow":["GET"]}}],"collection":[{"href":"https:\/\/defabrica.com.mx\/defabrica\/wp-json\/wp\/v2\/product"}],"about":[{"href":"https:\/\/defabrica.com.mx\/defabrica\/wp-json\/wp\/v2\/types\/product"}],"replies":[{"embeddable":true,"href":"https:\/\/defabrica.com.mx\/defabrica\/wp-json\/wp\/v2\/comments?post=65305"}],"wp:featuredmedia":[{"embeddable":true,"href":"https:\/\/defabrica.com.mx\/defabrica\/wp-json\/wp\/v2\/media\/65306"}],"wp:attachment":[{"href":"https:\/\/defabrica.com.mx\/defabrica\/wp-json\/wp\/v2\/media?parent=65305"}],"wp:term":[{"taxonomy":"product_brand","embeddable":true,"href":"https:\/\/defabrica.com.mx\/defabrica\/wp-json\/wp\/v2\/product_brand?post=65305"},{"taxonomy":"product_cat","embeddable":true,"href":"https:\/\/defabrica.com.mx\/defabrica\/wp-json\/wp\/v2\/product_cat?post=65305"},{"taxonomy":"product_tag","embeddable":true,"href":"https:\/\/defabrica.com.mx\/defabrica\/wp-json\/wp\/v2\/product_tag?post=65305"}],"curies":[{"name":"wp","href":"https:\/\/api.w.org\/{rel}","templated":true}]}}