{"id":65166,"date":"2021-11-22T23:24:51","date_gmt":"2021-11-23T05:24:51","guid":{"rendered":"https:\/\/defabrica.com.mx\/defabrica\/?post_type=product&#038;p=65166"},"modified":"2023-01-14T14:54:49","modified_gmt":"2023-01-14T20:54:49","slug":"nespresso-vertuo-chrome-breville-con-aeroccino3","status":"publish","type":"product","link":"https:\/\/defabrica.com.mx\/defabrica\/producto\/nespresso-vertuo-chrome-breville-con-aeroccino3\/","title":{"rendered":"Nespresso &#8211; Vertuo Chrome &#8211; Breville con Aeroccino3"},"content":{"rendered":"<div>\n<div>\n<p>Cree bebidas de caf\u00e9 cargadas de crema en minutos con la vers\u00e1til m\u00e1quina de caf\u00e9 Nespresso Vertuo de una sola porci\u00f3n.\u00a0Compatible con la gama de c\u00e1psulas grandes y peque\u00f1as de Nespresso, esta unidad tiene un tanque de gran capacidad para que pueda preparar m\u00faltiples bebidas sin rellenar.\u00a0La m\u00e1quina de caf\u00e9 Nespresso Vertuo de una sola porci\u00f3n incorpora la tecnolog\u00eda de extracci\u00f3n Centrifusion, que prepara el caf\u00e9 y el espresso suavemente para obtener un sabor m\u00e1s completo.<\/p>\n<p>&nbsp;<\/p>\n<\/div>\n<\/div>\n<h3><strong>Caracter\u00edsticas<\/strong><\/h3>\n<ul>\n<li><strong>Maquina de cafe<\/strong><br \/>\nPrepare un delicioso espresso y lungo, tal como desee.<\/li>\n<li><strong>Aseg\u00farese de no dejar la m\u00e1quina de caf\u00e9 encendida<\/strong><br \/>\nEl apagado autom\u00e1tico promueve un funcionamiento seguro.<\/li>\n<li><strong>Espumador de leche Aeroccino3<\/strong><br \/>\nPerfecto para hacer espuma de leche para crear su bebida especial favorita, desde blancos planos hasta capuchinos.<\/li>\n<li><strong>Tanque de agua extra\u00edble<\/strong><br \/>\nPermite un f\u00e1cil rellenado.<\/li>\n<\/ul>\n<div><\/div>\n","protected":false},"excerpt":{"rendered":"<p>Cree bebidas de caf\u00e9 cargadas de crema en minutos con la vers\u00e1til m\u00e1quina de caf\u00e9 Nespresso Vertuo de una sola porci\u00f3n.\u00a0Compatible con la gama de c\u00e1psulas grandes y peque\u00f1as de<\/p>\n","protected":false},"featured_media":65168,"comment_status":"open","ping_status":"closed","template":"","meta":{"_acf_changed":false,"_joinchat":[]},"product_brand":[],"product_cat":[1453,1474,336,337,947],"product_tag":[],"class_list":{"0":"post-65166","1":"product","2":"type-product","3":"status-publish","4":"has-post-thumbnail","6":"product_cat-black-friday","7":"product_cat-ofertas-primavera-electrodomesticos","8":"product_cat-hogar","9":"product_cat-cocina","10":"product_cat-teteras-maquinas-de-te-y-cafe","12":"first","13":"instock","14":"sale","15":"shipping-taxable","16":"purchasable","17":"product-type-simple"},"acf":[],"_links":{"self":[{"href":"https:\/\/defabrica.com.mx\/defabrica\/wp-json\/wp\/v2\/product\/65166","targetHints":{"allow":["GET"]}}],"collection":[{"href":"https:\/\/defabrica.com.mx\/defabrica\/wp-json\/wp\/v2\/product"}],"about":[{"href":"https:\/\/defabrica.com.mx\/defabrica\/wp-json\/wp\/v2\/types\/product"}],"replies":[{"embeddable":true,"href":"https:\/\/defabrica.com.mx\/defabrica\/wp-json\/wp\/v2\/comments?post=65166"}],"wp:featuredmedia":[{"embeddable":true,"href":"https:\/\/defabrica.com.mx\/defabrica\/wp-json\/wp\/v2\/media\/65168"}],"wp:attachment":[{"href":"https:\/\/defabrica.com.mx\/defabrica\/wp-json\/wp\/v2\/media?parent=65166"}],"wp:term":[{"taxonomy":"product_brand","embeddable":true,"href":"https:\/\/defabrica.com.mx\/defabrica\/wp-json\/wp\/v2\/product_brand?post=65166"},{"taxonomy":"product_cat","embeddable":true,"href":"https:\/\/defabrica.com.mx\/defabrica\/wp-json\/wp\/v2\/product_cat?post=65166"},{"taxonomy":"product_tag","embeddable":true,"href":"https:\/\/defabrica.com.mx\/defabrica\/wp-json\/wp\/v2\/product_tag?post=65166"}],"curies":[{"name":"wp","href":"https:\/\/api.w.org\/{rel}","templated":true}]}}