{"id":65154,"date":"2021-11-22T23:21:58","date_gmt":"2021-11-23T05:21:58","guid":{"rendered":"https:\/\/defabrica.com.mx\/defabrica\/?post_type=product&#038;p=65154"},"modified":"2022-12-07T15:09:13","modified_gmt":"2022-12-07T21:09:13","slug":"delonghi-la-specialista-maestro-espresso-acero-inoxidable","status":"publish","type":"product","link":"https:\/\/defabrica.com.mx\/defabrica\/producto\/delonghi-la-specialista-maestro-espresso-acero-inoxidable\/","title":{"rendered":"De&#8217;Longhi La Specialista Maestro Espresso &#8211; Acero inoxidable"},"content":{"rendered":"<p>La Specialista Maestro armoniza la ciencia de los granos de caf\u00e9 y el arte de preparar espresso de la manera correcta, como un maestro director que dirige una orquesta.\u00a0Con precisi\u00f3n de ingenier\u00eda y una variedad de tecnolog\u00eda patentada, La Specialista Maestro permite que cada grano exprese completamente su perfil de sabor y brinda un enfoque nuevo e innovador para preparar bebidas de espresso en casa con facilidad.\u00a0Indulgente e innovadora, la m\u00e1quina cuenta con 6 selecciones especiales: espresso, caf\u00e9, americano, capuchino, flat white y latte que sin esfuerzo seducen sus sentidos y seducen sus papilas gustativas.\u00a0La tecnolog\u00eda de elaboraci\u00f3n de cerveza de alta precisi\u00f3n descifra f\u00e1cilmente entre diferentes tipos de granos para ofrecer resultados consistentes que extraen el m\u00e1ximo sabor y frescura.\u00a0Su tecnolog\u00eda de molienda con sensor presenta 8 configuraciones de molienda y un dial de dosificaci\u00f3n digital preciso que registra microajustes para una dosificaci\u00f3n m\u00e1s precisa.\u00a0Mientras que la Smart Tamping Station apisona magistralmente la dosis con la presi\u00f3n correcta con menos suciedad.\u00a0Cuando el agua y el molido se mezclan, el proceso din\u00e1mico de preinfusi\u00f3n se adapta a la densidad del caf\u00e9 y humedece uniformemente el molido para alcanzar su extracci\u00f3n ideal.\u00a0Al igual que los sensores de molienda, los controles activos de temperatura de la m\u00e1quina contienen 5 configuraciones de perfil de infusi\u00f3n que var\u00edan seg\u00fan el tipo de frijol.\u00a0Cada ajuste se alinea en consecuencia con un tipo espec\u00edfico de tueste.\u00a0Los dos sistemas de calentamiento independientes de Active Temperature Controls funcionan al un\u00edsono durante todo el proceso de preparaci\u00f3n para brindar continuamente una temperatura \u00f3ptima para la preparaci\u00f3n y siempre listos para vaporizar la leche sin tiempo de espera.\u00a0La Specialista Maestro ofrece dos formas de vaporizar la leche: domine su arte latte con una potente varilla de vapor o haga espuma con la leche autom\u00e1ticamente con solo tocar un bot\u00f3n gracias al sistema patentado De&#8217;Longhi LatteCrema \u2122, que hace espuma a la perfecci\u00f3n con leche o alternativas a la leche como soja, arroz, o avena *.<\/p>\n<p>&nbsp;<\/p>\n<h3><strong>Caracter\u00edsticas<\/strong><\/h3>\n<ul>\n<li>Tecnolog\u00eda de molienda con sensor, molinillo integrado con 2 sensores para la dosis ideal y 8 configuraciones de molido (de grueso a fino) para granos de caf\u00e9 reci\u00e9n molidos<\/li>\n<li>Cestas filtrantes de pared simple para un mayor control de la extracci\u00f3n; viene en dos tama\u00f1os: 12g y 20g<\/li>\n<li>La dosis digital ayuda a seleccionar el nivel de dosis adecuado, en relaci\u00f3n con el tostado de los granos de caf\u00e9.<\/li>\n<li>La estaci\u00f3n de apisonamiento inteligente garantiza una presi\u00f3n constante y uniforme, as\u00ed como menos desorden<\/li>\n<li>El control activo de temperatura le permite seleccionar una de las 5 configuraciones de temperatura, para adaptar la temperatura al tueste del grano de caf\u00e9 y tener una estabilidad de temperatura precisa<\/li>\n<li>Dynamic Pre-Infusion humedece suavemente el suelo para una extracci\u00f3n perfecta<\/li>\n<li>El medidor de presi\u00f3n ayuda a garantizar que se logre la presi\u00f3n correcta para un espresso aut\u00e9nticamente elaborado<\/li>\n<li>Mi varita de vapor LatteArt es una poderosa varita de estilo comercial para crear arte latte<\/li>\n<li>LatteCrema System es una soluci\u00f3n de leche autom\u00e1tica que mezcla vapor, aire y leche en las proporciones correctas para una leche \u00f3ptima, o leche alternativa, espuma.<\/li>\n<li>Seleccione una de las 6 recetas diferentes; Espresso, Caf\u00e9, Americano, Latte, Cappuccino o Flat White<\/li>\n<\/ul>\n","protected":false},"excerpt":{"rendered":"<p>La Specialista Maestro armoniza la ciencia de los granos de caf\u00e9 y el arte de preparar espresso de la manera correcta, como un maestro director que dirige una orquesta.\u00a0Con precisi\u00f3n<\/p>\n","protected":false},"featured_media":65153,"comment_status":"open","ping_status":"closed","template":"","meta":{"_acf_changed":false,"_joinchat":[]},"product_brand":[],"product_cat":[1453,1474,336,337,947],"product_tag":[],"class_list":{"0":"post-65154","1":"product","2":"type-product","3":"status-publish","4":"has-post-thumbnail","6":"product_cat-black-friday","7":"product_cat-ofertas-primavera-electrodomesticos","8":"product_cat-hogar","9":"product_cat-cocina","10":"product_cat-teteras-maquinas-de-te-y-cafe","12":"first","13":"instock","14":"sale","15":"shipping-taxable","16":"purchasable","17":"product-type-simple"},"acf":[],"_links":{"self":[{"href":"https:\/\/defabrica.com.mx\/defabrica\/wp-json\/wp\/v2\/product\/65154","targetHints":{"allow":["GET"]}}],"collection":[{"href":"https:\/\/defabrica.com.mx\/defabrica\/wp-json\/wp\/v2\/product"}],"about":[{"href":"https:\/\/defabrica.com.mx\/defabrica\/wp-json\/wp\/v2\/types\/product"}],"replies":[{"embeddable":true,"href":"https:\/\/defabrica.com.mx\/defabrica\/wp-json\/wp\/v2\/comments?post=65154"}],"wp:featuredmedia":[{"embeddable":true,"href":"https:\/\/defabrica.com.mx\/defabrica\/wp-json\/wp\/v2\/media\/65153"}],"wp:attachment":[{"href":"https:\/\/defabrica.com.mx\/defabrica\/wp-json\/wp\/v2\/media?parent=65154"}],"wp:term":[{"taxonomy":"product_brand","embeddable":true,"href":"https:\/\/defabrica.com.mx\/defabrica\/wp-json\/wp\/v2\/product_brand?post=65154"},{"taxonomy":"product_cat","embeddable":true,"href":"https:\/\/defabrica.com.mx\/defabrica\/wp-json\/wp\/v2\/product_cat?post=65154"},{"taxonomy":"product_tag","embeddable":true,"href":"https:\/\/defabrica.com.mx\/defabrica\/wp-json\/wp\/v2\/product_tag?post=65154"}],"curies":[{"name":"wp","href":"https:\/\/api.w.org\/{rel}","templated":true}]}}