{"id":65130,"date":"2021-11-22T23:22:53","date_gmt":"2021-11-23T05:22:53","guid":{"rendered":"https:\/\/defabrica.com.mx\/defabrica\/?post_type=product&#038;p=65130"},"modified":"2023-01-14T14:40:14","modified_gmt":"2023-01-14T20:40:14","slug":"kitchen-aid-pro-5-plus-batidora-de-vaso-con-soporte-de-5-cuartos-de-galon-color-azul","status":"publish","type":"product","link":"https:\/\/defabrica.com.mx\/defabrica\/producto\/kitchen-aid-pro-5-plus-batidora-de-vaso-con-soporte-de-5-cuartos-de-galon-color-azul\/","title":{"rendered":"Kitchen Aid Pro 5 Plus &#8211; Batidora de vaso con soporte de 5 cuartos de gal\u00f3n, color azul"},"content":{"rendered":"<div class=\"embedded-component-container lv product-description\">\n<div>\n<div id=\"shop-product-description-52150381\" class=\"None\" data-version=\"1.3.38\">\n<div class=\"shop-product-description\">\n<section class=\"align-heading-left\" data-reactroot=\"\">\n<div class=\"long-description-container body-copy \">\n<div class=\"html-fragment\">\n<div>\n<div>La batidora de pie KitchenAid\u00ae Pro 5 \u2122 Plus de 5 cuartos de gal\u00f3n con elevador de taz\u00f3n es perfecta para mezclas densas y pesadas.\u00a0Ofrece la capacidad de preparar hasta 9 docenas de galletas en un solo lote y 10 velocidades para mezclar, amasar y batir bien los ingredientes r\u00e1pida y f\u00e1cilmente.\u00a0Para una versatilidad a\u00fan mayor, use el concentrador de energ\u00eda para convertir su batidora de pie en un centro culinario, con m\u00e1s de 10 accesorios opcionales alimentados por concentrador *, desde picadoras de alimentos hasta m\u00e1quinas para hacer pasta y m\u00e1s.\u00a0*se vende por separado.<\/div>\n<\/div>\n<\/div>\n<\/div>\n<\/section>\n<\/div>\n<\/div>\n<\/div>\n<\/div>\n<div class=\"embedded-component-container lv product-features\"><\/div>\n<div>\n<h3><\/h3>\n<h3 class=\"heading-5 v-fw-regular feature-heading\"><strong>Caracter\u00edsticas<\/strong><\/h3>\n<ul>\n<li><strong>M\u00e1s de 10 accesorios disponibles<\/strong><br \/>\nM\u00e1s de 10 accesorios disponibles *, para hacer de todo, desde pasta fresca hasta hamburguesas, fideos vegetarianos, helados y m\u00e1s. * se vende por separado.<\/li>\n<li><strong>Capacidad de 5 cuartos<\/strong><br \/>\nRecipiente de acero inoxidable de 5 cuartos con asa para hasta 9 docenas de galletas en un solo lote<\/li>\n<li><strong>Dise\u00f1o de elevaci\u00f3n de cuenco<\/strong><br \/>\nDise\u00f1o de elevaci\u00f3n del recipiente para un soporte resistente del recipiente al mezclar ingredientes pesados \u200b\u200bo lotes grandes<\/li>\n<li><strong>10 velocidades<\/strong><br \/>\n10 velocidades optimizadas lo suficientemente potentes para casi cualquier tarea o receta<\/li>\n<li><strong>Acci\u00f3n planetaria<\/strong><br \/>\n67 puntos de contacto alrededor del taz\u00f3n de la batidora para obtener excelentes resultados de mezcla<\/li>\n<li><strong>Incluye un batidor plano revestido, un gancho para masa en espiral Powerknead \u2122 revestido y un batidor de alambre<\/strong><\/li>\n<\/ul>\n<\/div>\n","protected":false},"excerpt":{"rendered":"<p>La batidora de pie KitchenAid\u00ae Pro 5 \u2122 Plus de 5 cuartos de gal\u00f3n con elevador de taz\u00f3n es perfecta para mezclas densas y pesadas.\u00a0Ofrece la capacidad de preparar hasta<\/p>\n","protected":false},"featured_media":65150,"comment_status":"open","ping_status":"closed","template":"","meta":{"_acf_changed":false,"_joinchat":[]},"product_brand":[],"product_cat":[1474,336,337,338,986],"product_tag":[],"class_list":{"0":"post-65130","1":"product","2":"type-product","3":"status-publish","4":"has-post-thumbnail","6":"product_cat-ofertas-primavera-electrodomesticos","7":"product_cat-hogar","8":"product_cat-cocina","9":"product_cat-electrodomesticos","10":"product_cat-batidoras","12":"first","13":"instock","14":"sale","15":"shipping-taxable","16":"purchasable","17":"product-type-variable","18":"has-default-attributes"},"acf":[],"_links":{"self":[{"href":"https:\/\/defabrica.com.mx\/defabrica\/wp-json\/wp\/v2\/product\/65130","targetHints":{"allow":["GET"]}}],"collection":[{"href":"https:\/\/defabrica.com.mx\/defabrica\/wp-json\/wp\/v2\/product"}],"about":[{"href":"https:\/\/defabrica.com.mx\/defabrica\/wp-json\/wp\/v2\/types\/product"}],"replies":[{"embeddable":true,"href":"https:\/\/defabrica.com.mx\/defabrica\/wp-json\/wp\/v2\/comments?post=65130"}],"wp:featuredmedia":[{"embeddable":true,"href":"https:\/\/defabrica.com.mx\/defabrica\/wp-json\/wp\/v2\/media\/65150"}],"wp:attachment":[{"href":"https:\/\/defabrica.com.mx\/defabrica\/wp-json\/wp\/v2\/media?parent=65130"}],"wp:term":[{"taxonomy":"product_brand","embeddable":true,"href":"https:\/\/defabrica.com.mx\/defabrica\/wp-json\/wp\/v2\/product_brand?post=65130"},{"taxonomy":"product_cat","embeddable":true,"href":"https:\/\/defabrica.com.mx\/defabrica\/wp-json\/wp\/v2\/product_cat?post=65130"},{"taxonomy":"product_tag","embeddable":true,"href":"https:\/\/defabrica.com.mx\/defabrica\/wp-json\/wp\/v2\/product_tag?post=65130"}],"curies":[{"name":"wp","href":"https:\/\/api.w.org\/{rel}","templated":true}]}}