{"id":65105,"date":"2021-11-22T23:05:34","date_gmt":"2021-11-23T05:05:34","guid":{"rendered":"https:\/\/defabrica.com.mx\/defabrica\/?post_type=product&#038;p=65105"},"modified":"2022-12-07T15:08:37","modified_gmt":"2022-12-07T21:08:37","slug":"delonghi-dedica-espresso-con-15-bares-de-presion-y-espumador-de-leche-metalica","status":"publish","type":"product","link":"https:\/\/defabrica.com.mx\/defabrica\/producto\/delonghi-dedica-espresso-con-15-bares-de-presion-y-espumador-de-leche-metalica\/","title":{"rendered":"De&#8217;Longhi &#8211; DEDICA Espresso con 15 bares de presi\u00f3n y espumador de leche &#8211; Metalica"},"content":{"rendered":"<div>\n<div>\n<p>Haga un espresso perfecto en todo momento con esta m\u00e1quina de espresso De&#8217;Longhi Dedica Style.\u00a0El vaporizador de vapor ajustable permite cambiar de espuma a plano con un movimiento de la mano, mientras que la funci\u00f3n de calentamiento r\u00e1pido hace que la m\u00e1quina est\u00e9 lista para preparar en 30 segundos.\u00a0Esta m\u00e1quina de caf\u00e9 espresso De&#8217;Longhi Dedica Style puede usar tanto monodosis como caf\u00e9 molido, lo que aumenta su flexibilidad.<\/p>\n<p>&nbsp;<\/p>\n<\/div>\n<\/div>\n<h3><strong>Caracter\u00edsticas<\/strong><\/h3>\n<ul>\n<li><strong>M\u00e1quina de caf\u00e9 expreso<\/strong><br \/>\nPrepare r\u00e1pida y f\u00e1cilmente su bebida favorita.<\/li>\n<li><strong>Aseg\u00farese de no dejar la m\u00e1quina de caf\u00e9 encendida<\/strong><br \/>\nEl apagado autom\u00e1tico promueve un funcionamiento seguro.<\/li>\n<li><strong>Volumen de taza programable<\/strong><br \/>\nLe permite configurar el tama\u00f1o de su caf\u00e9 seg\u00fan sus preferencias personales.<\/li>\n<li><strong>Tanque de agua extra\u00edble<\/strong><br \/>\nPermite un f\u00e1cil rellenado.<\/li>\n<li><strong>Rec\u00f3jalo r\u00e1pidamente despu\u00e9s de que se complete la preparaci\u00f3n<\/strong><br \/>\nUna bandeja de goteo extra\u00edble se separa f\u00e1cilmente de la m\u00e1quina.<\/li>\n<li><strong>Material de acero inoxidable<\/strong><br \/>\nCrea una apariencia elegante.<\/li>\n<\/ul>\n<div><\/div>\n","protected":false},"excerpt":{"rendered":"<p>Haga un espresso perfecto en todo momento con esta m\u00e1quina de espresso De&#8217;Longhi Dedica Style.\u00a0El vaporizador de vapor ajustable permite cambiar de espuma a plano con un movimiento de la<\/p>\n","protected":false},"featured_media":65106,"comment_status":"open","ping_status":"closed","template":"","meta":{"_acf_changed":false,"_joinchat":[]},"product_brand":[],"product_cat":[1453,1474,336,337,947],"product_tag":[],"class_list":{"0":"post-65105","1":"product","2":"type-product","3":"status-publish","4":"has-post-thumbnail","6":"product_cat-black-friday","7":"product_cat-ofertas-primavera-electrodomesticos","8":"product_cat-hogar","9":"product_cat-cocina","10":"product_cat-teteras-maquinas-de-te-y-cafe","12":"first","13":"instock","14":"sale","15":"shipping-taxable","16":"purchasable","17":"product-type-simple"},"acf":[],"_links":{"self":[{"href":"https:\/\/defabrica.com.mx\/defabrica\/wp-json\/wp\/v2\/product\/65105","targetHints":{"allow":["GET"]}}],"collection":[{"href":"https:\/\/defabrica.com.mx\/defabrica\/wp-json\/wp\/v2\/product"}],"about":[{"href":"https:\/\/defabrica.com.mx\/defabrica\/wp-json\/wp\/v2\/types\/product"}],"replies":[{"embeddable":true,"href":"https:\/\/defabrica.com.mx\/defabrica\/wp-json\/wp\/v2\/comments?post=65105"}],"wp:featuredmedia":[{"embeddable":true,"href":"https:\/\/defabrica.com.mx\/defabrica\/wp-json\/wp\/v2\/media\/65106"}],"wp:attachment":[{"href":"https:\/\/defabrica.com.mx\/defabrica\/wp-json\/wp\/v2\/media?parent=65105"}],"wp:term":[{"taxonomy":"product_brand","embeddable":true,"href":"https:\/\/defabrica.com.mx\/defabrica\/wp-json\/wp\/v2\/product_brand?post=65105"},{"taxonomy":"product_cat","embeddable":true,"href":"https:\/\/defabrica.com.mx\/defabrica\/wp-json\/wp\/v2\/product_cat?post=65105"},{"taxonomy":"product_tag","embeddable":true,"href":"https:\/\/defabrica.com.mx\/defabrica\/wp-json\/wp\/v2\/product_tag?post=65105"}],"curies":[{"name":"wp","href":"https:\/\/api.w.org\/{rel}","templated":true}]}}