{"id":65095,"date":"2021-11-22T23:01:10","date_gmt":"2021-11-23T05:01:10","guid":{"rendered":"https:\/\/defabrica.com.mx\/defabrica\/?post_type=product&#038;p=65095"},"modified":"2023-01-14T14:42:53","modified_gmt":"2023-01-14T20:42:53","slug":"delonghi-maquina-de-cafe-expreso-la-specialista-prestigio-con-sistema-de-calentamiento-dual-acero-inoxidable","status":"publish","type":"product","link":"https:\/\/defabrica.com.mx\/defabrica\/producto\/delonghi-maquina-de-cafe-expreso-la-specialista-prestigio-con-sistema-de-calentamiento-dual-acero-inoxidable\/","title":{"rendered":"De&#8217;Longhi &#8211; M\u00e1quina de caf\u00e9 expreso La Specialista Prestigio con sistema de calentamiento dual &#8211; Acero inoxidable"},"content":{"rendered":"<div class=\"embedded-component-container lv product-description\">\n<div>\n<div id=\"shop-product-description-44717192\" class=\"None\" data-version=\"1.3.38\">\n<div class=\"shop-product-description\">\n<section class=\"align-heading-left\" data-reactroot=\"\">\n<div class=\"long-description-container body-copy \">\n<div class=\"html-fragment\">\n<div>\n<div>\n<p>La Specialista Prestigio es una m\u00e1quina de caf\u00e9 expreso bellamente dise\u00f1ada que le brinda m\u00e1s control para elaborar constantemente excelentes bebidas de caf\u00e9 expreso desde la comodidad de su hogar.\u00a0Hemos incorporado la tecnolog\u00eda de molienda por sensor, el apisonamiento inteligente, la preinfusi\u00f3n din\u00e1mica y el control activo de temperatura con tres perfiles de temperatura para hacer que el proceso sea m\u00e1s \u00e1gil y personalizado, al tiempo que preservamos la creatividad pr\u00e1ctica y la satisfacci\u00f3n de preparar espresso de la manera correcta.\u00a0Sin tiempo de calentamiento adicional y con una limpieza m\u00ednima, La Specialista Prestigio le permite elaborar su espresso de la manera correcta.<\/p>\n<p>&nbsp;<\/p>\n<\/div>\n<\/div>\n<\/div>\n<\/div>\n<\/section>\n<\/div>\n<\/div>\n<\/div>\n<\/div>\n<h3><strong>Caracter\u00edsticas<\/strong><\/h3>\n<ul>\n<li><strong>EL CAF\u00c9 M\u00c1S FRESCO, CADA VEZ<\/strong><br \/>\nMolinillo de fresas integrado con dos sensores que ofrece un molido uniforme y una dosis de caf\u00e9 \u00f3ptima.<\/li>\n<li><strong>TAMPING CON FACILIDAD Y MENOS L\u00cdQUIDOS<\/strong><br \/>\nLa estaci\u00f3n de apisonamiento inteligente patentada reduce significativamente el desorden y apisona el caf\u00e9 de manera uniforme.<\/li>\n<li><strong>M\u00c1S CONTROL SOBRE LA EXTRACCI\u00d3N<\/strong><br \/>\nExplore las canastas de filtro de pared simple para una mejor experiencia de expreso.<\/li>\n<li><strong>PREINFUSI\u00d3N DIN\u00c1MICA<\/strong><br \/>\nCaf\u00e9 h\u00famedo uniformemente para la extracci\u00f3n correcta.<\/li>\n<li><strong>1 SEGUNDO INICIO R\u00c1PIDO<\/strong><br \/>\nEncienda la m\u00e1quina y comience a moler inmediatamente.<\/li>\n<li><strong>CONTROL ACTIVO DE TEMPERATURA<\/strong><br \/>\nProporciona estabilidad de temperatura ideal y 3 perfiles de temperatura para una extracci\u00f3n \u00f3ptima del caf\u00e9.<\/li>\n<li><strong>Mi varita de vapor LatteArt<\/strong><br \/>\nFacilita la obtenci\u00f3n de la textura de leche perfecta para caf\u00e9s con leche y capuchinos de calidad.<\/li>\n<li><strong>SIN TIEMPO DE ESPERA<\/strong><br \/>\nEntre la preparaci\u00f3n de espresso y la espumaci\u00f3n de la leche con el sistema de calentamiento dual.<\/li>\n<li><strong>F\u00c1CIL DE LIMPIAR<\/strong><br \/>\nVarilla de vapor y funci\u00f3n de autolimpieza de enjuague activo para Group Head<\/li>\n<\/ul>\n<div class=\"embedded-component-container lv product-features\"><\/div>\n","protected":false},"excerpt":{"rendered":"<p>La Specialista Prestigio es una m\u00e1quina de caf\u00e9 expreso bellamente dise\u00f1ada que le brinda m\u00e1s control para elaborar constantemente excelentes bebidas de caf\u00e9 expreso desde la comodidad de su hogar.\u00a0Hemos<\/p>\n","protected":false},"featured_media":65096,"comment_status":"open","ping_status":"closed","template":"","meta":{"_acf_changed":false,"_joinchat":[]},"product_brand":[],"product_cat":[1474,336,337,947],"product_tag":[],"class_list":{"0":"post-65095","1":"product","2":"type-product","3":"status-publish","4":"has-post-thumbnail","6":"product_cat-ofertas-primavera-electrodomesticos","7":"product_cat-hogar","8":"product_cat-cocina","9":"product_cat-teteras-maquinas-de-te-y-cafe","11":"first","12":"instock","13":"sale","14":"shipping-taxable","15":"purchasable","16":"product-type-simple"},"acf":[],"_links":{"self":[{"href":"https:\/\/defabrica.com.mx\/defabrica\/wp-json\/wp\/v2\/product\/65095","targetHints":{"allow":["GET"]}}],"collection":[{"href":"https:\/\/defabrica.com.mx\/defabrica\/wp-json\/wp\/v2\/product"}],"about":[{"href":"https:\/\/defabrica.com.mx\/defabrica\/wp-json\/wp\/v2\/types\/product"}],"replies":[{"embeddable":true,"href":"https:\/\/defabrica.com.mx\/defabrica\/wp-json\/wp\/v2\/comments?post=65095"}],"wp:featuredmedia":[{"embeddable":true,"href":"https:\/\/defabrica.com.mx\/defabrica\/wp-json\/wp\/v2\/media\/65096"}],"wp:attachment":[{"href":"https:\/\/defabrica.com.mx\/defabrica\/wp-json\/wp\/v2\/media?parent=65095"}],"wp:term":[{"taxonomy":"product_brand","embeddable":true,"href":"https:\/\/defabrica.com.mx\/defabrica\/wp-json\/wp\/v2\/product_brand?post=65095"},{"taxonomy":"product_cat","embeddable":true,"href":"https:\/\/defabrica.com.mx\/defabrica\/wp-json\/wp\/v2\/product_cat?post=65095"},{"taxonomy":"product_tag","embeddable":true,"href":"https:\/\/defabrica.com.mx\/defabrica\/wp-json\/wp\/v2\/product_tag?post=65095"}],"curies":[{"name":"wp","href":"https:\/\/api.w.org\/{rel}","templated":true}]}}