{"id":65092,"date":"2021-11-22T23:07:51","date_gmt":"2021-11-23T05:07:51","guid":{"rendered":"https:\/\/defabrica.com.mx\/defabrica\/?post_type=product&#038;p=65092"},"modified":"2023-01-14T14:38:35","modified_gmt":"2023-01-14T20:38:35","slug":"sennheiser-consumer-audio-cx-plus-auriculares-intraurales-bluetooth-para-musica-y-llamadas-con-cancelacion-activa-de-ruido-controles-tactiles-personalizables-ipx4-y-bateria-de-24-horas-negro","status":"publish","type":"product","link":"https:\/\/defabrica.com.mx\/defabrica\/producto\/sennheiser-consumer-audio-cx-plus-auriculares-intraurales-bluetooth-para-musica-y-llamadas-con-cancelacion-activa-de-ruido-controles-tactiles-personalizables-ipx4-y-bateria-de-24-horas-negro\/","title":{"rendered":"Sennheiser Consumer Audio CX Plus &#8211; Auriculares intraurales Bluetooth para m\u00fasica y Llamadas con cancelaci\u00f3n Activa de Ruido, Controles t\u00e1ctiles Personalizables, IPX4 y bater\u00eda de 24 Horas, Negro"},"content":{"rendered":"<div class=\"embedded-component-container lv product-description\">\n<div>\n<div id=\"shop-product-description-20815110\" class=\"None\" data-version=\"1.3.38\">\n<div class=\"shop-product-description\">\n<section class=\"align-heading-left\" data-reactroot=\"\">\n<div class=\"long-description-container body-copy \">\n<div class=\"html-fragment\">\n<div>\n<div>Cuando el sonido True Wireless supera todas las expectativas, est\u00e1 escuchando el CX Plus True Wireless de Sennheiser.\u00a0Ofrecen una experiencia de sonido emocionante y de alta calidad con cancelaci\u00f3n activa de ruido, interacci\u00f3n inteligente sin esfuerzo y un dise\u00f1o elegante para disfrutar todo el d\u00eda de manera sumamente c\u00f3moda.<\/div>\n<\/div>\n<\/div>\n<\/div>\n<\/section>\n<\/div>\n<\/div>\n<\/div>\n<\/div>\n<div class=\"embedded-component-container lv product-features\"><\/div>\n<div>\n<h3><\/h3>\n<h3 class=\"heading-5 v-fw-regular feature-heading\"><strong>Caracter\u00edsticas<\/strong><\/h3>\n<ul>\n<li><strong>Sonido superior Sennheiser<\/strong><br \/>\nDesarrollado por el transductor TrueResponse de Sennheiser para un sonido de alta fidelidad<\/li>\n<li><strong>Cancelaci\u00f3n activa de ruido y audici\u00f3n transparente<\/strong><br \/>\nBloquea el ruido o gana conciencia de los sonidos externos con un toque en cualquier entorno<\/li>\n<li><strong>Ecualizador incorporado y refuerzo de graves<\/strong><br \/>\nAjuste los niveles de ecualizador y refuerzo de graves para una experiencia de audio y sonido personalizada<\/li>\n<li><strong>IPX4<\/strong><br \/>\nResistencia a salpicaduras para un uso sin problemas mientras viaja, viaja o hace ejercicio<\/li>\n<li><strong>Dise\u00f1o compacto y ergon\u00f3mico<\/strong><br \/>\nCon 4 tama\u00f1os de adaptadores para los o\u00eddos para garantizar una comodidad \u00f3ptima y un ajuste seguro para cualquier persona<\/li>\n<li><strong>Duraci\u00f3n de la bater\u00eda<\/strong><br \/>\nHasta 8 horas y 24 horas de tiempo de reproducci\u00f3n con carga sobre la marcha a trav\u00e9s del estuche<\/li>\n<li><strong>Controles t\u00e1ctiles personalizables<\/strong><br \/>\nPersonalice los controles t\u00e1ctiles para m\u00fasica, llamadas y asistente de voz para que coincidan con las preferencias individuales para una operaci\u00f3n intuitiva<\/li>\n<li><strong>Uso independiente del auricular<\/strong><br \/>\nLa pr\u00e1ctica funci\u00f3n permite que los auriculares izquierdo y derecho se utilicen individualmente o como un par<\/li>\n<li><strong>Micr\u00f3fonos con reducci\u00f3n de ruido<\/strong><br \/>\nCaptura de voz n\u00edtida mediante micr\u00f3fonos de formaci\u00f3n de haz doble en cada auricular para garantizar llamadas optimizadas para voz y acceso al asistente de voz (Siri y Google Assistant)<\/li>\n<li><strong>Pausa inteligente<\/strong><br \/>\nLos auriculares hacen una pausa y reanudan la reproducci\u00f3n autom\u00e1ticamente cuando se sacan o se colocan en el o\u00eddo.<\/li>\n<li><strong>Gesti\u00f3n de conexiones<\/strong><br \/>\nLas conexiones Bluetooth se pueden administrar f\u00e1cilmente a trav\u00e9s de la aplicaci\u00f3n Sennheiser Smart Control<\/li>\n<\/ul>\n<\/div>\n","protected":false},"excerpt":{"rendered":"<p>Cuando el sonido True Wireless supera todas las expectativas, est\u00e1 escuchando el CX Plus True Wireless de Sennheiser.\u00a0Ofrecen una experiencia de sonido emocionante y de alta calidad con cancelaci\u00f3n activa<\/p>\n","protected":false},"featured_media":65116,"comment_status":"open","ping_status":"closed","template":"","meta":{"_acf_changed":false,"_joinchat":[]},"product_brand":[],"product_cat":[1476,294,300,304],"product_tag":[],"class_list":{"0":"post-65092","1":"product","2":"type-product","3":"status-publish","4":"has-post-thumbnail","6":"product_cat-ofertas-primavera-audio","7":"product_cat-audio","8":"product_cat-audifonos","9":"product_cat-inalambricos","11":"first","12":"instock","13":"sale","14":"shipping-taxable","15":"purchasable","16":"product-type-variable","17":"has-default-attributes"},"acf":[],"_links":{"self":[{"href":"https:\/\/defabrica.com.mx\/defabrica\/wp-json\/wp\/v2\/product\/65092","targetHints":{"allow":["GET"]}}],"collection":[{"href":"https:\/\/defabrica.com.mx\/defabrica\/wp-json\/wp\/v2\/product"}],"about":[{"href":"https:\/\/defabrica.com.mx\/defabrica\/wp-json\/wp\/v2\/types\/product"}],"replies":[{"embeddable":true,"href":"https:\/\/defabrica.com.mx\/defabrica\/wp-json\/wp\/v2\/comments?post=65092"}],"wp:featuredmedia":[{"embeddable":true,"href":"https:\/\/defabrica.com.mx\/defabrica\/wp-json\/wp\/v2\/media\/65116"}],"wp:attachment":[{"href":"https:\/\/defabrica.com.mx\/defabrica\/wp-json\/wp\/v2\/media?parent=65092"}],"wp:term":[{"taxonomy":"product_brand","embeddable":true,"href":"https:\/\/defabrica.com.mx\/defabrica\/wp-json\/wp\/v2\/product_brand?post=65092"},{"taxonomy":"product_cat","embeddable":true,"href":"https:\/\/defabrica.com.mx\/defabrica\/wp-json\/wp\/v2\/product_cat?post=65092"},{"taxonomy":"product_tag","embeddable":true,"href":"https:\/\/defabrica.com.mx\/defabrica\/wp-json\/wp\/v2\/product_tag?post=65092"}],"curies":[{"name":"wp","href":"https:\/\/api.w.org\/{rel}","templated":true}]}}