{"id":65047,"date":"2021-11-22T22:51:16","date_gmt":"2021-11-23T04:51:16","guid":{"rendered":"https:\/\/defabrica.com.mx\/defabrica\/?post_type=product&#038;p=65047"},"modified":"2023-01-14T14:41:42","modified_gmt":"2023-01-14T20:41:42","slug":"ninja-dz100-foodi-freidora-de-aire-con-dos-cestas-con-tecnologia-dualzone-4-en-1-8-litros","status":"publish","type":"product","link":"https:\/\/defabrica.com.mx\/defabrica\/producto\/ninja-dz100-foodi-freidora-de-aire-con-dos-cestas-con-tecnologia-dualzone-4-en-1-8-litros\/","title":{"rendered":"Ninja DZ100 Foodi &#8211; Freidora de aire con dos cestas con tecnolog\u00eda DualZone 4 en 1, 8 litros"},"content":{"rendered":"<div class=\"embedded-component-container lv product-description\">\n<div>\n<div id=\"shop-product-description-67728154\" class=\"None\" data-version=\"1.3.38\">\n<div class=\"shop-product-description\">\n<section class=\"align-heading-left\" data-reactroot=\"\">\n<div class=\"long-description-container body-copy \">\n<div class=\"html-fragment\">\n<div>\n<div>\n<p>Ninja\u00ae Foodi\u00ae 6 en 1 de 8 cuartos de gal\u00f3n.\u00a0Freidora de aire de 2 cestas con tecnolog\u00eda DualZone \u2122.\u00a0La primera freidora de aire con 2 cestas independientes que le permiten cocinar 2 alimentos a la vez, no una tras otra como una freidora de aire tradicional de una sola cesta.<\/p>\n<p>&nbsp;<\/p>\n<\/div>\n<\/div>\n<\/div>\n<\/div>\n<\/section>\n<\/div>\n<\/div>\n<\/div>\n<\/div>\n<h3><strong>Caracter\u00edsticas<\/strong><\/h3>\n<ul>\n<li><strong>La primera freidora de aire con 2 cestas de cocci\u00f3n independientes<\/strong><br \/>\nDoble 4 cuartos de gal\u00f3n. las cestas para cocinar proporcionan tama\u00f1o XL de 8 cuartos de gal\u00f3n. de capacidad y te permite cocinar 2 alimentos, 2 formas, y terminar al mismo tiempo.<\/li>\n<li><strong>Tecnolog\u00eda DualZone \u2122<\/strong><br \/>\nLa tecnolog\u00eda DualZone \u2122 presenta Smart Finish, que sincroniza inteligentemente los ajustes en cada zona para que ambos alimentos se cocinen con precisi\u00f3n y terminen juntos. Match Cook sincroniza f\u00e1cilmente la configuraci\u00f3n entre zonas para obtener el doble de capacidad.<\/li>\n<li><strong>Versatilidad 6 en 1<\/strong><br \/>\nFre\u00edr al aire, asar al aire, asar, hornear, recalentar y deshidratar.<\/li>\n<li><strong>8 cuartos de gal\u00f3n Capacidad XL<\/strong><br \/>\nSe ajusta a hasta 4 libras. de papas fritas o alitas al mismo tiempo, eliminando la necesidad de cocinar una tras otra.<\/li>\n<li><strong>Dos zonas de cocci\u00f3n independientes<\/strong><br \/>\nCada 4 cuartos de gal\u00f3n. La zona tiene su propio ventilador cicl\u00f3nico y calentador r\u00e1pido para permitirle cocinar 2 alimentos, de 2 maneras al mismo tiempo.<\/li>\n<li><strong>F\u00e1cil de limpiar<\/strong><br \/>\nLas cestas para cocinar son antiadherentes y los platos para verduras se pueden lavar en el lavavajillas.<\/li>\n<li><strong>Amplio rango de temperatura<\/strong><br \/>\nLos ajustes de temperatura en las funciones de cocci\u00f3n oscilan entre 105 \u00b0 F y 450 \u00b0 F.<\/li>\n<\/ul>\n","protected":false},"excerpt":{"rendered":"<p>Ninja\u00ae Foodi\u00ae 6 en 1 de 8 cuartos de gal\u00f3n.\u00a0Freidora de aire de 2 cestas con tecnolog\u00eda DualZone \u2122.\u00a0La primera freidora de aire con 2 cestas independientes que le permiten<\/p>\n","protected":false},"featured_media":65048,"comment_status":"open","ping_status":"closed","template":"","meta":{"_acf_changed":false,"_joinchat":[]},"product_brand":[],"product_cat":[1474,336,337,338,950],"product_tag":[],"class_list":{"0":"post-65047","1":"product","2":"type-product","3":"status-publish","4":"has-post-thumbnail","6":"product_cat-ofertas-primavera-electrodomesticos","7":"product_cat-hogar","8":"product_cat-cocina","9":"product_cat-electrodomesticos","10":"product_cat-freidoras","12":"first","13":"instock","14":"sale","15":"shipping-taxable","16":"purchasable","17":"product-type-simple"},"acf":[],"_links":{"self":[{"href":"https:\/\/defabrica.com.mx\/defabrica\/wp-json\/wp\/v2\/product\/65047","targetHints":{"allow":["GET"]}}],"collection":[{"href":"https:\/\/defabrica.com.mx\/defabrica\/wp-json\/wp\/v2\/product"}],"about":[{"href":"https:\/\/defabrica.com.mx\/defabrica\/wp-json\/wp\/v2\/types\/product"}],"replies":[{"embeddable":true,"href":"https:\/\/defabrica.com.mx\/defabrica\/wp-json\/wp\/v2\/comments?post=65047"}],"wp:featuredmedia":[{"embeddable":true,"href":"https:\/\/defabrica.com.mx\/defabrica\/wp-json\/wp\/v2\/media\/65048"}],"wp:attachment":[{"href":"https:\/\/defabrica.com.mx\/defabrica\/wp-json\/wp\/v2\/media?parent=65047"}],"wp:term":[{"taxonomy":"product_brand","embeddable":true,"href":"https:\/\/defabrica.com.mx\/defabrica\/wp-json\/wp\/v2\/product_brand?post=65047"},{"taxonomy":"product_cat","embeddable":true,"href":"https:\/\/defabrica.com.mx\/defabrica\/wp-json\/wp\/v2\/product_cat?post=65047"},{"taxonomy":"product_tag","embeddable":true,"href":"https:\/\/defabrica.com.mx\/defabrica\/wp-json\/wp\/v2\/product_tag?post=65047"}],"curies":[{"name":"wp","href":"https:\/\/api.w.org\/{rel}","templated":true}]}}