{"id":65032,"date":"2021-11-22T22:45:41","date_gmt":"2021-11-23T04:45:41","guid":{"rendered":"https:\/\/defabrica.com.mx\/defabrica\/?post_type=product&#038;p=65032"},"modified":"2023-01-14T14:39:46","modified_gmt":"2023-01-14T20:39:46","slug":"amazon-2021-fire-hd-10-10-1-tab-32-gb","status":"publish","type":"product","link":"https:\/\/defabrica.com.mx\/defabrica\/producto\/amazon-2021-fire-hd-10-10-1-tab-32-gb\/","title":{"rendered":"Amazon &#8211; (2021) Fire HD 10 \u2013 10.1\u201d \u2013 Tab \u2013 32 GB"},"content":{"rendered":"<div class=\"embedded-component-container lv product-description\">\n<div>\n<div id=\"shop-product-description-40923251\" class=\"None\" data-version=\"1.3.38\">\n<div class=\"shop-product-description\">\n<section class=\"align-heading-left\" data-reactroot=\"\">\n<div class=\"long-description-container body-copy \">\n<div class=\"html-fragment\">\n<div>\n<div>\n<p>Brillante, r\u00e1pido y receptivo.\u00a0Vibrante pantalla Full HD de 10,1 \u201d1080p y potente rendimiento gracias a 3 GB de RAM y un procesador de ocho n\u00facleos.\u00a0Genial para llevar.\u00a0Disfrute de hasta 12 horas de lectura, navegue por la web a trav\u00e9s de wifi, vea videos y escuche m\u00fasica desde cualquier lugar.\u00a0Vuelva a encender a trav\u00e9s del puerto USB-C (2.0).\u00a0Amazon dise\u00f1a tabletas Fire para resistir la vida cotidiana.\u00a0Seg\u00fan lo medido en las pruebas de ca\u00edda, Fire HD 10 es 1,7 veces m\u00e1s duradero que el \u00faltimo iPad de 10,2 pulgadas.\u00a0Pantalla realizada con vidrio de aluminosilicato reforzado.<\/p>\n<p>&nbsp;<\/p>\n<\/div>\n<\/div>\n<\/div>\n<\/div>\n<\/section>\n<\/div>\n<\/div>\n<\/div>\n<\/div>\n<h3><strong>Caracter\u00edsticas<\/strong><\/h3>\n<ul>\n<li><strong>R\u00e1pido y receptivo<\/strong><br \/>\nPotente procesador octa-core y 3 GB de RAM. 50% m\u00e1s de RAM que la generaci\u00f3n anterior.<\/li>\n<li><strong>Bater\u00eda de larga duraci\u00f3n<\/strong><br \/>\nBater\u00eda de 12 horas y almacenamiento interno de 32 o 64 GB. Agregue hasta 1 TB con microSD (se vende por separado).<\/li>\n<li><strong>Pantalla m\u00e1s brillante<\/strong><br \/>\nLa v\u00edvida pantalla Full HD de 10.1 \u00ab1080p es un 10% m\u00e1s brillante que la generaci\u00f3n anterior, con m\u00e1s de 2 millones de p\u00edxeles.<\/li>\n<li><strong>Disfruta de tus aplicaciones favoritas<\/strong><br \/>\nNetflix, Facebook, Hulu, Instagram, TikTok y m\u00e1s a trav\u00e9s de la tienda de aplicaciones de Amazon (Google Play no es compatible. Se requiere suscripci\u00f3n para algunas aplicaciones).<\/li>\n<li><strong>Mantente conectado<\/strong><br \/>\nDescargue aplicaciones como Zoom o p\u00eddale a Alexa que haga videollamadas a amigos y familiares.<\/li>\n<li><strong>Haz m\u00e1s cosas<\/strong><br \/>\nConsulte el correo electr\u00f3nico, actualice las listas de compras y establezca recordatorios. Utilice sus aplicaciones favoritas como Microsoft Office, Evernote y Dropbox.<\/li>\n<li><strong>Manos libres con Alexa<\/strong><br \/>\nIncluyendo encendido \/ apagado \/ alternar<\/li>\n<li><strong>M\u00e1s delgado y ligero<\/strong><br \/>\nM\u00e1s delgado y liviano que la generaci\u00f3n anterior. Pantalla realizada con vidrio de aluminosilicato reforzado.<\/li>\n<li><strong>Pantalla dividida<\/strong><br \/>\nFunci\u00f3n completamente nueva para Fire OS que muestra dos aplicaciones compatibles, como Facebook Messenger y Prime Video, abiertas una al lado de la otra para facilitar la multitarea.<\/li>\n<\/ul>\n","protected":false},"excerpt":{"rendered":"<p>Brillante, r\u00e1pido y receptivo.\u00a0Vibrante pantalla Full HD de 10,1 \u201d1080p y potente rendimiento gracias a 3 GB de RAM y un procesador de ocho n\u00facleos.\u00a0Genial para llevar.\u00a0Disfrute de hasta 12<\/p>\n","protected":false},"featured_media":65245,"comment_status":"open","ping_status":"closed","template":"","meta":{"_acf_changed":false,"_joinchat":[]},"product_brand":[],"product_cat":[1453,1472,408,409,261,410],"product_tag":[],"class_list":{"0":"post-65032","1":"product","2":"type-product","3":"status-publish","4":"has-post-thumbnail","6":"product_cat-black-friday","7":"product_cat-ofertas-primavera-tablets","8":"product_cat-celulares-y-tablets","9":"product_cat-tablets-y-ipad","10":"product_cat-amazon","11":"product_cat-todas-las-tablets","13":"first","14":"instock","15":"sale","16":"shipping-taxable","17":"purchasable","18":"product-type-simple"},"acf":[],"_links":{"self":[{"href":"https:\/\/defabrica.com.mx\/defabrica\/wp-json\/wp\/v2\/product\/65032","targetHints":{"allow":["GET"]}}],"collection":[{"href":"https:\/\/defabrica.com.mx\/defabrica\/wp-json\/wp\/v2\/product"}],"about":[{"href":"https:\/\/defabrica.com.mx\/defabrica\/wp-json\/wp\/v2\/types\/product"}],"replies":[{"embeddable":true,"href":"https:\/\/defabrica.com.mx\/defabrica\/wp-json\/wp\/v2\/comments?post=65032"}],"wp:featuredmedia":[{"embeddable":true,"href":"https:\/\/defabrica.com.mx\/defabrica\/wp-json\/wp\/v2\/media\/65245"}],"wp:attachment":[{"href":"https:\/\/defabrica.com.mx\/defabrica\/wp-json\/wp\/v2\/media?parent=65032"}],"wp:term":[{"taxonomy":"product_brand","embeddable":true,"href":"https:\/\/defabrica.com.mx\/defabrica\/wp-json\/wp\/v2\/product_brand?post=65032"},{"taxonomy":"product_cat","embeddable":true,"href":"https:\/\/defabrica.com.mx\/defabrica\/wp-json\/wp\/v2\/product_cat?post=65032"},{"taxonomy":"product_tag","embeddable":true,"href":"https:\/\/defabrica.com.mx\/defabrica\/wp-json\/wp\/v2\/product_tag?post=65032"}],"curies":[{"name":"wp","href":"https:\/\/api.w.org\/{rel}","templated":true}]}}