{"id":64997,"date":"2021-11-22T22:36:41","date_gmt":"2021-11-23T04:36:41","guid":{"rendered":"https:\/\/defabrica.com.mx\/defabrica\/?post_type=product&#038;p=64997"},"modified":"2022-12-07T15:05:00","modified_gmt":"2022-12-07T21:05:00","slug":"amazon-fire-7-tab-2019-7-16gb-1gb-ram","status":"publish","type":"product","link":"https:\/\/defabrica.com.mx\/defabrica\/producto\/amazon-fire-7-tab-2019-7-16gb-1gb-ram\/","title":{"rendered":"Amazon Fire 7 Tab 2019  7&#8243; 16GB &#8211; 1GB RAM"},"content":{"rendered":"<div>\n<div>\n<p>Lea libros y navegue por la web con esta tableta Amazon Fire 7.\u00a0La pantalla IPS de 7 pulgadas ofrece texto claro e im\u00e1genes n\u00edtidas, y la potente bater\u00eda ofrece hasta 7 horas de uso por carga.\u00a0Un procesador de 1,3 GHz y 1 GB de RAM garantizan un rendimiento fluido y permiten que esta tableta Amazon Fire 7 se encargue de las tareas m\u00e1s exigentes.<\/p>\n<p>&nbsp;<\/p>\n<\/div>\n<\/div>\n<h3><strong>Caracter\u00edsticas<\/strong><\/h3>\n<ul>\n<li><strong>Conoce a Alexa:<\/strong> Alexa te conecta con la informaci\u00f3n, el entretenimiento y las personas que m\u00e1s te importan con solo tu voz. Solicite reproducir videos y m\u00fasica, abrir aplicaciones, comprar en l\u00ednea, consultar el clima, llamar o enviar mensajes a casi cualquier persona y mucho m\u00e1s. Simplemente diga \u00abAlexa\u00bb, incluso cuando la pantalla est\u00e9 inactiva.<\/li>\n<li><strong>Dise\u00f1ado para entretenimiento<\/strong><br \/>\nDisfrute de millones de pel\u00edculas, episodios de televisi\u00f3n, juegos, aplicaciones, libros electr\u00f3nicos y canciones. Transmita o descargue miles de videos de Prime Video, Netflix, STARZ, Disney + y SHOWTIME.<\/li>\n<li><strong>Sistema operativo Android personalizado para Amazon<\/strong><br \/>\nAcceda instant\u00e1neamente a sus aplicaciones favoritas a trav\u00e9s de la tienda de aplicaciones de Amazon.<\/li>\n<li><strong>Pantalla IPS de 7 \u00abcon resoluci\u00f3n de 1024 x 600<\/strong><br \/>\nResoluci\u00f3n n\u00edtida y brillante para ver pel\u00edculas, navegar por la web, leer libros y m\u00e1s. El filtro polarizador avanzado ofrece una visibilidad clara incluso con luz solar intensa.<\/li>\n<li><strong>Almacenamiento interno de 16GB m\u00e1s ranura microSD<\/strong><br \/>\nDisfrute de mucho espacio para m\u00fasica, pel\u00edculas, fotos y m\u00e1s. Ampl\u00ede su almacenamiento hasta 512 GB con una tarjeta microSD (se vende por separado).<\/li>\n<li><strong>Procesador de cuatro n\u00facleos<\/strong><br \/>\nEl r\u00e1pido procesador de cuatro n\u00facleos consta de cuatro n\u00facleos de 1,3 GHz de alto rendimiento para lanzamientos r\u00e1pidos de aplicaciones, juegos y videos fluidos y un excelente rendimiento general.<\/li>\n<li><strong>C\u00e1maras duales para fotos y chat cara a cara<\/strong><\/li>\n<\/ul>\n<div><\/div>\n","protected":false},"excerpt":{"rendered":"<p>Lea libros y navegue por la web con esta tableta Amazon Fire 7.\u00a0La pantalla IPS de 7 pulgadas ofrece texto claro e im\u00e1genes n\u00edtidas, y la potente bater\u00eda ofrece hasta<\/p>\n","protected":false},"featured_media":65000,"comment_status":"open","ping_status":"closed","template":"","meta":{"_acf_changed":false,"_joinchat":[]},"product_brand":[],"product_cat":[1472,408,409,261,410],"product_tag":[],"class_list":{"0":"post-64997","1":"product","2":"type-product","3":"status-publish","4":"has-post-thumbnail","6":"product_cat-ofertas-primavera-tablets","7":"product_cat-celulares-y-tablets","8":"product_cat-tablets-y-ipad","9":"product_cat-amazon","10":"product_cat-todas-las-tablets","12":"first","13":"instock","14":"sale","15":"shipping-taxable","16":"purchasable","17":"product-type-simple"},"acf":[],"_links":{"self":[{"href":"https:\/\/defabrica.com.mx\/defabrica\/wp-json\/wp\/v2\/product\/64997","targetHints":{"allow":["GET"]}}],"collection":[{"href":"https:\/\/defabrica.com.mx\/defabrica\/wp-json\/wp\/v2\/product"}],"about":[{"href":"https:\/\/defabrica.com.mx\/defabrica\/wp-json\/wp\/v2\/types\/product"}],"replies":[{"embeddable":true,"href":"https:\/\/defabrica.com.mx\/defabrica\/wp-json\/wp\/v2\/comments?post=64997"}],"wp:featuredmedia":[{"embeddable":true,"href":"https:\/\/defabrica.com.mx\/defabrica\/wp-json\/wp\/v2\/media\/65000"}],"wp:attachment":[{"href":"https:\/\/defabrica.com.mx\/defabrica\/wp-json\/wp\/v2\/media?parent=64997"}],"wp:term":[{"taxonomy":"product_brand","embeddable":true,"href":"https:\/\/defabrica.com.mx\/defabrica\/wp-json\/wp\/v2\/product_brand?post=64997"},{"taxonomy":"product_cat","embeddable":true,"href":"https:\/\/defabrica.com.mx\/defabrica\/wp-json\/wp\/v2\/product_cat?post=64997"},{"taxonomy":"product_tag","embeddable":true,"href":"https:\/\/defabrica.com.mx\/defabrica\/wp-json\/wp\/v2\/product_tag?post=64997"}],"curies":[{"name":"wp","href":"https:\/\/api.w.org\/{rel}","templated":true}]}}