{"id":64981,"date":"2021-11-22T22:04:22","date_gmt":"2021-11-23T04:04:22","guid":{"rendered":"https:\/\/defabrica.com.mx\/defabrica\/?post_type=product&#038;p=64981"},"modified":"2023-01-14T14:38:04","modified_gmt":"2023-01-14T20:38:04","slug":"jbl-reflect-mini-true-wireless-nc-sport-headphones","status":"publish","type":"product","link":"https:\/\/defabrica.com.mx\/defabrica\/producto\/jbl-reflect-mini-true-wireless-nc-sport-headphones\/","title":{"rendered":"JBL &#8211; Reflect Mini True Wireless NC Sport Headphones"},"content":{"rendered":"<p>Dise\u00f1ado para el movimiento, definido por ti.\u00a0Ya sea que te guste el yoga, la carrera o la barra, los auriculares deportivos internos JBL Reflect Mini NC son el accesorio perfecto para tu estilo de vida deportivo.\u00a0La cancelaci\u00f3n activa de ruido le permite concentrarse en su objetivo de acondicionamiento f\u00edsico sin distracciones, mientras que la tecnolog\u00eda Smart Ambient lo mantiene al tanto de su entorno o le permite conversar con un amigo.\u00a0Cada auricular se conecta de forma inmediata e independiente, por lo que puede recibir llamadas con cualquiera de ellos y asignar funciones \u00fanicas a la izquierda y a la derecha.\u00a0Con 21 horas de tiempo de reproducci\u00f3n, diferentes opciones de colores reflectantes y una clasificaci\u00f3n de resistencia al agua IPX7, son los auriculares deportivos internos inal\u00e1mbricos definitivos.<\/p>\n<h3 class=\"heading-5 v-fw-regular feature-heading\"><strong>Caracter\u00edsticas<\/strong><\/h3>\n<ul>\n<li><strong>21 horas de tiempo de juego (7 horas en Buds \/ 14 horas en caso<\/strong><br \/>\nLa larga duraci\u00f3n de la bater\u00eda te permite jugar mucho m\u00e1s tiempo y esforzarte mucho m\u00e1s sin tener que detenerte y tomarte un tiempo para recargar.<\/li>\n<li><strong>Cancelaci\u00f3n activa de ruido con ambiente inteligente<\/strong><br \/>\nBloquea lo que no quieres o escucha m\u00e1s de lo que haces. La tecnolog\u00eda Smart Ambient te permite correr de forma segura en la calle o ponerte al d\u00eda con tus amigos mientras haces tu entrenamiento.<\/li>\n<li><strong>Aleta de oreja para un ajuste seguro<\/strong><br \/>\nElija entre tres estabilizadores de aleta de oreja diferentes para encontrar un ajuste perfecto, estable y c\u00f3modo.<\/li>\n<li><strong>Sonido caracter\u00edstico de JBL<\/strong><br \/>\nEl sonido superior para escuchar tanto en interiores como en exteriores le brinda el tipo de enfoque y motivaci\u00f3n adecuados para cualquier situaci\u00f3n, ya sea que se encuentre en lugares cerrados o al aire libre.<\/li>\n<li><strong>Multi AI incorporado<\/strong><br \/>\nMantenlo simple. Nunca est\u00e1s a m\u00e1s de una palabra de Hey Google o Amazon Alexa, eso est\u00e1 ah\u00ed para hacer que todo lo que quieras hacer sea muy f\u00e1cil.<\/li>\n<li><strong>Impermeable con detalles reflectantes<\/strong><br \/>\nAdelante. M\u00f3jese todo lo que quiera sin preocuparse, gracias a la clasificaci\u00f3n IPX7 a prueba de agua \/ sudor. Y con un logotipo reflectante de JBL para una mejor visibilidad y una selecci\u00f3n de colores fr\u00edos, puede ser elegante y preocupado por la seguridad al mismo tiempo.<\/li>\n<li><strong>Tecnolog\u00eda Dual Connect + Sync<\/strong><br \/>\nNo importa qu\u00e9 auricular saque primero del estuche. Puede recibir llamadas, ajustar el volumen o usar su asistente de voz en cualquier o\u00eddo, para que pueda mantenerse flexible y nunca perder el impulso.<\/li>\n<li><strong>Llamadas est\u00e9reo con manos libres con pausa autom\u00e1tica<\/strong><br \/>\nTus auriculares internos est\u00e1n puestos. Sus micr\u00f3fonos izquierdo y derecho te recogen en est\u00e9reo para tus llamadas telef\u00f3nicas. Qu\u00edtelos y pondr\u00e1n su m\u00fasica en espera. Ni siquiera necesitas pensar en eso.<\/li>\n<li><strong>Mis auriculares JBL<\/strong><br \/>\nObtenga a\u00fan m\u00e1s control y personalizaci\u00f3n de su experiencia auditiva con esta aplicaci\u00f3n gratuita.<\/li>\n<\/ul>\n","protected":false},"excerpt":{"rendered":"<p>Dise\u00f1ado para el movimiento, definido por ti.\u00a0Ya sea que te guste el yoga, la carrera o la barra, los auriculares deportivos internos JBL Reflect Mini NC son el accesorio perfecto<\/p>\n","protected":false},"featured_media":64985,"comment_status":"open","ping_status":"closed","template":"","meta":{"_acf_changed":false,"_joinchat":[]},"product_brand":[],"product_cat":[1476,294,300,304],"product_tag":[],"class_list":{"0":"post-64981","1":"product","2":"type-product","3":"status-publish","4":"has-post-thumbnail","6":"product_cat-ofertas-primavera-audio","7":"product_cat-audio","8":"product_cat-audifonos","9":"product_cat-inalambricos","11":"first","12":"instock","13":"sale","14":"shipping-taxable","15":"purchasable","16":"product-type-simple"},"acf":[],"_links":{"self":[{"href":"https:\/\/defabrica.com.mx\/defabrica\/wp-json\/wp\/v2\/product\/64981","targetHints":{"allow":["GET"]}}],"collection":[{"href":"https:\/\/defabrica.com.mx\/defabrica\/wp-json\/wp\/v2\/product"}],"about":[{"href":"https:\/\/defabrica.com.mx\/defabrica\/wp-json\/wp\/v2\/types\/product"}],"replies":[{"embeddable":true,"href":"https:\/\/defabrica.com.mx\/defabrica\/wp-json\/wp\/v2\/comments?post=64981"}],"wp:featuredmedia":[{"embeddable":true,"href":"https:\/\/defabrica.com.mx\/defabrica\/wp-json\/wp\/v2\/media\/64985"}],"wp:attachment":[{"href":"https:\/\/defabrica.com.mx\/defabrica\/wp-json\/wp\/v2\/media?parent=64981"}],"wp:term":[{"taxonomy":"product_brand","embeddable":true,"href":"https:\/\/defabrica.com.mx\/defabrica\/wp-json\/wp\/v2\/product_brand?post=64981"},{"taxonomy":"product_cat","embeddable":true,"href":"https:\/\/defabrica.com.mx\/defabrica\/wp-json\/wp\/v2\/product_cat?post=64981"},{"taxonomy":"product_tag","embeddable":true,"href":"https:\/\/defabrica.com.mx\/defabrica\/wp-json\/wp\/v2\/product_tag?post=64981"}],"curies":[{"name":"wp","href":"https:\/\/api.w.org\/{rel}","templated":true}]}}