{"id":64904,"date":"2021-11-22T21:10:45","date_gmt":"2021-11-23T03:10:45","guid":{"rendered":"https:\/\/defabrica.com.mx\/defabrica\/?post_type=product&#038;p=64904"},"modified":"2023-01-14T14:36:25","modified_gmt":"2023-01-14T20:36:25","slug":"skullcandy-indy-true-auriculares-in-ear-inalambricos","status":"publish","type":"product","link":"https:\/\/defabrica.com.mx\/defabrica\/producto\/skullcandy-indy-true-auriculares-in-ear-inalambricos\/","title":{"rendered":"SKULLCANDY Indy True &#8211; Auriculares in-Ear inal\u00e1mbricos"},"content":{"rendered":"<div class=\"embedded-component-container lv product-description\">\n<div>\n<div id=\"shop-product-description-80048196\" class=\"None\" data-version=\"1.3.38\">\n<div class=\"shop-product-description\">\n<section class=\"align-heading-left\" data-reactroot=\"\">\n<div class=\"long-description-container body-copy \">\n<div class=\"html-fragment\">\n<div>\n<div>Indy \u2122 Evo te permite estar totalmente inal\u00e1mbrico sin ajustarte a la gran norma de blancos.\u00a0Estos son la verdadera alternativa a los preciosos y caros auriculares que tiene miedo de usar, perder, o ambos.<\/div>\n<\/div>\n<\/div>\n<\/div>\n<\/section>\n<\/div>\n<\/div>\n<\/div>\n<\/div>\n<div class=\"embedded-component-container lv product-features\"><\/div>\n<div>\n<h3><\/h3>\n<h3 class=\"heading-5 v-fw-regular feature-heading\"><strong>Caracter\u00edsticas<\/strong><\/h3>\n<ul>\n<li><strong>Bater\u00eda recargable<\/strong><br \/>\n30 horas de bater\u00eda total + carga r\u00e1pida<\/li>\n<li><strong>Controles de auriculares<\/strong><br \/>\nLlamada, seguimiento y volumen a trav\u00e9s de controles t\u00e1ctiles<\/li>\n<li><strong>Dise\u00f1o en la oreja<\/strong><br \/>\n3 modos de ecualizaci\u00f3n (m\u00fasica, pel\u00edculas, podcast)<\/li>\n<li><strong>Nunca perdido con Tile \u2122<\/strong><br \/>\nEncuentra tus auriculares con Tile \u2122<\/li>\n<\/ul>\n<\/div>\n","protected":false},"excerpt":{"rendered":"<p>Indy \u2122 Evo te permite estar totalmente inal\u00e1mbrico sin ajustarte a la gran norma de blancos.\u00a0Estos son la verdadera alternativa a los preciosos y caros auriculares que tiene miedo de<\/p>\n","protected":false},"featured_media":64930,"comment_status":"open","ping_status":"closed","template":"","meta":{"_acf_changed":false,"_joinchat":[]},"product_brand":[],"product_cat":[1476,294,300,304],"product_tag":[],"class_list":{"0":"post-64904","1":"product","2":"type-product","3":"status-publish","4":"has-post-thumbnail","6":"product_cat-ofertas-primavera-audio","7":"product_cat-audio","8":"product_cat-audifonos","9":"product_cat-inalambricos","11":"first","12":"instock","13":"sale","14":"shipping-taxable","15":"purchasable","16":"product-type-variable","17":"has-default-attributes"},"acf":[],"_links":{"self":[{"href":"https:\/\/defabrica.com.mx\/defabrica\/wp-json\/wp\/v2\/product\/64904","targetHints":{"allow":["GET"]}}],"collection":[{"href":"https:\/\/defabrica.com.mx\/defabrica\/wp-json\/wp\/v2\/product"}],"about":[{"href":"https:\/\/defabrica.com.mx\/defabrica\/wp-json\/wp\/v2\/types\/product"}],"replies":[{"embeddable":true,"href":"https:\/\/defabrica.com.mx\/defabrica\/wp-json\/wp\/v2\/comments?post=64904"}],"wp:featuredmedia":[{"embeddable":true,"href":"https:\/\/defabrica.com.mx\/defabrica\/wp-json\/wp\/v2\/media\/64930"}],"wp:attachment":[{"href":"https:\/\/defabrica.com.mx\/defabrica\/wp-json\/wp\/v2\/media?parent=64904"}],"wp:term":[{"taxonomy":"product_brand","embeddable":true,"href":"https:\/\/defabrica.com.mx\/defabrica\/wp-json\/wp\/v2\/product_brand?post=64904"},{"taxonomy":"product_cat","embeddable":true,"href":"https:\/\/defabrica.com.mx\/defabrica\/wp-json\/wp\/v2\/product_cat?post=64904"},{"taxonomy":"product_tag","embeddable":true,"href":"https:\/\/defabrica.com.mx\/defabrica\/wp-json\/wp\/v2\/product_tag?post=64904"}],"curies":[{"name":"wp","href":"https:\/\/api.w.org\/{rel}","templated":true}]}}