{"id":64896,"date":"2021-11-22T20:59:32","date_gmt":"2021-11-23T02:59:32","guid":{"rendered":"https:\/\/defabrica.com.mx\/defabrica\/?post_type=product&#038;p=64896"},"modified":"2022-12-07T14:48:58","modified_gmt":"2022-12-07T20:48:58","slug":"nerf-n-strike-mega-mastodon","status":"publish","type":"product","link":"https:\/\/defabrica.com.mx\/defabrica\/producto\/nerf-n-strike-mega-mastodon\/","title":{"rendered":"Nerf N-Strike Mega Mastodon"},"content":{"rendered":"<p>\u00a1Es Nerf o nada!\u00a0Nerf es la marca definitiva para juegos activos y divertidos.\u00a0L\u00e1nzate a batallas incre\u00edbles con los blasters de dardos Nerf construidos con la tecnolog\u00eda de blaster m\u00e1s avanzada de la actualidad.\u00a0\u00danase al equipo N-Strike Elite con lanzadores de dardos que cuentan con distancia mejorada y el revolucionario Elite Dart.\u00a0Los bl\u00e1sters Nerf Mega Series cuentan con dardos m\u00e1s grandes para batallas m\u00e1s grandes.\u00a0La competencia contin\u00faa con el equipo Nerf Sports dise\u00f1ado para que puedas jugar como los profesionales.\u00a0\u00bfQue estas esperando?\u00a0\u00a1Coge tu equipo, dispara y convi\u00e9rtete en parte de Nerf Nation!<\/p>\n","protected":false},"excerpt":{"rendered":"<p>\u00a1Es Nerf o nada!\u00a0Nerf es la marca definitiva para juegos activos y divertidos.\u00a0L\u00e1nzate a batallas incre\u00edbles con los blasters de dardos Nerf construidos con la tecnolog\u00eda de blaster m\u00e1s avanzada<\/p>\n","protected":false},"featured_media":64790,"comment_status":"open","ping_status":"closed","template":"","meta":{"_acf_changed":false,"_joinchat":[]},"product_brand":[],"product_cat":[1519,886,1097,1190],"product_tag":[],"class_list":{"0":"post-64896","1":"product","2":"type-product","3":"status-publish","4":"has-post-thumbnail","6":"product_cat-ofertas-jugycol","7":"product_cat-juguetesycoleccionables","8":"product_cat-juguetes","9":"product_cat-lanzadores","11":"first","12":"instock","13":"sale","14":"shipping-taxable","15":"purchasable","16":"product-type-simple"},"acf":[],"_links":{"self":[{"href":"https:\/\/defabrica.com.mx\/defabrica\/wp-json\/wp\/v2\/product\/64896","targetHints":{"allow":["GET"]}}],"collection":[{"href":"https:\/\/defabrica.com.mx\/defabrica\/wp-json\/wp\/v2\/product"}],"about":[{"href":"https:\/\/defabrica.com.mx\/defabrica\/wp-json\/wp\/v2\/types\/product"}],"replies":[{"embeddable":true,"href":"https:\/\/defabrica.com.mx\/defabrica\/wp-json\/wp\/v2\/comments?post=64896"}],"wp:featuredmedia":[{"embeddable":true,"href":"https:\/\/defabrica.com.mx\/defabrica\/wp-json\/wp\/v2\/media\/64790"}],"wp:attachment":[{"href":"https:\/\/defabrica.com.mx\/defabrica\/wp-json\/wp\/v2\/media?parent=64896"}],"wp:term":[{"taxonomy":"product_brand","embeddable":true,"href":"https:\/\/defabrica.com.mx\/defabrica\/wp-json\/wp\/v2\/product_brand?post=64896"},{"taxonomy":"product_cat","embeddable":true,"href":"https:\/\/defabrica.com.mx\/defabrica\/wp-json\/wp\/v2\/product_cat?post=64896"},{"taxonomy":"product_tag","embeddable":true,"href":"https:\/\/defabrica.com.mx\/defabrica\/wp-json\/wp\/v2\/product_tag?post=64896"}],"curies":[{"name":"wp","href":"https:\/\/api.w.org\/{rel}","templated":true}]}}