{"id":64774,"date":"2021-11-22T20:06:57","date_gmt":"2021-11-23T02:06:57","guid":{"rendered":"https:\/\/defabrica.com.mx\/defabrica\/?post_type=product&#038;p=64774"},"modified":"2023-01-14T14:35:30","modified_gmt":"2023-01-14T20:35:30","slug":"sony-wf-1000xm3-audifonos-bluetooth-internos-con-noise-cancelling-control-por-voz-y-microfono-para-llamadas-con-manos-libres","status":"publish","type":"product","link":"https:\/\/defabrica.com.mx\/defabrica\/producto\/sony-wf-1000xm3-audifonos-bluetooth-internos-con-noise-cancelling-control-por-voz-y-microfono-para-llamadas-con-manos-libres\/","title":{"rendered":"Sony WF-1000XM3 &#8211; Aud\u00edfonos Bluetooth internos con noise cancelling, control por voz y micr\u00f3fono para llamadas con manos libres"},"content":{"rendered":"<div>\n<div>Disfruta de la paz y la tranquilidad en cualquier lugar con estos auriculares con cancelaci\u00f3n de ruido verdaderamente inal\u00e1mbricos de Sony.\u00a0Un procesador de cancelaci\u00f3n de ruido HD avanzado bloquea el ruido de fondo que distrae para que pueda concentrarse en entornos ruidosos, y la conectividad Bluetooth garantiza un uso f\u00e1cil con tel\u00e9fonos inteligentes y otros dispositivos.\u00a0Estos aud\u00edfonos con cancelaci\u00f3n de ruido verdaderamente inal\u00e1mbricos de Sony incluyen un pr\u00e1ctico estuche de carga que ofrece hasta 24 horas de uso por carga.<\/div>\n<\/div>\n<div><\/div>\n<div>\n<h3><\/h3>\n<h3 class=\"heading-5 v-fw-regular feature-heading\"><strong>Caracter\u00edsticas<\/strong><\/h3>\n<ul>\n<li><strong>Procesador HD con cancelaci\u00f3n de ruido QN1e<\/strong><br \/>\nHabiendo captado el sonido circundante, el procesador dedicado se pone a trabajar. No solo cancela mucho ruido en casi todas las frecuencias, sino que tambi\u00e9n consume poca energ\u00eda.<\/li>\n<li><strong>Tecnolog\u00eda de sensor de ruido dual<\/strong><br \/>\nLos micr\u00f3fonos duales, uno de retroalimentaci\u00f3n y otro de retroalimentaci\u00f3n, en la superficie de los auriculares captan muchos sonidos ambientales cercanos, ya sea ruido en vuelo, tr\u00e1fico de la ciudad o charlas en la oficina.<\/li>\n<li><strong>Calidad de sonido excepcional<\/strong><br \/>\nEl multitalento QN1e de Sony combina cancelaci\u00f3n de ruido digital, procesamiento de se\u00f1al de audio de 24 bits y un convertidor de digital a anal\u00f3gico con amplificador de auriculares.<\/li>\n<li><strong>Dise\u00f1o verdaderamente inal\u00e1mbrico<\/strong><br \/>\nSolo tu m\u00fasica, sin cables que se interpongan en tu camino.<\/li>\n<li><strong>Hasta 24 horas de escucha<\/strong><br \/>\nCon una carga completa, los aud\u00edfonos ofrecen 6 horas de energ\u00eda, y el conveniente estuche de carga proporciona tres cargas m\u00e1s para mantenerte activo durante todo el d\u00eda.<\/li>\n<li><strong>Carga r\u00e1pida cuando la necesitas<\/strong><br \/>\nA veces necesitas m\u00fasica, r\u00e1pido. Si sus auriculares se est\u00e1n quedando sin bater\u00eda, una carga r\u00e1pida de 10 minutos en el estuche de carga le brinda hasta 90 minutos de tiempo de reproducci\u00f3n.<\/li>\n<li><strong>Asistente de voz integrado<\/strong><br \/>\nDisfrute del entretenimiento, con\u00e9ctese con amigos, obtenga informaci\u00f3n, escuche m\u00fasica y notificaciones, configure recordatorios y m\u00e1s con el Asistente de Google.<\/li>\n<li><strong>Escucha incre\u00edble con el nuevo chip Bluetooth\u00ae 5.0<\/strong><br \/>\nEn lugar de transmitir el sonido de un o\u00eddo a otro, el chip Bluetooth recientemente desarrollado transmite el sonido a los o\u00eddos izquierdo y derecho simult\u00e1neamente para una experiencia auditiva excepcional.<\/li>\n<li><strong>Perfecto para programas de televisi\u00f3n, pel\u00edculas y m\u00e1s<\/strong><br \/>\nLa conexi\u00f3n inal\u00e1mbrica avanzada en WF-1000XM3 sincroniza lo que ve en la pantalla de su tel\u00e9fono inteligente o tableta con precisi\u00f3n con lo que escucha en sus auriculares para una visualizaci\u00f3n agradable.<\/li>\n<li><strong>Los auriculares permanecen ajustados y seguros<\/strong><br \/>\nLa superficie de goma de alta fricci\u00f3n mantiene los auriculares con cancelaci\u00f3n de ruido en su o\u00eddo para que no se salgan inesperadamente.<\/li>\n<li><strong>Estructura ergon\u00f3mica de tres sujeciones<\/strong><br \/>\nEstos auriculares con cancelaci\u00f3n de ruido est\u00e1n dise\u00f1ados ergon\u00f3micamente para hacer contacto con tres puntos diferentes de la oreja para un ajuste seguro y c\u00f3modo.<\/li>\n<li><strong>Estuche de carga magn\u00e9tica f\u00e1cil de usar<\/strong><br \/>\nVuelva a colocar los auriculares en el estuche de carga y se colocar\u00e1n en su lugar con un chasquido satisfactorio gracias al interior magn\u00e9tico. El cable USB tipo C ayuda a recargar el estuche r\u00e1pida y f\u00e1cilmente, listo para escuchar otro d\u00eda.<\/li>\n<li><strong>Tenga el control de su escucha<\/strong><br \/>\nEl Sony | La aplicaci\u00f3n Headphones Connect con su control de sonido ambiental te permite ajustar el volumen del sonido de fondo y te da la opci\u00f3n de escuchar solo las voces.<\/li>\n<li><strong>Controles t\u00e1ctiles personalizables<\/strong><br \/>\nSi desea personalizar sus controles t\u00e1ctiles, no hay problema. El Sony | La aplicaci\u00f3n Headphones Connect te permite asignar opciones alternativas, como el Asistente de Google, a cada auricular.<\/li>\n<li><strong>M\u00fasica digital de primer nivel<\/strong><br \/>\nDigital Sound Enhancement Engine HX (DSEE HX \u2122) mejora los archivos de m\u00fasica digital comprimidos, acerc\u00e1ndolos a la calidad del audio de alta resoluci\u00f3n.<\/li>\n<li><strong>Llamadas manos libres f\u00e1ciles con controles t\u00e1ctiles simples para tomar y hacer llamadas<\/strong><\/li>\n<li><strong>Llamadas manos libres f\u00e1ciles<\/strong><br \/>\nLa conversaci\u00f3n fluye libremente con llamadas sencillas con manos libres. Deje su tel\u00e9fono donde est\u00e1: solo hable con un toque.<\/li>\n<li><strong>Controles t\u00e1ctiles<\/strong><br \/>\nCambie la pista, active el asistente de voz de su tel\u00e9fono y tome o haga llamadas tocando o deslizando los paneles t\u00e1ctiles ubicados en cada auricular con la punta del dedo.<\/li>\n<\/ul>\n<\/div>\n","protected":false},"excerpt":{"rendered":"<p>Disfruta de la paz y la tranquilidad en cualquier lugar con estos auriculares con cancelaci\u00f3n de ruido verdaderamente inal\u00e1mbricos de Sony.\u00a0Un procesador de cancelaci\u00f3n de ruido HD avanzado bloquea el<\/p>\n","protected":false},"featured_media":73225,"comment_status":"open","ping_status":"closed","template":"","meta":{"_acf_changed":false,"_joinchat":[]},"product_brand":[],"product_cat":[1453,1476,294,300,304],"product_tag":[],"class_list":{"0":"post-64774","1":"product","2":"type-product","3":"status-publish","4":"has-post-thumbnail","6":"product_cat-black-friday","7":"product_cat-ofertas-primavera-audio","8":"product_cat-audio","9":"product_cat-audifonos","10":"product_cat-inalambricos","12":"first","13":"instock","14":"sale","15":"shipping-taxable","16":"purchasable","17":"product-type-variable","18":"has-default-attributes"},"acf":[],"_links":{"self":[{"href":"https:\/\/defabrica.com.mx\/defabrica\/wp-json\/wp\/v2\/product\/64774","targetHints":{"allow":["GET"]}}],"collection":[{"href":"https:\/\/defabrica.com.mx\/defabrica\/wp-json\/wp\/v2\/product"}],"about":[{"href":"https:\/\/defabrica.com.mx\/defabrica\/wp-json\/wp\/v2\/types\/product"}],"replies":[{"embeddable":true,"href":"https:\/\/defabrica.com.mx\/defabrica\/wp-json\/wp\/v2\/comments?post=64774"}],"wp:featuredmedia":[{"embeddable":true,"href":"https:\/\/defabrica.com.mx\/defabrica\/wp-json\/wp\/v2\/media\/73225"}],"wp:attachment":[{"href":"https:\/\/defabrica.com.mx\/defabrica\/wp-json\/wp\/v2\/media?parent=64774"}],"wp:term":[{"taxonomy":"product_brand","embeddable":true,"href":"https:\/\/defabrica.com.mx\/defabrica\/wp-json\/wp\/v2\/product_brand?post=64774"},{"taxonomy":"product_cat","embeddable":true,"href":"https:\/\/defabrica.com.mx\/defabrica\/wp-json\/wp\/v2\/product_cat?post=64774"},{"taxonomy":"product_tag","embeddable":true,"href":"https:\/\/defabrica.com.mx\/defabrica\/wp-json\/wp\/v2\/product_tag?post=64774"}],"curies":[{"name":"wp","href":"https:\/\/api.w.org\/{rel}","templated":true}]}}