{"id":64752,"date":"2021-11-22T19:47:40","date_gmt":"2021-11-23T01:47:40","guid":{"rendered":"https:\/\/defabrica.com.mx\/defabrica\/?post_type=product&#038;p=64752"},"modified":"2023-01-14T14:34:37","modified_gmt":"2023-01-14T20:34:37","slug":"sony-audifonos-inalambricos-con-extra-bass-y-noise-cancelling-wh-xb910n","status":"publish","type":"product","link":"https:\/\/defabrica.com.mx\/defabrica\/producto\/sony-audifonos-inalambricos-con-extra-bass-y-noise-cancelling-wh-xb910n\/","title":{"rendered":"Sony &#8211; Aud\u00edfonos inal\u00e1mbricos con Extra Bass y Noise Cancelling WH-XB910N"},"content":{"rendered":"<div class=\"embedded-component-container lv product-description\">\n<div>\n<div id=\"shop-product-description-45272233\" class=\"None\" data-version=\"1.3.38\">\n<div class=\"shop-product-description\">\n<section class=\"align-heading-left\" data-reactroot=\"\">\n<div class=\"long-description-container body-copy \">\n<div class=\"html-fragment\">\n<div>\n<div>Ac\u00e9rquese a\u00fan m\u00e1s a su m\u00fasica favorita con el excepcional rendimiento de graves y cancelaci\u00f3n de ruido de los auriculares inal\u00e1mbricos WH-XB910N con tecnolog\u00edas EXTRA BASS \u2122 y Dual Noise Cancelling.<\/div>\n<\/div>\n<\/div>\n<\/div>\n<\/section>\n<\/div>\n<\/div>\n<\/div>\n<\/div>\n<div class=\"embedded-component-container lv product-features\"><\/div>\n<div>\n<h3><\/h3>\n<h3 class=\"heading-5 v-fw-regular feature-heading\"><strong>Caracter\u00edsticas<\/strong><\/h3>\n<ul>\n<li><strong>Cancelaci\u00f3n de ruido dual para m\u00fasica intensa<\/strong><br \/>\nCon micr\u00f3fonos de retroalimentaci\u00f3n y retroalimentaci\u00f3n en cada lado, WH-XB910N lleva la cancelaci\u00f3n de ruido digital al siguiente nivel. Ahora puedes realmente aislarte del mundo que te rodea y disfrutar de tu propia fiesta para uno solo con tu m\u00fasica como compa\u00f1\u00eda.<\/li>\n<li><strong>EXTRA BASS para un sonido impactante y profundo<\/strong><br \/>\nEstos auriculares con cancelaci\u00f3n de ruido mejoran todas las frecuencias bajas para obtener unos graves excepcionales.<\/li>\n<li><strong>Dale un impulso a tu m\u00fasica favorita<\/strong><br \/>\nCuando se comprime una fuente de m\u00fasica original, pierde los elementos de alta frecuencia que agregan detalle y riqueza a una pista. Nuestro motor de mejora de sonido digital (DSEE) los restaura fielmente para producir un sonido de alta calidad que se acerca m\u00e1s a la grabaci\u00f3n original.<\/li>\n<li><strong>Escuche todo el d\u00eda, cargue en minutos<\/strong><br \/>\nCon hasta 30 horas de duraci\u00f3n de la bater\u00eda, tendr\u00e1 suficiente energ\u00eda para viajes por carretera de varios d\u00edas y fines de semana de festivales largos. Y si necesita recargar r\u00e1pidamente, una carga r\u00e1pida de 10 minutos le brinda hasta 4.5 horas de tiempo de juego adicional con el adaptador de CA opcional.<\/li>\n<li><strong>Llamadas manos libres m\u00e1s f\u00e1ciles y claras<\/strong><br \/>\nLa conversaci\u00f3n fluye libremente con llamadas manos libres f\u00e1ciles, ahora m\u00e1s claras que nunca con un micr\u00f3fono integrado de alta calidad. Ni siquiera tendr\u00e1s que sacar tu tel\u00e9fono de tu bolsillo<\/li>\n<li><strong>Cambie sin esfuerzo entre dispositivos<\/strong><br \/>\nPara mayor comodidad, los auriculares WH-XB910N se pueden emparejar con dos dispositivos Bluetooth al mismo tiempo. Entonces, cuando entra una llamada, sus auriculares saben qu\u00e9 dispositivo est\u00e1 sonando y se conectan al correcto autom\u00e1ticamente.<\/li>\n<li><strong>Control al alcance de tu mano<\/strong><br \/>\nCambie de pista, ajuste el volumen y tome o haga llamadas tocando el panel t\u00e1ctil en el costado de sus auriculares. \u00bfNecesita escuchar r\u00e1pidamente voces o sonidos a su alrededor? Simplemente coloque su mano sobre la carcasa para bajar instant\u00e1neamente el volumen de su m\u00fasica y dejar entrar el sonido ambiental.<\/li>\n<li><strong>Modo de atenci\u00f3n r\u00e1pida<\/strong><br \/>\nEstos auriculares de Sony te permiten comunicarte sin quitarte los auriculares. Coloque su mano sobre el auricular derecho para bajar el volumen y desactivar la cancelaci\u00f3n de ruido para una conversaci\u00f3n instant\u00e1nea.<\/li>\n<li><strong>Tu sonido, tal como te gusta<\/strong><br \/>\nAdapte el sonido a sus preferencias personales. Elija entre una variedad de ajustes preestablecidos para combinar la calidad del sonido con el g\u00e9nero de m\u00fasica que est\u00e1 escuchando. O cree y guarde sus propios ajustes preestablecidos utilizando la funci\u00f3n EQ Custom en la aplicaci\u00f3n Sony \u2502 Headphones Connect.<\/li>\n<li><strong>Estuche de transporte para viajar f\u00e1cilmente<\/strong><br \/>\nEl estuche de transporte suministrado es duradero e incluye un cable para escuchar con cable.<\/li>\n<li><strong>Dise\u00f1o plegable para comodidad diaria<\/strong><br \/>\nLos auriculares giran hacia adentro para que se guarden perfectamente en su estuche compacto.<\/li>\n<li><strong>M\u00fasica todo el d\u00eda, comodidad todo el d\u00eda<\/strong><br \/>\nEstos auriculares cuentan con almohadillas suaves de forma ovalada, por lo que nunca tendr\u00e1 que tomar un descanso de su m\u00fasica, pel\u00edculas o programas favoritos. Los c\u00f3modos materiales de uretano y cuero sint\u00e9tico se combinan con la estructura y las dimensiones \u00f3ptimas de las almohadillas para un uso excepcional.<\/li>\n<li><strong>Un ajuste perfecto mantiene tu m\u00fasica en<\/strong><br \/>\nAjuste el control deslizante para encontrar su ajuste ideal y disfrute de horas de escucha c\u00f3moda. La m\u00fasica permanece adentro y el ruido afuera para una gran experiencia ac\u00fastica.<\/li>\n<li><strong>Sonido ambiental m\u00e1s natural<\/strong><br \/>\nCon dos micr\u00f3fonos de retroalimentaci\u00f3n y retroalimentaci\u00f3n, WH-XB910N captura m\u00e1s del sonido ambiental que lo rodea. Disfrutar\u00e1 de una experiencia auditiva natural mientras permanece conectado con su entorno.<\/li>\n<li><strong>Controla el sonido ambiental<\/strong><br \/>\nLos micr\u00f3fonos del WH-XB910N tambi\u00e9n pueden funcionar para controlar el sonido ambiental. Ajuste la cantidad de sonido ambiental que escucha con Sony | Aplicaci\u00f3n Headphones Connect para cancelar el ruido sin dejar de escuchar los sonidos esenciales.<\/li>\n<li><strong>Ajusta el sonido a lo que sea que hagas<\/strong><br \/>\nAdaptive Sound Control es una funci\u00f3n inteligente que detecta d\u00f3nde se encuentra y lo que est\u00e1 haciendo, luego ajusta la configuraci\u00f3n del sonido ambiental para lograr la experiencia auditiva ideal.<\/li>\n<li><strong>Aprende tus lugares favoritos<\/strong><br \/>\nCon el tiempo, Adaptive Sound Control reconoce los lugares que visita con frecuencia, como su oficina, gimnasio o caf\u00e9 favorito, y adapta el sonido para adaptarse al entorno.<\/li>\n<li><strong>Compatible con Google Assistant y Alexa<\/strong><br \/>\nPuede elegir activar el Asistente de Google o Amazon Alexa con un simple toque. Para usar Amazon Alexa, simplemente descargue Sony | Aplicaci\u00f3n Headphones Connect y la aplicaci\u00f3n Alexa en el mercado de aplicaciones de su tel\u00e9fono inteligente<\/li>\n<\/ul>\n<\/div>\n","protected":false},"excerpt":{"rendered":"<p>Ac\u00e9rquese a\u00fan m\u00e1s a su m\u00fasica favorita con el excepcional rendimiento de graves y cancelaci\u00f3n de ruido de los auriculares inal\u00e1mbricos WH-XB910N con tecnolog\u00edas EXTRA BASS \u2122 y Dual Noise<\/p>\n","protected":false},"featured_media":73223,"comment_status":"open","ping_status":"closed","template":"","meta":{"_acf_changed":false,"_joinchat":[]},"product_brand":[],"product_cat":[1476,294,300,304],"product_tag":[],"class_list":{"0":"post-64752","1":"product","2":"type-product","3":"status-publish","4":"has-post-thumbnail","6":"product_cat-ofertas-primavera-audio","7":"product_cat-audio","8":"product_cat-audifonos","9":"product_cat-inalambricos","11":"first","12":"instock","13":"sale","14":"shipping-taxable","15":"purchasable","16":"product-type-variable","17":"has-default-attributes"},"acf":[],"_links":{"self":[{"href":"https:\/\/defabrica.com.mx\/defabrica\/wp-json\/wp\/v2\/product\/64752","targetHints":{"allow":["GET"]}}],"collection":[{"href":"https:\/\/defabrica.com.mx\/defabrica\/wp-json\/wp\/v2\/product"}],"about":[{"href":"https:\/\/defabrica.com.mx\/defabrica\/wp-json\/wp\/v2\/types\/product"}],"replies":[{"embeddable":true,"href":"https:\/\/defabrica.com.mx\/defabrica\/wp-json\/wp\/v2\/comments?post=64752"}],"wp:featuredmedia":[{"embeddable":true,"href":"https:\/\/defabrica.com.mx\/defabrica\/wp-json\/wp\/v2\/media\/73223"}],"wp:attachment":[{"href":"https:\/\/defabrica.com.mx\/defabrica\/wp-json\/wp\/v2\/media?parent=64752"}],"wp:term":[{"taxonomy":"product_brand","embeddable":true,"href":"https:\/\/defabrica.com.mx\/defabrica\/wp-json\/wp\/v2\/product_brand?post=64752"},{"taxonomy":"product_cat","embeddable":true,"href":"https:\/\/defabrica.com.mx\/defabrica\/wp-json\/wp\/v2\/product_cat?post=64752"},{"taxonomy":"product_tag","embeddable":true,"href":"https:\/\/defabrica.com.mx\/defabrica\/wp-json\/wp\/v2\/product_tag?post=64752"}],"curies":[{"name":"wp","href":"https:\/\/api.w.org\/{rel}","templated":true}]}}