{"id":64677,"date":"2021-11-22T19:13:10","date_gmt":"2021-11-23T01:13:10","guid":{"rendered":"https:\/\/defabrica.com.mx\/defabrica\/?post_type=product&#038;p=64677"},"modified":"2023-01-14T14:33:32","modified_gmt":"2023-01-14T20:33:32","slug":"samsung-galaxy-buds-2-true-auriculares-inalambricos-con-cancelacion-de-ruido-sonido-ambiental-bluetooth-ligero-ajuste-comodo-control-tactil","status":"publish","type":"product","link":"https:\/\/defabrica.com.mx\/defabrica\/producto\/samsung-galaxy-buds-2-true-auriculares-inalambricos-con-cancelacion-de-ruido-sonido-ambiental-bluetooth-ligero-ajuste-comodo-control-tactil\/","title":{"rendered":"SAMSUNG &#8211; Galaxy Buds 2 True &#8211; Auriculares inal\u00e1mbricos con cancelaci\u00f3n de Ruido, Sonido Ambiental, Bluetooth, Ligero, Ajuste c\u00f3modo, Control t\u00e1ctil."},"content":{"rendered":"<div class=\"embedded-component-container lv product-description\">\n<div>\n<div id=\"shop-product-description-54797073\" class=\"None\" data-version=\"1.3.38\">\n<div class=\"shop-product-description\">\n<section class=\"align-heading-left\" data-reactroot=\"\">\n<div class=\"long-description-container body-copy \">\n<div class=\"html-fragment\">\n<div>\n<div>Galaxy Buds2 est\u00e1 aqu\u00ed, brindando una forma para que todos disfruten de un sonido \u00e9pico.\u00a0Con una calidad de audio tan buena, sentir\u00e1s el golpe de cada l\u00ednea de bajo y el rasgueo de cada guitarra directamente en tu n\u00facleo, es como llevarte al concierto de tu banda favorita.\u00a0\u00bfNecesitas concentrarte?\u00a0La cancelaci\u00f3n activa de ruido y el control de sonido ambiental le permiten escuchar solo lo que desea escuchar.\u00a0Disfrute de un poco de paz y tranquilidad mientras trabaja desde casa o atiende llamadas sin perderse lo que sucede a su alrededor.\u00a0Con nuestro dise\u00f1o m\u00e1s delgado y liviano hasta el momento, los Galaxy Buds2 se ajustan tan bien que es posible que olvide que los est\u00e1 usando, al menos hasta que comience la m\u00fasica.<\/div>\n<\/div>\n<\/div>\n<\/div>\n<\/section>\n<\/div>\n<\/div>\n<\/div>\n<\/div>\n<div class=\"embedded-component-container lv product-features\"><\/div>\n<div>\n<h3><\/h3>\n<h3 class=\"heading-5 v-fw-regular feature-heading\"><strong>Caracter\u00edsticas<\/strong><\/h3>\n<ul>\n<li><strong>Tus o\u00eddos nunca lo tuvieron tan bien<\/strong><br \/>\nLleva tu pasi\u00f3n por la m\u00fasica a nuevas alturas con un sonido en auge que te har\u00e1 sentir como si estuvieras en el escenario con tu banda favorita. La cancelaci\u00f3n activa de ruido bloquea los sonidos no deseados, lo que le ayuda a concentrarse en cualquier lugar.<\/li>\n<li><strong>Y el modo de sonido<\/strong> ambiental de baja latencia capta los sonidos que desea escuchar y los transmite directamente a sus o\u00eddos, para que siempre tenga el nivel de sonido perfecto para cada momento.\u00b9<\/li>\n<li><strong>Sentirse bien mientras se ve bien<\/strong><br \/>\nGalaxy Buds2 presenta un dise\u00f1o c\u00f3modo y de bajo perfil que es un 10% m\u00e1s peque\u00f1o y liviano que Galaxy Buds +. Puede llegar al final de su lista de reproducci\u00f3n antes de recordar que los est\u00e1 usando.<\/li>\n<li><strong>Escuche con claridad. Habla con confianza<\/strong><br \/>\nLlame con confianza. Con Galaxy Buds2, tres micr\u00f3fonos y la tecnolog\u00eda de reducci\u00f3n de ruido aseguran que las voces se transmitan de manera n\u00edtida y clara, ya sea que est\u00e9 chateando con un amigo o liderando una conferencia telef\u00f3nica de alto riesgo.<\/li>\n<li><strong>\u00b9 Las funciones que incluyen<\/strong> la cancelaci\u00f3n activa de ruido y el sonido ambiental requieren una conexi\u00f3n Bluetooth a un dispositivo compatible. La configuraci\u00f3n avanzada, como los niveles de ruido ambiental, est\u00e1 disponible solo en dispositivos Android con Android 7.0 o superior y 1,5 GB de RAM o superior.<\/li>\n<li>\u00b9 <strong>Funciones avanzadas<\/strong> habilitadas a trav\u00e9s de la aplicaci\u00f3n Galaxy Wearable en Android, disponible a trav\u00e9s de Google Play Store.<\/li>\n<\/ul>\n<\/div>\n","protected":false},"excerpt":{"rendered":"<p>Galaxy Buds2 est\u00e1 aqu\u00ed, brindando una forma para que todos disfruten de un sonido \u00e9pico.\u00a0Con una calidad de audio tan buena, sentir\u00e1s el golpe de cada l\u00ednea de bajo y<\/p>\n","protected":false},"featured_media":64680,"comment_status":"open","ping_status":"closed","template":"","meta":{"_acf_changed":false,"_joinchat":[]},"product_brand":[],"product_cat":[1453,1476,294,300,304],"product_tag":[],"class_list":{"0":"post-64677","1":"product","2":"type-product","3":"status-publish","4":"has-post-thumbnail","6":"product_cat-black-friday","7":"product_cat-ofertas-primavera-audio","8":"product_cat-audio","9":"product_cat-audifonos","10":"product_cat-inalambricos","12":"first","13":"instock","14":"sale","15":"shipping-taxable","16":"purchasable","17":"product-type-variable","18":"has-default-attributes"},"acf":[],"_links":{"self":[{"href":"https:\/\/defabrica.com.mx\/defabrica\/wp-json\/wp\/v2\/product\/64677","targetHints":{"allow":["GET"]}}],"collection":[{"href":"https:\/\/defabrica.com.mx\/defabrica\/wp-json\/wp\/v2\/product"}],"about":[{"href":"https:\/\/defabrica.com.mx\/defabrica\/wp-json\/wp\/v2\/types\/product"}],"replies":[{"embeddable":true,"href":"https:\/\/defabrica.com.mx\/defabrica\/wp-json\/wp\/v2\/comments?post=64677"}],"wp:featuredmedia":[{"embeddable":true,"href":"https:\/\/defabrica.com.mx\/defabrica\/wp-json\/wp\/v2\/media\/64680"}],"wp:attachment":[{"href":"https:\/\/defabrica.com.mx\/defabrica\/wp-json\/wp\/v2\/media?parent=64677"}],"wp:term":[{"taxonomy":"product_brand","embeddable":true,"href":"https:\/\/defabrica.com.mx\/defabrica\/wp-json\/wp\/v2\/product_brand?post=64677"},{"taxonomy":"product_cat","embeddable":true,"href":"https:\/\/defabrica.com.mx\/defabrica\/wp-json\/wp\/v2\/product_cat?post=64677"},{"taxonomy":"product_tag","embeddable":true,"href":"https:\/\/defabrica.com.mx\/defabrica\/wp-json\/wp\/v2\/product_tag?post=64677"}],"curies":[{"name":"wp","href":"https:\/\/api.w.org\/{rel}","templated":true}]}}