{"id":64662,"date":"2021-11-22T18:55:18","date_gmt":"2021-11-23T00:55:18","guid":{"rendered":"https:\/\/defabrica.com.mx\/defabrica\/?post_type=product&#038;p=64662"},"modified":"2022-12-07T14:56:20","modified_gmt":"2022-12-07T20:56:20","slug":"sony-wf-1000xm4-true-wireless-noise-cancelling","status":"publish","type":"product","link":"https:\/\/defabrica.com.mx\/defabrica\/producto\/sony-wf-1000xm4-true-wireless-noise-cancelling\/","title":{"rendered":"Sony &#8211; WF-1000XM4 True Wireless Noise Cancelling"},"content":{"rendered":"<p>Los aud\u00edfonos True Wireless WF-1000XM4 combinan la tecnolog\u00eda l\u00edder del sector Noise Cancelling1 con un sonido de alta calidad, funciones de escucha inteligentes, resistencia al agua, duraci\u00f3n de bater\u00eda para todo el d\u00eda y comodidad para largas escuchas.<\/p>\n<p>Noise Cancelling digital con procesador V1 integrado<br \/>\nCalidad de sonido excepcional con audio inal\u00e1mbrico de alta resoluci\u00f3n<br \/>\nEscucha inteligente y llamadas de calidad superior<br \/>\n360 Reality Audio<br \/>\nCompatibles con asistentes de Voz.<br \/>\nResistentes al agua, IPX41, salpicaduras y sudor.<\/p>\n","protected":false},"excerpt":{"rendered":"<p>Los aud\u00edfonos True Wireless WF-1000XM4 combinan la tecnolog\u00eda l\u00edder del sector Noise Cancelling1 con un sonido de alta calidad, funciones de escucha inteligentes, resistencia al agua, duraci\u00f3n de bater\u00eda para<\/p>\n","protected":false},"featured_media":64670,"comment_status":"open","ping_status":"closed","template":"","meta":{"_acf_changed":false,"_joinchat":[]},"product_brand":[],"product_cat":[1453,1476,294,300,304],"product_tag":[],"class_list":{"0":"post-64662","1":"product","2":"type-product","3":"status-publish","4":"has-post-thumbnail","6":"product_cat-black-friday","7":"product_cat-ofertas-primavera-audio","8":"product_cat-audio","9":"product_cat-audifonos","10":"product_cat-inalambricos","12":"first","13":"instock","14":"sale","15":"shipping-taxable","16":"purchasable","17":"product-type-variable","18":"has-default-attributes"},"acf":[],"_links":{"self":[{"href":"https:\/\/defabrica.com.mx\/defabrica\/wp-json\/wp\/v2\/product\/64662","targetHints":{"allow":["GET"]}}],"collection":[{"href":"https:\/\/defabrica.com.mx\/defabrica\/wp-json\/wp\/v2\/product"}],"about":[{"href":"https:\/\/defabrica.com.mx\/defabrica\/wp-json\/wp\/v2\/types\/product"}],"replies":[{"embeddable":true,"href":"https:\/\/defabrica.com.mx\/defabrica\/wp-json\/wp\/v2\/comments?post=64662"}],"wp:featuredmedia":[{"embeddable":true,"href":"https:\/\/defabrica.com.mx\/defabrica\/wp-json\/wp\/v2\/media\/64670"}],"wp:attachment":[{"href":"https:\/\/defabrica.com.mx\/defabrica\/wp-json\/wp\/v2\/media?parent=64662"}],"wp:term":[{"taxonomy":"product_brand","embeddable":true,"href":"https:\/\/defabrica.com.mx\/defabrica\/wp-json\/wp\/v2\/product_brand?post=64662"},{"taxonomy":"product_cat","embeddable":true,"href":"https:\/\/defabrica.com.mx\/defabrica\/wp-json\/wp\/v2\/product_cat?post=64662"},{"taxonomy":"product_tag","embeddable":true,"href":"https:\/\/defabrica.com.mx\/defabrica\/wp-json\/wp\/v2\/product_tag?post=64662"}],"curies":[{"name":"wp","href":"https:\/\/api.w.org\/{rel}","templated":true}]}}