{"id":64593,"date":"2021-11-22T02:33:34","date_gmt":"2021-11-22T08:33:34","guid":{"rendered":"https:\/\/defabrica.com.mx\/defabrica\/?post_type=product&#038;p=64593"},"modified":"2025-07-11T13:37:58","modified_gmt":"2025-07-11T19:37:58","slug":"mega-construx-game-of-thrones-ice-viserion-showdown","status":"publish","type":"product","link":"https:\/\/defabrica.com.mx\/defabrica\/producto\/mega-construx-game-of-thrones-ice-viserion-showdown\/","title":{"rendered":"Mega Construx Game Of Thrones Ice Viserion Showdown"},"content":{"rendered":"<div class=\"mb3\">\n<div class=\"dangerous-html mb3\">\n<p>Enfr\u00e9ntate a Jon Snow con un set de construcci\u00f3n Viserion no-muerto de 501 piezas.\u00a0Construye el enfrentamiento m\u00e1s memorable de la Batalla de Winterfell, completo con Viserion altamente articulado, cuyas alas de tela extendidas miden 28 pulgadas de ancho y que se puede posar de innumerables formas.\u00a0Coloca la minifigura de acci\u00f3n detallada de Jon Snow a la sombra del no muerto Viserion para poner a prueba su valent\u00eda.\u00a0Ideal para coleccionistas de la serie Mega Construx Black, mayores de 16 a\u00f1os<\/p>\n<p>&nbsp;<\/p>\n<\/div>\n<\/div>\n<h3><strong>Caracter\u00edstica<\/strong><strong>s<\/strong><\/h3>\n<ul>\n<li>Rango de edad: 16 a\u00f1os en adelante<\/li>\n<li>Gran juego de construcci\u00f3n Viserion azul helado, con patas y cola muy articuladas, pieza para la cabeza personalizada y alas de tela extensibles, como aparece en la serie de televisi\u00f3n de HBO, Game of Thrones, que establece r\u00e9cords.<\/li>\n<li>Totalmente extendida, la envergadura de Viserion mide unas impresionantes 28 pulgadas de ancho.<\/li>\n<li>Figura de acci\u00f3n en miniatura de Jon Snow de dise\u00f1o aut\u00e9ntico con 12 puntos de articulaci\u00f3n y accesorio de espada que se puede montar en Viserion.<\/li>\n<li>Los ladrillos se combinan con todos los juegos de construcci\u00f3n de Game of Thrones, incluido el juego Battle of Winterfell para crear la batalla completa, as\u00ed como los juguetes de construcci\u00f3n Mega Construx, y son compatibles con las principales marcas.<\/li>\n<li>Ideal para mayores de 16 a\u00f1os, este juego est\u00e1 dise\u00f1ado para coleccionistas, constructores experimentados y fan\u00e1ticos, y ofrece una experiencia de construcci\u00f3n aut\u00e9nticamente fiel.<\/li>\n<\/ul>\n","protected":false},"excerpt":{"rendered":"<p>Enfr\u00e9ntate a Jon Snow con un set de construcci\u00f3n Viserion no-muerto de 501 piezas.\u00a0Construye el enfrentamiento m\u00e1s memorable de la Batalla de Winterfell, completo con Viserion altamente articulado, cuyas alas<\/p>\n","protected":false},"featured_media":64594,"comment_status":"open","ping_status":"closed","template":"","meta":{"_acf_changed":false,"_joinchat":[]},"product_brand":[],"product_cat":[886,1097,1196],"product_tag":[],"class_list":{"0":"post-64593","1":"product","2":"type-product","3":"status-publish","4":"has-post-thumbnail","6":"product_cat-juguetesycoleccionables","7":"product_cat-juguetes","8":"product_cat-legos","10":"first","11":"instock","12":"sale","13":"shipping-taxable","14":"purchasable","15":"product-type-simple"},"acf":[],"_links":{"self":[{"href":"https:\/\/defabrica.com.mx\/defabrica\/wp-json\/wp\/v2\/product\/64593","targetHints":{"allow":["GET"]}}],"collection":[{"href":"https:\/\/defabrica.com.mx\/defabrica\/wp-json\/wp\/v2\/product"}],"about":[{"href":"https:\/\/defabrica.com.mx\/defabrica\/wp-json\/wp\/v2\/types\/product"}],"replies":[{"embeddable":true,"href":"https:\/\/defabrica.com.mx\/defabrica\/wp-json\/wp\/v2\/comments?post=64593"}],"wp:featuredmedia":[{"embeddable":true,"href":"https:\/\/defabrica.com.mx\/defabrica\/wp-json\/wp\/v2\/media\/64594"}],"wp:attachment":[{"href":"https:\/\/defabrica.com.mx\/defabrica\/wp-json\/wp\/v2\/media?parent=64593"}],"wp:term":[{"taxonomy":"product_brand","embeddable":true,"href":"https:\/\/defabrica.com.mx\/defabrica\/wp-json\/wp\/v2\/product_brand?post=64593"},{"taxonomy":"product_cat","embeddable":true,"href":"https:\/\/defabrica.com.mx\/defabrica\/wp-json\/wp\/v2\/product_cat?post=64593"},{"taxonomy":"product_tag","embeddable":true,"href":"https:\/\/defabrica.com.mx\/defabrica\/wp-json\/wp\/v2\/product_tag?post=64593"}],"curies":[{"name":"wp","href":"https:\/\/api.w.org\/{rel}","templated":true}]}}