{"id":64585,"date":"2021-11-22T02:29:57","date_gmt":"2021-11-22T08:29:57","guid":{"rendered":"https:\/\/defabrica.com.mx\/defabrica\/?post_type=product&#038;p=64585"},"modified":"2023-01-27T10:38:53","modified_gmt":"2023-01-27T16:38:53","slug":"lego-adidas-originals-superstar","status":"publish","type":"product","link":"https:\/\/defabrica.com.mx\/defabrica\/producto\/lego-adidas-originals-superstar\/","title":{"rendered":"LEGO Adidas Originals Superstar"},"content":{"rendered":"<div class=\"mb3\">\n<div class=\"dangerous-html mb3\">\n<p>Agrega una nueva adici\u00f3n sorprendente a tu colecci\u00f3n de zapatillas con este modelo LEGO adidas Originals Superstar (10282).\u00a0En esta oferta de LEGO nunca antes vista, estar\u00e1s recreando la zapatilla ic\u00f3nica de LEGO elements para hacer una pieza de exhibici\u00f3n coleccionable que seguramente provocar\u00e1 conversaciones.\u00a0Al igual que la versi\u00f3n real, esta versi\u00f3n LEGO incluye los gr\u00e1ficos ic\u00f3nicos de las zapatillas adidas Originals Superstar, la forma de la puntera, el logotipo del tr\u00e9bol y la marca de 3 rayas dentadas.\u00a0\u00bfZapato derecho o zapato izquierdo?\u00a0\u00a1T\u00fa decides!\u00a0Este juego incluye 17 elementos LEGO adicionales para que puedas elegir construir la zapatilla para el pie derecho o para el pie izquierdo.\u00a0Para mayor realismo, incluso tiene cordones y viene en una aut\u00e9ntica caja de zapatos.\u00a0Este set forma parte de una colecci\u00f3n de kits de construcci\u00f3n LEGO para adultos.\u00a0Con un soporte de exhibici\u00f3n y una placa.<\/p>\n<p>&nbsp;<\/p>\n<\/div>\n<\/div>\n<h3><strong>Caracter\u00edsticas<\/strong><\/h3>\n<ul>\n<li>Construye y exhibe una de las zapatillas deportivas m\u00e1s ic\u00f3nicas del mundo con el kit modelo LEGO adidas Originals Superstar 10282 para adultos.<\/li>\n<li>Repleto de detalles aut\u00e9nticos como la famosa puntera de concha, 3 rayas dentadas, logotipo de adidas en la leng\u00fceta y otros gr\u00e1ficos Superstar de Originals<\/li>\n<li>Con cordones y un aut\u00e9ntico empaque estilo caja de zapatos, este modelo LEGO es un tributo divertido y realista a la zapatilla adidas original.<\/li>\n<li>\u00bfBuscas los mejores regalos para los fan\u00e1ticos de adidas? Este kit de modelo es ideal para cualquier persona que ama los coleccionables de streetwear, as\u00ed como para los constructores de LEGO adultos que buscan un proyecto diferente.<\/li>\n<li>Mide m\u00e1s de 12 cm de altura, 27 cm de longitud y 9 cm de ancho.<\/li>\n<\/ul>\n","protected":false},"excerpt":{"rendered":"<p>Agrega una nueva adici\u00f3n sorprendente a tu colecci\u00f3n de zapatillas con este modelo LEGO adidas Originals Superstar (10282).\u00a0En esta oferta de LEGO nunca antes vista, estar\u00e1s recreando la zapatilla ic\u00f3nica<\/p>\n","protected":false},"featured_media":64586,"comment_status":"open","ping_status":"closed","template":"","meta":{"_acf_changed":false,"_joinchat":[]},"product_brand":[],"product_cat":[886,1097,1196],"product_tag":[],"class_list":{"0":"post-64585","1":"product","2":"type-product","3":"status-publish","4":"has-post-thumbnail","6":"product_cat-juguetesycoleccionables","7":"product_cat-juguetes","8":"product_cat-legos","10":"first","11":"instock","12":"sale","13":"shipping-taxable","14":"purchasable","15":"product-type-simple"},"acf":[],"_links":{"self":[{"href":"https:\/\/defabrica.com.mx\/defabrica\/wp-json\/wp\/v2\/product\/64585","targetHints":{"allow":["GET"]}}],"collection":[{"href":"https:\/\/defabrica.com.mx\/defabrica\/wp-json\/wp\/v2\/product"}],"about":[{"href":"https:\/\/defabrica.com.mx\/defabrica\/wp-json\/wp\/v2\/types\/product"}],"replies":[{"embeddable":true,"href":"https:\/\/defabrica.com.mx\/defabrica\/wp-json\/wp\/v2\/comments?post=64585"}],"wp:featuredmedia":[{"embeddable":true,"href":"https:\/\/defabrica.com.mx\/defabrica\/wp-json\/wp\/v2\/media\/64586"}],"wp:attachment":[{"href":"https:\/\/defabrica.com.mx\/defabrica\/wp-json\/wp\/v2\/media?parent=64585"}],"wp:term":[{"taxonomy":"product_brand","embeddable":true,"href":"https:\/\/defabrica.com.mx\/defabrica\/wp-json\/wp\/v2\/product_brand?post=64585"},{"taxonomy":"product_cat","embeddable":true,"href":"https:\/\/defabrica.com.mx\/defabrica\/wp-json\/wp\/v2\/product_cat?post=64585"},{"taxonomy":"product_tag","embeddable":true,"href":"https:\/\/defabrica.com.mx\/defabrica\/wp-json\/wp\/v2\/product_tag?post=64585"}],"curies":[{"name":"wp","href":"https:\/\/api.w.org\/{rel}","templated":true}]}}