{"id":64545,"date":"2021-11-22T01:17:35","date_gmt":"2021-11-22T07:17:35","guid":{"rendered":"https:\/\/defabrica.com.mx\/defabrica\/?post_type=product&#038;p=64545"},"modified":"2023-01-27T10:33:38","modified_gmt":"2023-01-27T16:33:38","slug":"lego-ninjago-71738-combate-en-el-titan-robot-de-zane","status":"publish","type":"product","link":"https:\/\/defabrica.com.mx\/defabrica\/producto\/lego-ninjago-71738-combate-en-el-titan-robot-de-zane\/","title":{"rendered":"LEGO &#8211; Ninjago 71738 Combate En El Titan Robot De Zane"},"content":{"rendered":"<div class=\"mb3\">\n<div class=\"dangerous-html mb3\">\n<p>Haz que los j\u00f3venes fan\u00e1ticos de los ninjas interpreten emocionantes escenas de la temporada 5 de la serie de televisi\u00f3n LEGO NINJAGO, con este juego Legacy de Zane&#8217;s Titan Mech Battle (71738).\u00a0Con piernas y brazos articulados, una espada y una motosierra giratoria en sus manos, adem\u00e1s de 2 ca\u00f1ones autom\u00e1ticos y una cabina para minifiguras ninja, a los ni\u00f1os les encantar\u00e1 esta actualizaci\u00f3n moderna del robot original.\u00a0Este juguete ninja cuenta con 4 minifiguras: los ninjas Zane y Jay Legacy, adem\u00e1s de 2 Ghost Warriors Ghoultar y Soul Archer, todos armados con armas geniales que incluyen un arco, una flecha y una guada\u00f1a para inspirar la diversi\u00f3n sin fin de batallas de NINJAGO.\u00a0Jay Legacy es una minifigura coleccionable de oro especial para celebrar los 10 a\u00f1os de los juguetes NINJAGO.\u00a0Los juguetes de construcci\u00f3n NINJAGO abren un mundo de emocionantes aventuras para los ni\u00f1os.<\/p>\n<p>&nbsp;<\/p>\n<\/div>\n<\/div>\n<h3><strong>Caracter\u00edsticas<\/strong><\/h3>\n<ul>\n<li>LEGO NINJAGO Legacy Zane&#8217;s Titan Mech Battle (71738) es una actualizaci\u00f3n moderna de un juego cl\u00e1sico con un juguete mec\u00e1nico con motosierra muy articulado para que los ni\u00f1os organicen emocionantes batallas.<\/li>\n<li>El juego de batalla lleno de acci\u00f3n incluye 4 minifiguras de la temporada 5 de la serie de televisi\u00f3n NINJAGO: ninjas Jay Legacy y Zane, adem\u00e1s de Ghost Warriors Ghoultar y Soul Archer, todos armados con armas geniales.<\/li>\n<li>Este incre\u00edble juguete mec\u00e1nico tiene brazos y piernas articulados, una espada y una motosierra en sus manos, y 2 ca\u00f1ones autom\u00e1ticos para que los ni\u00f1os creen historias de r\u00e1pido movimiento.<\/li>\n<li>Incluye una minifigura coleccionable dorada de Jay Legacy con un peque\u00f1o soporte para celebrar el d\u00e9cimo aniversario de los juguetes NINJAGO.<\/li>\n<li>Busque minifiguras doradas coleccionables m\u00e1s especiales en otros conjuntos de NINJAGO: Tournament of Elements (71735), Boulder Blaster (71736) y X-1 Ninja Charger (71737)<\/li>\n<\/ul>\n","protected":false},"excerpt":{"rendered":"<p>Haz que los j\u00f3venes fan\u00e1ticos de los ninjas interpreten emocionantes escenas de la temporada 5 de la serie de televisi\u00f3n LEGO NINJAGO, con este juego Legacy de Zane&#8217;s Titan Mech<\/p>\n","protected":false},"featured_media":64546,"comment_status":"open","ping_status":"closed","template":"","meta":{"_acf_changed":false,"_joinchat":[]},"product_brand":[],"product_cat":[886,1097,1196],"product_tag":[],"class_list":{"0":"post-64545","1":"product","2":"type-product","3":"status-publish","4":"has-post-thumbnail","6":"product_cat-juguetesycoleccionables","7":"product_cat-juguetes","8":"product_cat-legos","10":"first","11":"instock","12":"sale","13":"shipping-taxable","14":"purchasable","15":"product-type-simple"},"acf":[],"_links":{"self":[{"href":"https:\/\/defabrica.com.mx\/defabrica\/wp-json\/wp\/v2\/product\/64545","targetHints":{"allow":["GET"]}}],"collection":[{"href":"https:\/\/defabrica.com.mx\/defabrica\/wp-json\/wp\/v2\/product"}],"about":[{"href":"https:\/\/defabrica.com.mx\/defabrica\/wp-json\/wp\/v2\/types\/product"}],"replies":[{"embeddable":true,"href":"https:\/\/defabrica.com.mx\/defabrica\/wp-json\/wp\/v2\/comments?post=64545"}],"wp:featuredmedia":[{"embeddable":true,"href":"https:\/\/defabrica.com.mx\/defabrica\/wp-json\/wp\/v2\/media\/64546"}],"wp:attachment":[{"href":"https:\/\/defabrica.com.mx\/defabrica\/wp-json\/wp\/v2\/media?parent=64545"}],"wp:term":[{"taxonomy":"product_brand","embeddable":true,"href":"https:\/\/defabrica.com.mx\/defabrica\/wp-json\/wp\/v2\/product_brand?post=64545"},{"taxonomy":"product_cat","embeddable":true,"href":"https:\/\/defabrica.com.mx\/defabrica\/wp-json\/wp\/v2\/product_cat?post=64545"},{"taxonomy":"product_tag","embeddable":true,"href":"https:\/\/defabrica.com.mx\/defabrica\/wp-json\/wp\/v2\/product_tag?post=64545"}],"curies":[{"name":"wp","href":"https:\/\/api.w.org\/{rel}","templated":true}]}}