{"id":64538,"date":"2021-11-22T01:13:49","date_gmt":"2021-11-22T07:13:49","guid":{"rendered":"https:\/\/defabrica.com.mx\/defabrica\/?post_type=product&#038;p=64538"},"modified":"2023-01-27T10:32:51","modified_gmt":"2023-01-27T16:32:51","slug":"lego-star-wars-casco-mandaloriano-boba-fett","status":"publish","type":"product","link":"https:\/\/defabrica.com.mx\/defabrica\/producto\/lego-star-wars-casco-mandaloriano-boba-fett\/","title":{"rendered":"LEGO &#8211; Star Wars Casco Mandaloriano Boba Fett"},"content":{"rendered":"<div class=\"mb3\">\n<div class=\"dangerous-html mb3\">\n<p>\u00a1Construye y exhibe un clon LEGO de uno de los cazarrecompensas m\u00e1s mort\u00edferos de la galaxia con este kit modelo Boba Fett Helmet 75277!\u00a0Es una s\u00faper idea de regalo de LEGO Star Wars para fan\u00e1ticos adultos y ofrece un desaf\u00edo de prueba para constructores de LEGO experimentados, con la forma familiar y los detalles aut\u00e9nticos del casco bellamente recreados con ladrillos LEGO.\u00a0Este coleccionable de LEGO Boba Fett tiene una base con una placa de identificaci\u00f3n para exhibirlo en casa, en la oficina o en cualquier otro lugar de la galaxia.\u00a0El Grupo LEGO ha estado creando versiones construidas con ladrillos de naves estelares, veh\u00edculos, lugares y personajes ic\u00f3nicos de Star Wars desde 1999. LEGO Star Wars se ha convertido en un tema de gran \u00e9xito, con una amplia gama de juegos de construcci\u00f3n para emocionar a los fan\u00e1ticos de todas las edades, \u00bfpor qu\u00e9? no te involucres<\/p>\n<p>&nbsp;<\/p>\n<\/div>\n<\/div>\n<h3><strong>Caracter\u00edsticas<\/strong><\/h3>\n<ul>\n<li>Rinde homenaje a uno de los cazarrecompensas m\u00e1s temibles del universo de Star Wars y desaf\u00eda tus habilidades de construcci\u00f3n con LEGO para construir este incre\u00edble modelo de recuerdos Boba Fett Helmet 75277 para exhibir.<\/li>\n<li>Los detalles aut\u00e9nticos del casco Boba Fett est\u00e1n bellamente reproducidos con ladrillos LEGO. Mostrado en su base con placa de identificaci\u00f3n, este modelo despertar\u00e1 recuerdos de emocionantes escenas de Star Wars.<\/li>\n<li>El mejor regalo para los fan\u00e1ticos de Star Wars mayores de 18 a\u00f1os y cualquier constructor de LEGO experimentado, este casco de Star Wars Boba Fett de 625 piezas ofrece un proyecto de construcci\u00f3n desafiante.<\/li>\n<li>Este casco LEGO Star Wars Boba Fett mide 21 cm de altura, 11 cm de ancho y 11 cm de profundidad; no ocupa mucho espacio, pero sus llamativos detalles har\u00e1n las delicias de cualquier Star Wars. admirador<\/li>\n<li>Este fant\u00e1stico juego de construcci\u00f3n sin pilas para adultos creativos ofrece una estructura relajante y que alivia el estr\u00e9s. \u00a1As\u00ed que t\u00f3mate un tiempo, encuentra tu edificio Zen y construye un fant\u00e1stico modelo de construcci\u00f3n y exhibici\u00f3n de personajes de Star Wars!<\/li>\n<li>\u00a1No es necesario usar la Fuerza para conectar o separar ladrillos LEG! Cumplen con los m\u00e1s altos est\u00e1ndares de la industria para garantizar la coherencia y una conexi\u00f3n perfecta y f\u00e1cil.<\/li>\n<li>Los ladrillos y piezas de LEGO se dejan caer, se calientan, se trituran, se retuercen y se analizan para garantizar que este set LEGO Star Wars cumpla con los m\u00e1s altos est\u00e1ndares de seguridad en la tierra (\u00a1y en galaxias muy, muy lejanas!)<\/li>\n<\/ul>\n<div class=\"mb3\"><\/div>\n","protected":false},"excerpt":{"rendered":"<p>\u00a1Construye y exhibe un clon LEGO de uno de los cazarrecompensas m\u00e1s mort\u00edferos de la galaxia con este kit modelo Boba Fett Helmet 75277!\u00a0Es una s\u00faper idea de regalo de<\/p>\n","protected":false},"featured_media":64539,"comment_status":"open","ping_status":"closed","template":"","meta":{"_acf_changed":false,"_joinchat":[]},"product_brand":[],"product_cat":[886,1097,1196],"product_tag":[],"class_list":{"0":"post-64538","1":"product","2":"type-product","3":"status-publish","4":"has-post-thumbnail","6":"product_cat-juguetesycoleccionables","7":"product_cat-juguetes","8":"product_cat-legos","10":"first","11":"instock","12":"sale","13":"shipping-taxable","14":"purchasable","15":"product-type-simple"},"acf":[],"_links":{"self":[{"href":"https:\/\/defabrica.com.mx\/defabrica\/wp-json\/wp\/v2\/product\/64538","targetHints":{"allow":["GET"]}}],"collection":[{"href":"https:\/\/defabrica.com.mx\/defabrica\/wp-json\/wp\/v2\/product"}],"about":[{"href":"https:\/\/defabrica.com.mx\/defabrica\/wp-json\/wp\/v2\/types\/product"}],"replies":[{"embeddable":true,"href":"https:\/\/defabrica.com.mx\/defabrica\/wp-json\/wp\/v2\/comments?post=64538"}],"wp:featuredmedia":[{"embeddable":true,"href":"https:\/\/defabrica.com.mx\/defabrica\/wp-json\/wp\/v2\/media\/64539"}],"wp:attachment":[{"href":"https:\/\/defabrica.com.mx\/defabrica\/wp-json\/wp\/v2\/media?parent=64538"}],"wp:term":[{"taxonomy":"product_brand","embeddable":true,"href":"https:\/\/defabrica.com.mx\/defabrica\/wp-json\/wp\/v2\/product_brand?post=64538"},{"taxonomy":"product_cat","embeddable":true,"href":"https:\/\/defabrica.com.mx\/defabrica\/wp-json\/wp\/v2\/product_cat?post=64538"},{"taxonomy":"product_tag","embeddable":true,"href":"https:\/\/defabrica.com.mx\/defabrica\/wp-json\/wp\/v2\/product_tag?post=64538"}],"curies":[{"name":"wp","href":"https:\/\/api.w.org\/{rel}","templated":true}]}}