{"id":64527,"date":"2021-11-22T01:05:38","date_gmt":"2021-11-22T07:05:38","guid":{"rendered":"https:\/\/defabrica.com.mx\/defabrica\/?post_type=product&#038;p=64527"},"modified":"2023-01-27T10:30:56","modified_gmt":"2023-01-27T16:30:56","slug":"lego-star-wars-skywalker-adventures-66674-2","status":"publish","type":"product","link":"https:\/\/defabrica.com.mx\/defabrica\/producto\/lego-star-wars-skywalker-adventures-66674-2\/","title":{"rendered":"LEGO &#8211; Star Wars Skywalker Adventures &#8211; 66674"},"content":{"rendered":"<div class=\"mb3\">\n<div class=\"dangerous-html mb3\">\n<p>A cualquier joven Maestro Jedi le encantar\u00e1n estos juegos de construcci\u00f3n LEGO\u00ae Star Wars \u2122 llenos de aventuras.\u00a0Pueden recrear y reimaginar escenas de Star Wars \u2122: Una nueva esperanza (Episodio IV) y Star Wars \u2122: La venganza de los Sith (Episodio III) con minifiguras cl\u00e1sicas como Luke Skywalker \u2122, Obi-Wan Kenobi \u2122 y C-3PO \u2122. .\u00a0Lucha en Mustafar \u2122, atraviesa el desierto de Tatooine \u2122 o escucha el holograma Princess Leia \u2122 solicitando tu ayuda en una misi\u00f3n importante en la caba\u00f1a de Obi-Wan Kenobi.\u00a0Este set de regalo LEGO\u00ae Star Wars \u2122 es imprescindible para los superfan y har\u00e1 las delicias de los fans de todas las edades.<\/p>\n<p>&nbsp;<\/p>\n<\/div>\n<\/div>\n<h3><strong>Caracter\u00edsticas<\/strong><\/h3>\n<ul>\n<li class=\"mb3\">Siente la Fuerza en un mundo de acci\u00f3n y aventuras con 3 sets LEGO\u00ae: 75270 LEGO\u00ae Star Wars \u2122 Obi-Wan&#8217;s Hut. 75271 LEGO\u00ae Star Wars \u2122 Landspeeder \u2122 de Luke Skywalker y 75269 LEGO\u00ae Star Wars \u2122 Duelo en Mustafar \u2122. (644 piezas en total)<\/li>\n<li class=\"mb3\">Este juego de regalo coleccionable de 3 LEGO\u00ae Star Wars \u2122 est\u00e1 hecho exclusivamente con ladrillos de construcci\u00f3n LEGO\u00ae Star Wars \u2122 y funciona con la creatividad de los ni\u00f1os, sin necesidad de pilas, \u00a1para que las aventuras de juego nunca se agoten!<\/li>\n<li class=\"mb3\">Haz que la construcci\u00f3n sea m\u00e1s divertida para los ni\u00f1os con las intuitivas Instrucciones PLUS a trav\u00e9s de la aplicaci\u00f3n LEGO\u00ae Life. Incluso los constructores m\u00e1s j\u00f3venes pueden hacer zoom, rotar y visualizar los modelos para construir de Star Wars \u2122 mientras crean las versiones de la vida real.<\/li>\n<li class=\"mb3\">Ideal para jugar solo o en grupo, este juego de 644 piezas es un excelente regalo de cumplea\u00f1os o vacaciones o un regalo sorpresa especial para ni\u00f1os mayores de 7 a\u00f1os. Una excelente introducci\u00f3n a los modelos de construcci\u00f3n LEGO\u00ae Star Wars \u2122<\/li>\n<li class=\"mb3\">Los juegos de construcci\u00f3n LEGO\u00ae Star Wars \u2122 abren galaxias de diversi\u00f3n de construcci\u00f3n y juegos de rol para que los ni\u00f1os (y los fan\u00e1ticos adultos) inventen sus propias aventuras, recreen escenas de la saga o simplemente muestren los modelos geniales a sus amigos.<\/li>\n<li class=\"mb3\">Desde 1958, los ladrillos y piezas LEGO\u00ae se prueban en casi todas las formas imaginables para asegurarse de que cada conjunto de construcci\u00f3n cumpla con los m\u00e1s altos est\u00e1ndares de seguridad en el planeta Tierra y en galaxias muy, muy lejanas.<\/li>\n<\/ul>\n","protected":false},"excerpt":{"rendered":"<p>A cualquier joven Maestro Jedi le encantar\u00e1n estos juegos de construcci\u00f3n LEGO\u00ae Star Wars \u2122 llenos de aventuras.\u00a0Pueden recrear y reimaginar escenas de Star Wars \u2122: Una nueva esperanza (Episodio<\/p>\n","protected":false},"featured_media":64523,"comment_status":"open","ping_status":"closed","template":"","meta":{"_acf_changed":false,"_joinchat":[]},"product_brand":[],"product_cat":[886,1097,1196],"product_tag":[],"class_list":{"0":"post-64527","1":"product","2":"type-product","3":"status-publish","4":"has-post-thumbnail","6":"product_cat-juguetesycoleccionables","7":"product_cat-juguetes","8":"product_cat-legos","10":"first","11":"instock","12":"sale","13":"shipping-taxable","14":"purchasable","15":"product-type-simple"},"acf":[],"_links":{"self":[{"href":"https:\/\/defabrica.com.mx\/defabrica\/wp-json\/wp\/v2\/product\/64527","targetHints":{"allow":["GET"]}}],"collection":[{"href":"https:\/\/defabrica.com.mx\/defabrica\/wp-json\/wp\/v2\/product"}],"about":[{"href":"https:\/\/defabrica.com.mx\/defabrica\/wp-json\/wp\/v2\/types\/product"}],"replies":[{"embeddable":true,"href":"https:\/\/defabrica.com.mx\/defabrica\/wp-json\/wp\/v2\/comments?post=64527"}],"wp:featuredmedia":[{"embeddable":true,"href":"https:\/\/defabrica.com.mx\/defabrica\/wp-json\/wp\/v2\/media\/64523"}],"wp:attachment":[{"href":"https:\/\/defabrica.com.mx\/defabrica\/wp-json\/wp\/v2\/media?parent=64527"}],"wp:term":[{"taxonomy":"product_brand","embeddable":true,"href":"https:\/\/defabrica.com.mx\/defabrica\/wp-json\/wp\/v2\/product_brand?post=64527"},{"taxonomy":"product_cat","embeddable":true,"href":"https:\/\/defabrica.com.mx\/defabrica\/wp-json\/wp\/v2\/product_cat?post=64527"},{"taxonomy":"product_tag","embeddable":true,"href":"https:\/\/defabrica.com.mx\/defabrica\/wp-json\/wp\/v2\/product_tag?post=64527"}],"curies":[{"name":"wp","href":"https:\/\/api.w.org\/{rel}","templated":true}]}}