{"id":64515,"date":"2021-11-22T01:02:02","date_gmt":"2021-11-22T07:02:02","guid":{"rendered":"https:\/\/defabrica.com.mx\/defabrica\/?post_type=product&#038;p=64515"},"modified":"2023-01-27T10:29:51","modified_gmt":"2023-01-27T16:29:51","slug":"lego-star-wars-el-ascenso-de-skywalker-caza-estelar-y-wing-de-la-resistencia-75249","status":"publish","type":"product","link":"https:\/\/defabrica.com.mx\/defabrica\/producto\/lego-star-wars-el-ascenso-de-skywalker-caza-estelar-y-wing-de-la-resistencia-75249\/","title":{"rendered":"LEGO &#8211; Star Wars: El Ascenso de Skywalker &#8211; Caza Estelar Y-wing de la Resistencia (75249)"},"content":{"rendered":"<div class=\"mb3\">\n<div class=\"dangerous-html mb3\">\n<p>Inspire tanto a las mentes j\u00f3venes como a los coleccionistas adultos con este modelo coleccionable LEGO Star Wars Collector Series 75249 Resistance Y-Wing Starfighter.\u00a0Esta versi\u00f3n actualizada del cl\u00e1sico caza-bombardero, tambi\u00e9n conocido como espoleta, que aparece en la pel\u00edcula Star Wars: The Rise of Skywalker, tiene un esquema de color nuevo para octubre de 2019, cabina que se abre con espacio para una minifigura de acci\u00f3n en el interior, que dispara un resorte. tiradores cargados y arrojando bombas que inspirar\u00e1n a los ni\u00f1os creativos a crear escenas llenas de acci\u00f3n con sus amigos.\u00a0Con los personajes de Poe Dameron, Zorii Bliss y First Order Snowtrooper Star Wars, y figuras LEGO de DO y droides astromec\u00e1nicos, este avanzado juego de modelos de naves estelares tambi\u00e9n es un gran regalo navide\u00f1o de Star Wars para agregar a cualquier colecci\u00f3n de fan\u00e1ticos.<\/p>\n<p>&nbsp;<\/p>\n<\/div>\n<\/div>\n<h3><strong>Caracter\u00edsticas<\/strong><\/h3>\n<ul>\n<li>\u00a1Construye, juega y exhibe un modelo coleccionable de nave estelar avanzada LEGO Star Wars Resistance con alas en Y que dispara misiles y lanza bombas, con un esquema de color nuevo para octubre de 2019 como se ve en la pel\u00edcula Star Wars: The Rise of Skywalker!<\/li>\n<li>Este juego coleccionable de Star Wars incluye 5 personajes LEGO Star Wars; Poe Dameron, Zorii Bliss y minifiguras First Order Snowtrooper, y DO y droide astromec\u00e1nico Estas minifiguras LEGO ponen en marcha la acci\u00f3n de inmediato<\/li>\n<li>Este modelo LEGO Y-wing Starfighter, tambi\u00e9n conocido como espoleta, tiene muchas caracter\u00edsticas que los coleccionistas ni\u00f1os y adultos realmente apreciar\u00e1n, incluida una cabina abatible, disparos de disparos con resorte y elementos de bomba que se pueden soltar.<\/li>\n<li>Este kit de construcci\u00f3n Y-Wing te permite crear momentos fant\u00e1sticos de la exitosa pel\u00edcula Star Wars: The Rise of Skywalker Reproduce tus escenas favoritas con este juego de modelos inspirador y coleccionable.<\/li>\n<li>Este avanzado juguete infantil LEGO Star Wars Starfighter de 578 piezas para ni\u00f1os y ni\u00f1as mayores de 8 a\u00f1os mide m\u00e1s de 2 (7 cm) de alto, 16 (43 cm) de largo y 7 (19 cm) de ancho.<br \/>\nNuestro objetivo es mostrarle informaci\u00f3n precisa sobre el prod<\/li>\n<\/ul>\n<div class=\"mb3\"><\/div>\n","protected":false},"excerpt":{"rendered":"<p>Inspire tanto a las mentes j\u00f3venes como a los coleccionistas adultos con este modelo coleccionable LEGO Star Wars Collector Series 75249 Resistance Y-Wing Starfighter.\u00a0Esta versi\u00f3n actualizada del cl\u00e1sico caza-bombardero, tambi\u00e9n<\/p>\n","protected":false},"featured_media":64516,"comment_status":"open","ping_status":"closed","template":"","meta":{"_acf_changed":false,"_joinchat":[]},"product_brand":[],"product_cat":[886,1097,1196],"product_tag":[],"class_list":{"0":"post-64515","1":"product","2":"type-product","3":"status-publish","4":"has-post-thumbnail","6":"product_cat-juguetesycoleccionables","7":"product_cat-juguetes","8":"product_cat-legos","10":"first","11":"instock","12":"sale","13":"shipping-taxable","14":"purchasable","15":"product-type-simple"},"acf":[],"_links":{"self":[{"href":"https:\/\/defabrica.com.mx\/defabrica\/wp-json\/wp\/v2\/product\/64515","targetHints":{"allow":["GET"]}}],"collection":[{"href":"https:\/\/defabrica.com.mx\/defabrica\/wp-json\/wp\/v2\/product"}],"about":[{"href":"https:\/\/defabrica.com.mx\/defabrica\/wp-json\/wp\/v2\/types\/product"}],"replies":[{"embeddable":true,"href":"https:\/\/defabrica.com.mx\/defabrica\/wp-json\/wp\/v2\/comments?post=64515"}],"wp:featuredmedia":[{"embeddable":true,"href":"https:\/\/defabrica.com.mx\/defabrica\/wp-json\/wp\/v2\/media\/64516"}],"wp:attachment":[{"href":"https:\/\/defabrica.com.mx\/defabrica\/wp-json\/wp\/v2\/media?parent=64515"}],"wp:term":[{"taxonomy":"product_brand","embeddable":true,"href":"https:\/\/defabrica.com.mx\/defabrica\/wp-json\/wp\/v2\/product_brand?post=64515"},{"taxonomy":"product_cat","embeddable":true,"href":"https:\/\/defabrica.com.mx\/defabrica\/wp-json\/wp\/v2\/product_cat?post=64515"},{"taxonomy":"product_tag","embeddable":true,"href":"https:\/\/defabrica.com.mx\/defabrica\/wp-json\/wp\/v2\/product_tag?post=64515"}],"curies":[{"name":"wp","href":"https:\/\/api.w.org\/{rel}","templated":true}]}}