{"id":64501,"date":"2021-11-22T00:42:20","date_gmt":"2021-11-22T06:42:20","guid":{"rendered":"https:\/\/defabrica.com.mx\/defabrica\/?post_type=product&#038;p=64501"},"modified":"2022-12-07T14:34:45","modified_gmt":"2022-12-07T20:34:45","slug":"lego-harry-potter-y-el-caliz-de-fuego-torre-del-reloj-de-hogwarts-75948","status":"publish","type":"product","link":"https:\/\/defabrica.com.mx\/defabrica\/producto\/lego-harry-potter-y-el-caliz-de-fuego-torre-del-reloj-de-hogwarts-75948\/","title":{"rendered":"LEGO &#8211; Harry Potter y el C\u00e1liz de Fuego &#8211; Torre del Reloj de Hogwarts (75948)"},"content":{"rendered":"<div class=\"mb3\">\n<div class=\"dangerous-html mb3\">\n<p>Transporta a los fan\u00e1ticos de los sets LEGO de Harry Potter a partir de los 9 a\u00f1os a un mundo m\u00e1gico dentro de la Torre del Reloj del Castillo de Hogwarts con este maravilloso juego de magos.\u00a0Con 8 minifiguras de personajes de Harry Potter y ubicaciones ic\u00f3nicas de Harry Potter y el prisionero de Azkaban y Harry Potter y el c\u00e1liz de fuego, los ni\u00f1os se sumergir\u00e1n en un mundo de juego imaginativo.\u00a0Ya sea visitando la oficina de Dumbledor o asistiendo a una lecci\u00f3n de Defensa Contra las Artes Oscuras, viajando en el tiempo reiniciando el reloj de la torre o relaj\u00e1ndose en el Baile de Navidad al operar la funci\u00f3n de baile en movimiento una vez que ingresan a la Torre del Reloj de Hogwarts, \u00a1nunca querr\u00e1n irse!<\/p>\n<p>&nbsp;<\/p>\n<\/div>\n<\/div>\n<h3><strong>Caracter\u00edsticas<\/strong><\/h3>\n<ul>\n<li>Este set de Harry Potter alberga la Torre del Reloj del Castillo de Hogwarts LEGO de 3 niveles con ubicaciones ic\u00f3nicas de las pel\u00edculas de Harry Potter, incluido el aula de Defensa Contra las Artes Oscuras, la Oficina de Dumbledores y la secci\u00f3n del Sal\u00f3n de Baile Icy<\/li>\n<li>Este set LEGO de Harry Potter incluye 8 minifiguras de tus personajes favoritos: Harry Potter, Ron Weasley, Hermione Granger, Fleur Delacour, Cedric Diggory, Viktor Krum, Albus Dumbledore y adame Maxime.<\/li>\n<li>Los ni\u00f1os pueden crear su propio mundo de Harry Potter con la colecci\u00f3n de juegos de construcci\u00f3n de LEGO inspirados en los ic\u00f3nicos libros y pel\u00edculas.<\/li>\n<li>El juego de juguete LEGO Hogwarts Clock Tower 75948 se puede construir junto con todos los dem\u00e1s juegos LEGO originales y ladrillos EGO para una construcci\u00f3n creativa, \u00a1y es un gran gif de Harry Potter para cualquier entusiasta de los magos! La torre del reloj de Hogwarts mide m\u00e1s de 13 (35 cm) de alto, 13 (34 cm) de ancho y (18 cm) de profundidad.<br \/>\nJuego de LEGO de Harry Potter de 922 piezas para ni\u00f1os y ni\u00f1as a partir de 9 a\u00f1os o fan\u00e1ticos y ni\u00f1os de todas las edades<\/li>\n<\/ul>\n<div class=\"mb3\"><\/div>\n","protected":false},"excerpt":{"rendered":"<p>Transporta a los fan\u00e1ticos de los sets LEGO de Harry Potter a partir de los 9 a\u00f1os a un mundo m\u00e1gico dentro de la Torre del Reloj del Castillo de<\/p>\n","protected":false},"featured_media":64498,"comment_status":"open","ping_status":"closed","template":"","meta":{"_acf_changed":false,"_joinchat":[]},"product_brand":[],"product_cat":[886,1097,1196],"product_tag":[],"class_list":{"0":"post-64501","1":"product","2":"type-product","3":"status-publish","4":"has-post-thumbnail","6":"product_cat-juguetesycoleccionables","7":"product_cat-juguetes","8":"product_cat-legos","10":"first","11":"instock","12":"sale","13":"shipping-taxable","14":"purchasable","15":"product-type-simple"},"acf":[],"_links":{"self":[{"href":"https:\/\/defabrica.com.mx\/defabrica\/wp-json\/wp\/v2\/product\/64501","targetHints":{"allow":["GET"]}}],"collection":[{"href":"https:\/\/defabrica.com.mx\/defabrica\/wp-json\/wp\/v2\/product"}],"about":[{"href":"https:\/\/defabrica.com.mx\/defabrica\/wp-json\/wp\/v2\/types\/product"}],"replies":[{"embeddable":true,"href":"https:\/\/defabrica.com.mx\/defabrica\/wp-json\/wp\/v2\/comments?post=64501"}],"wp:featuredmedia":[{"embeddable":true,"href":"https:\/\/defabrica.com.mx\/defabrica\/wp-json\/wp\/v2\/media\/64498"}],"wp:attachment":[{"href":"https:\/\/defabrica.com.mx\/defabrica\/wp-json\/wp\/v2\/media?parent=64501"}],"wp:term":[{"taxonomy":"product_brand","embeddable":true,"href":"https:\/\/defabrica.com.mx\/defabrica\/wp-json\/wp\/v2\/product_brand?post=64501"},{"taxonomy":"product_cat","embeddable":true,"href":"https:\/\/defabrica.com.mx\/defabrica\/wp-json\/wp\/v2\/product_cat?post=64501"},{"taxonomy":"product_tag","embeddable":true,"href":"https:\/\/defabrica.com.mx\/defabrica\/wp-json\/wp\/v2\/product_tag?post=64501"}],"curies":[{"name":"wp","href":"https:\/\/api.w.org\/{rel}","templated":true}]}}