{"id":64482,"date":"2021-11-22T00:24:17","date_gmt":"2021-11-22T06:24:17","guid":{"rendered":"https:\/\/defabrica.com.mx\/defabrica\/?post_type=product&#038;p=64482"},"modified":"2022-12-07T14:33:33","modified_gmt":"2022-12-07T20:33:33","slug":"lego-star-wars-75273-caza-x-wing-de-poe-dameron-761-piezas","status":"publish","type":"product","link":"https:\/\/defabrica.com.mx\/defabrica\/producto\/lego-star-wars-75273-caza-x-wing-de-poe-dameron-761-piezas\/","title":{"rendered":"LEGO Star Wars 75273 Caza X-wing de Poe Dameron (761 piezas)"},"content":{"rendered":"<div class=\"mb3\">\n<div class=\"dangerous-html mb3\">\n<p>\u00a1Deje que los j\u00f3venes se sientan como el h\u00e9roe de la Resistencia Poe Dameron con este luchador Ala-X!\u00a0A los fan\u00e1ticos les encantar\u00e1 el dise\u00f1o elegante, al igual que el X-wing en Star Wars: The Rise of Skywalker.\u00a0Tiene un mont\u00f3n de caracter\u00edsticas que inspiran el juego, alas ajustables para los modos de crucero y ataque, funciones de disparo, tren de aterrizaje retr\u00e1ctil y m\u00e1s.\u00a0Este genial caza estelar viene con 3 minifiguras: Poe Dameron, Caballero de Ren, Jannah con armas, adem\u00e1s de R2-D2 para inspirar el juego de roles Resistencia vs.Primer Orden.\u00a0Una idea de regalo \u00e9pica para cualquier joven fan\u00e1tico de Star Wars, este juego de construcci\u00f3n es ideal para jugar solo o en grupo y agrega el 75272 Sith TIE Fighter para a\u00fan m\u00e1s acci\u00f3n.\u00a0El Grupo LEGO ha estado creando versiones construidas con ladrillos de los ic\u00f3nicos cazas estelares, veh\u00edculos, ubicaciones y personajes de Star Wars desde 1999. It &#8216;<\/p>\n<p>&nbsp;<\/p>\n<\/div>\n<\/div>\n<h3><strong>Caracter\u00edsticas<\/strong><\/h3>\n<ul>\n<li class=\"mb3\">Los ni\u00f1os pueden interpretar al h\u00e9roe de la Resistencia Poe Dameron y volar a la batalla con esta nueva versi\u00f3n LEGO Star Wars del cl\u00e1sico caza estelar Ala-X (75273) de Star Wars: The Rise of Skywalker.<\/li>\n<li class=\"mb3\">Un mont\u00f3n de caracter\u00edsticas que inspiran el juego, que incluyen una cabina abatible para una minifigura, espacio para R2-D2, alas ajustables para el modo crucero y ataque, ca\u00f1ones y ca\u00f1ones autom\u00e1ticos y tren de aterrizaje retr\u00e1ctil.<\/li>\n<li class=\"mb3\">Incluye un droide LEGO R2-D2 m\u00e1s 3 minifiguras de juguete de personajes de Star Wars, Poe Dameron, Knight of Ren y Jannah con nuevas caracter\u00edsticas, adem\u00e1s de pistolas bl\u00e1ster, un arco y otras armas para las batallas.<\/li>\n<li class=\"mb3\">Este set LEGO Star Wars de 761 piezas es una gran idea para un regalo y ofrece un desaf\u00edo de construcci\u00f3n divertido y gratificante para ni\u00f1os y ni\u00f1as a partir de 9 a\u00f1os. Agrega el Sith TIE Fighter (75273) para batallas \u00e9picas de First Order vs.Ristance<\/li>\n<li class=\"mb3\">El juguete de construcci\u00f3n de caza X-wing mide m\u00e1s de 3 (8 cm) de alto, 14 (37 cm) de largo y 12 (32 cm) de ancho, por lo que es una pieza central llamativa para presumir ante amigos cuando no se vuela en misiones de la Resistencia.<\/li>\n<li class=\"mb3\">\u00a1Este set LEGO coleccionable de X-wing funciona con ni\u00f1os creativos que piensan libremente sin necesidad de pilas para que las aventuras de acci\u00f3n nunca se detengan!<\/li>\n<li class=\"mb3\">\u00bfSu hijo es nuevo en los juegos de LEGO? No se preocupe. \u00a1Este juguete de construcci\u00f3n X-wing viene con instrucciones impresas f\u00e1ciles de seguir para que puedan abrir la caja, comenzar a construir de inmediato y sentirse incre\u00edble al nivel Jedi!<\/li>\n<li class=\"mb3\">Los juguetes de construcci\u00f3n LEGO Star Wars son ideales para que los ni\u00f1os (y los fan\u00e1ticos adultos) construyan y exhiban, recreen escenas de la memorable saga de Star Wars y creen sus propias historias \u00fanicas.<\/li>\n<li class=\"mb3\">\u00a1Desde 1958, los ladrillos LEGO han cumplido con los m\u00e1s altos est\u00e1ndares de la industria, lo que garantiza que sean consistentes y que se conecten y separen f\u00e1cilmente cada vez que no sea necesario usar la Fuerza!<\/li>\n<li class=\"mb3\">Los ladrillos y piezas de LEGO se prueban en casi todas las formas imaginables para asegurarse de que cada conjunto de construcci\u00f3n cumpla con los m\u00e1s altos est\u00e1ndares de seguridad aqu\u00ed en el planeta tierra (\u00a1y en galaxias muy, muy lejanas!)<\/li>\n<\/ul>\n","protected":false},"excerpt":{"rendered":"<p>\u00a1Deje que los j\u00f3venes se sientan como el h\u00e9roe de la Resistencia Poe Dameron con este luchador Ala-X!\u00a0A los fan\u00e1ticos les encantar\u00e1 el dise\u00f1o elegante, al igual que el X-wing<\/p>\n","protected":false},"featured_media":64483,"comment_status":"open","ping_status":"closed","template":"","meta":{"_acf_changed":false,"_joinchat":[]},"product_brand":[],"product_cat":[886,1097,1196],"product_tag":[],"class_list":{"0":"post-64482","1":"product","2":"type-product","3":"status-publish","4":"has-post-thumbnail","6":"product_cat-juguetesycoleccionables","7":"product_cat-juguetes","8":"product_cat-legos","10":"first","11":"instock","12":"sale","13":"shipping-taxable","14":"purchasable","15":"product-type-simple"},"acf":[],"_links":{"self":[{"href":"https:\/\/defabrica.com.mx\/defabrica\/wp-json\/wp\/v2\/product\/64482","targetHints":{"allow":["GET"]}}],"collection":[{"href":"https:\/\/defabrica.com.mx\/defabrica\/wp-json\/wp\/v2\/product"}],"about":[{"href":"https:\/\/defabrica.com.mx\/defabrica\/wp-json\/wp\/v2\/types\/product"}],"replies":[{"embeddable":true,"href":"https:\/\/defabrica.com.mx\/defabrica\/wp-json\/wp\/v2\/comments?post=64482"}],"wp:featuredmedia":[{"embeddable":true,"href":"https:\/\/defabrica.com.mx\/defabrica\/wp-json\/wp\/v2\/media\/64483"}],"wp:attachment":[{"href":"https:\/\/defabrica.com.mx\/defabrica\/wp-json\/wp\/v2\/media?parent=64482"}],"wp:term":[{"taxonomy":"product_brand","embeddable":true,"href":"https:\/\/defabrica.com.mx\/defabrica\/wp-json\/wp\/v2\/product_brand?post=64482"},{"taxonomy":"product_cat","embeddable":true,"href":"https:\/\/defabrica.com.mx\/defabrica\/wp-json\/wp\/v2\/product_cat?post=64482"},{"taxonomy":"product_tag","embeddable":true,"href":"https:\/\/defabrica.com.mx\/defabrica\/wp-json\/wp\/v2\/product_tag?post=64482"}],"curies":[{"name":"wp","href":"https:\/\/api.w.org\/{rel}","templated":true}]}}