{"id":64475,"date":"2021-11-22T00:18:34","date_gmt":"2021-11-22T06:18:34","guid":{"rendered":"https:\/\/defabrica.com.mx\/defabrica\/?post_type=product&#038;p=64475"},"modified":"2023-01-27T10:23:22","modified_gmt":"2023-01-27T16:23:22","slug":"lego-kit-de-construccion-creator-3-en-1-31109-barco-pirata-1260-piezas","status":"publish","type":"product","link":"https:\/\/defabrica.com.mx\/defabrica\/producto\/lego-kit-de-construccion-creator-3-en-1-31109-barco-pirata-1260-piezas\/","title":{"rendered":"LEGO &#8211; Kit de construcci\u00f3n Creator 3 en 1 31109 Barco Pirata (1260 Piezas)"},"content":{"rendered":"<p>\u00a1La alta mar est\u00e1 llamando!\u00a0Aventuras de capa y espada aguardan a los fan\u00e1ticos de los piratas en el juguete Barco pirata 3 en 1 LEGO Creator 31109.\u00a0Este impresionante y detallado set incluye un barco pirata de juguete con velas en movimiento, ca\u00f1ones y una cabina con techo y costados que se abren, 3 minifiguras, figuras para construir que incluyen un tibur\u00f3n y un loro, adem\u00e1s de muchos otros detalles construidos con ladrillos y accesorios geniales para saltar. empezar a jugar.\u00a0Al menos 3 experiencias diferentes de construcci\u00f3n y juego son posibles con este juego de juguetes LEGO Creator 3 en 1.\u00a0Los ni\u00f1os pueden construir un barco pirata y luego convertirlo en la posada de los piratas o en una espeluznante isla calavera.\u00a0O pueden dar rienda suelta a su creatividad y dise\u00f1ar algo nuevo.\u00a0Los juegos LEGO Creator 3 en 1 ofrecen a los ni\u00f1os diferentes modelos que son realistas y fomentan el juego imaginativo.\u00a0Los modelos brindan infinitas oportunidades de construcci\u00f3n y juego al tiempo que ayudan a estimular la creatividad en ni\u00f1os de todas las edades.<\/p>\n<h3><strong>Caracter\u00edsticas<\/strong><\/h3>\n<ul>\n<li>El juego de construcci\u00f3n Barco pirata 31109 de LEGO Creator 3 en 1 fomenta el juego creativo de los ni\u00f1os, con 3 modelos en 1: un barco pirata cl\u00e1sico, una posada r\u00fastica de los piratas y la misteriosa Isla Calavera. Construir y reconstruir mantiene el juego en marcha<\/li>\n<li>\u00a1Una gran cantidad de oportunidades! Los ni\u00f1os pueden desarrollar sus habilidades de construcci\u00f3n y creatividad con el s\u00faper detallado juguete Barco Pirata, visitar Pirates &#8216;Inn para comer algo, explorar la Isla Calavera o crear un modelo totalmente nuevo.<\/li>\n<li>Este set ofrece 3 opciones para construir: un barco pirata LEGO Creator 3en1 31109, Pirates &#8216;Inn o Skull Island, para jugar solo o combinar con otros sets. El set tambi\u00e9n tiene 3 minifiguras piratas para posibilidades de juego adicionales.<\/li>\n<li>A cualquier fan\u00e1tico del juego creativo y la construcci\u00f3n le encantar\u00e1 este incre\u00edble set. Los modelos realistas Pirate Ship, Pirates &#8216;Inn y Skull Island funcionan como un gran regalo para ni\u00f1os y ni\u00f1as a partir de 9 a\u00f1os.<\/li>\n<li>\u00a1La alta mar est\u00e1 llamando! El barco pirata mide m\u00e1s de 14 \u00ab(37 cm) de alto, 18\u00bb (46 cm) de largo y 7 \u00ab(19 cm) de ancho, lo que significa que este emocionante juguete est\u00e1 lleno de incre\u00edbles detalles y es lo suficientemente grande para divertirse en solitario o en grupo.<\/li>\n<\/ul>\n","protected":false},"excerpt":{"rendered":"<p>\u00a1La alta mar est\u00e1 llamando!\u00a0Aventuras de capa y espada aguardan a los fan\u00e1ticos de los piratas en el juguete Barco pirata 3 en 1 LEGO Creator 31109.\u00a0Este impresionante y detallado<\/p>\n","protected":false},"featured_media":64476,"comment_status":"open","ping_status":"closed","template":"","meta":{"_acf_changed":false,"_joinchat":[]},"product_brand":[],"product_cat":[886,1097,1196],"product_tag":[],"class_list":{"0":"post-64475","1":"product","2":"type-product","3":"status-publish","4":"has-post-thumbnail","6":"product_cat-juguetesycoleccionables","7":"product_cat-juguetes","8":"product_cat-legos","10":"first","11":"instock","12":"sale","13":"shipping-taxable","14":"purchasable","15":"product-type-simple"},"acf":[],"_links":{"self":[{"href":"https:\/\/defabrica.com.mx\/defabrica\/wp-json\/wp\/v2\/product\/64475","targetHints":{"allow":["GET"]}}],"collection":[{"href":"https:\/\/defabrica.com.mx\/defabrica\/wp-json\/wp\/v2\/product"}],"about":[{"href":"https:\/\/defabrica.com.mx\/defabrica\/wp-json\/wp\/v2\/types\/product"}],"replies":[{"embeddable":true,"href":"https:\/\/defabrica.com.mx\/defabrica\/wp-json\/wp\/v2\/comments?post=64475"}],"wp:featuredmedia":[{"embeddable":true,"href":"https:\/\/defabrica.com.mx\/defabrica\/wp-json\/wp\/v2\/media\/64476"}],"wp:attachment":[{"href":"https:\/\/defabrica.com.mx\/defabrica\/wp-json\/wp\/v2\/media?parent=64475"}],"wp:term":[{"taxonomy":"product_brand","embeddable":true,"href":"https:\/\/defabrica.com.mx\/defabrica\/wp-json\/wp\/v2\/product_brand?post=64475"},{"taxonomy":"product_cat","embeddable":true,"href":"https:\/\/defabrica.com.mx\/defabrica\/wp-json\/wp\/v2\/product_cat?post=64475"},{"taxonomy":"product_tag","embeddable":true,"href":"https:\/\/defabrica.com.mx\/defabrica\/wp-json\/wp\/v2\/product_tag?post=64475"}],"curies":[{"name":"wp","href":"https:\/\/api.w.org\/{rel}","templated":true}]}}