{"id":64434,"date":"2021-11-21T17:06:10","date_gmt":"2021-11-21T23:06:10","guid":{"rendered":"https:\/\/defabrica.com.mx\/defabrica\/?post_type=product&#038;p=64434"},"modified":"2023-01-27T10:40:26","modified_gmt":"2023-01-27T16:40:26","slug":"lego-bugatti-chiron-technic-42083","status":"publish","type":"product","link":"https:\/\/defabrica.com.mx\/defabrica\/producto\/lego-bugatti-chiron-technic-42083\/","title":{"rendered":"LEGO &#8211; Bugatti Chiron Technic\u2122 (42083)"},"content":{"rendered":"<p>Explore la excelencia en ingenier\u00eda con el juego de construcci\u00f3n avanzado LEGO Technic 42083 Bugatti Chiron.\u00a0Este modelo exclusivo ha sido desarrollado en asociaci\u00f3n con Bugatti Automobiles SAS para capturar la esencia del s\u00faper veh\u00edculo deportivo por excelencia, lo que resulta en una impresionante r\u00e9plica de un superdeportivo, as\u00ed como un juguete atractivo para los entusiastas de los autos de juguete coleccionables.\u00a0Viene con una carrocer\u00eda aerodin\u00e1mica reluciente, llantas de radios con logotipo con neum\u00e1ticos de perfil bajo y discos de freno detallados.<\/p>\n","protected":false},"excerpt":{"rendered":"<p>Explore la excelencia en ingenier\u00eda con el juego de construcci\u00f3n avanzado LEGO Technic 42083 Bugatti Chiron.\u00a0Este modelo exclusivo ha sido desarrollado en asociaci\u00f3n con Bugatti Automobiles SAS para capturar la<\/p>\n","protected":false},"featured_media":64435,"comment_status":"open","ping_status":"closed","template":"","meta":{"_acf_changed":false,"_joinchat":[]},"product_brand":[],"product_cat":[1508,886,1097,1196],"product_tag":[],"class_list":{"0":"post-64434","1":"product","2":"type-product","3":"status-publish","4":"has-post-thumbnail","6":"product_cat-ofertas-primavera-juguetes","7":"product_cat-juguetesycoleccionables","8":"product_cat-juguetes","9":"product_cat-legos","11":"first","12":"instock","13":"sale","14":"shipping-taxable","15":"purchasable","16":"product-type-simple"},"acf":[],"_links":{"self":[{"href":"https:\/\/defabrica.com.mx\/defabrica\/wp-json\/wp\/v2\/product\/64434","targetHints":{"allow":["GET"]}}],"collection":[{"href":"https:\/\/defabrica.com.mx\/defabrica\/wp-json\/wp\/v2\/product"}],"about":[{"href":"https:\/\/defabrica.com.mx\/defabrica\/wp-json\/wp\/v2\/types\/product"}],"replies":[{"embeddable":true,"href":"https:\/\/defabrica.com.mx\/defabrica\/wp-json\/wp\/v2\/comments?post=64434"}],"wp:featuredmedia":[{"embeddable":true,"href":"https:\/\/defabrica.com.mx\/defabrica\/wp-json\/wp\/v2\/media\/64435"}],"wp:attachment":[{"href":"https:\/\/defabrica.com.mx\/defabrica\/wp-json\/wp\/v2\/media?parent=64434"}],"wp:term":[{"taxonomy":"product_brand","embeddable":true,"href":"https:\/\/defabrica.com.mx\/defabrica\/wp-json\/wp\/v2\/product_brand?post=64434"},{"taxonomy":"product_cat","embeddable":true,"href":"https:\/\/defabrica.com.mx\/defabrica\/wp-json\/wp\/v2\/product_cat?post=64434"},{"taxonomy":"product_tag","embeddable":true,"href":"https:\/\/defabrica.com.mx\/defabrica\/wp-json\/wp\/v2\/product_tag?post=64434"}],"curies":[{"name":"wp","href":"https:\/\/api.w.org\/{rel}","templated":true}]}}