{"id":64325,"date":"2021-11-21T15:18:58","date_gmt":"2021-11-21T21:18:58","guid":{"rendered":"https:\/\/defabrica.com.mx\/defabrica\/?post_type=product&#038;p=64325"},"modified":"2023-01-14T14:31:09","modified_gmt":"2023-01-14T20:31:09","slug":"audifonos-bose-quietcomfort-earbuds-noise-cancelling","status":"publish","type":"product","link":"https:\/\/defabrica.com.mx\/defabrica\/producto\/audifonos-bose-quietcomfort-earbuds-noise-cancelling\/","title":{"rendered":"Aud\u00edfonos Bose Quietcomfort Earbuds Noise Cancelling"},"content":{"rendered":"<p>Un mejor sonido comienza con un mejor silencio.\u00a0Es por eso que los auriculares Bose QuietComfort est\u00e1n dise\u00f1ados con la cancelaci\u00f3n de ruido y el audio de alta fidelidad m\u00e1s efectivos del mundo.\u00a0Los micr\u00f3fonos dentro y fuera de los auriculares detectan el ruido y reaccionan instant\u00e1neamente para cancelar la se\u00f1al.\u00a0Deshazte de las interrupciones para que puedas subir la m\u00fasica en tus auriculares inal\u00e1mbricos y amplificar lo que m\u00e1s te apasione, desde senderismo o entrenamiento en circuito hasta codificaci\u00f3n u horneado.\u00a0Y cuando necesite estar m\u00e1s atento a su entorno, minimice la cancelaci\u00f3n de ruido con un r\u00e1pido toque dos veces, para que pueda caminar por una calle concurrida o escuchar su anuncio de embarque.\u00a0Las puntas StayHear \u2122 Max brindan mayor comodidad y estabilidad para una experiencia a\u00fan mejor.\u00a0Domina el silencio con los auriculares Bose QuietComfort y obt\u00e9n una experiencia emocionante que es dif\u00edcil de encontrar en cualquier otro auricular Bluetooth.<\/p>\n","protected":false},"excerpt":{"rendered":"<p>Un mejor sonido comienza con un mejor silencio.\u00a0Es por eso que los auriculares Bose QuietComfort est\u00e1n dise\u00f1ados con la cancelaci\u00f3n de ruido y el audio de alta fidelidad m\u00e1s efectivos<\/p>\n","protected":false},"featured_media":64342,"comment_status":"open","ping_status":"closed","template":"","meta":{"_acf_changed":false,"_joinchat":[]},"product_brand":[],"product_cat":[1476,294,300,304],"product_tag":[],"class_list":{"0":"post-64325","1":"product","2":"type-product","3":"status-publish","4":"has-post-thumbnail","6":"product_cat-ofertas-primavera-audio","7":"product_cat-audio","8":"product_cat-audifonos","9":"product_cat-inalambricos","11":"first","12":"instock","13":"sale","14":"shipping-taxable","15":"purchasable","16":"product-type-variable","17":"has-default-attributes"},"acf":[],"_links":{"self":[{"href":"https:\/\/defabrica.com.mx\/defabrica\/wp-json\/wp\/v2\/product\/64325","targetHints":{"allow":["GET"]}}],"collection":[{"href":"https:\/\/defabrica.com.mx\/defabrica\/wp-json\/wp\/v2\/product"}],"about":[{"href":"https:\/\/defabrica.com.mx\/defabrica\/wp-json\/wp\/v2\/types\/product"}],"replies":[{"embeddable":true,"href":"https:\/\/defabrica.com.mx\/defabrica\/wp-json\/wp\/v2\/comments?post=64325"}],"wp:featuredmedia":[{"embeddable":true,"href":"https:\/\/defabrica.com.mx\/defabrica\/wp-json\/wp\/v2\/media\/64342"}],"wp:attachment":[{"href":"https:\/\/defabrica.com.mx\/defabrica\/wp-json\/wp\/v2\/media?parent=64325"}],"wp:term":[{"taxonomy":"product_brand","embeddable":true,"href":"https:\/\/defabrica.com.mx\/defabrica\/wp-json\/wp\/v2\/product_brand?post=64325"},{"taxonomy":"product_cat","embeddable":true,"href":"https:\/\/defabrica.com.mx\/defabrica\/wp-json\/wp\/v2\/product_cat?post=64325"},{"taxonomy":"product_tag","embeddable":true,"href":"https:\/\/defabrica.com.mx\/defabrica\/wp-json\/wp\/v2\/product_tag?post=64325"}],"curies":[{"name":"wp","href":"https:\/\/api.w.org\/{rel}","templated":true}]}}