{"id":64302,"date":"2021-11-21T15:06:44","date_gmt":"2021-11-21T21:06:44","guid":{"rendered":"https:\/\/defabrica.com.mx\/defabrica\/?post_type=product&#038;p=64302"},"modified":"2023-01-14T14:32:18","modified_gmt":"2023-01-14T20:32:18","slug":"audifonos-inalambricos-con-noise-cancelling-wh-1000xm4","status":"publish","type":"product","link":"https:\/\/defabrica.com.mx\/defabrica\/producto\/audifonos-inalambricos-con-noise-cancelling-wh-1000xm4\/","title":{"rendered":"Aud\u00edfonos Inal\u00e1mbricos Con Noise Cancelling Wh-1000xm4"},"content":{"rendered":"<div>\n<div>Los aud\u00edfonos inteligentes con cancelaci\u00f3n de ruido de Sony con sonido premium elevan su experiencia auditiva con la capacidad de personalizar y controlar todo lo que escucha.\u00a0Obtenga hasta 30 horas de duraci\u00f3n de la bater\u00eda con capacidades de carga r\u00e1pida, disfrute de un conjunto de funciones de escucha inteligente mejoradas y lleve conversaciones con manos libres con la funci\u00f3n de hablar para chatear.<\/div>\n<\/div>\n<div><\/div>\n","protected":false},"excerpt":{"rendered":"<p>Los aud\u00edfonos inteligentes con cancelaci\u00f3n de ruido de Sony con sonido premium elevan su experiencia auditiva con la capacidad de personalizar y controlar todo lo que escucha.\u00a0Obtenga hasta 30 horas<\/p>\n","protected":false},"featured_media":64308,"comment_status":"open","ping_status":"closed","template":"","meta":{"_acf_changed":false,"_joinchat":[]},"product_brand":[],"product_cat":[1476,294,300,304],"product_tag":[],"class_list":{"0":"post-64302","1":"product","2":"type-product","3":"status-publish","4":"has-post-thumbnail","6":"product_cat-ofertas-primavera-audio","7":"product_cat-audio","8":"product_cat-audifonos","9":"product_cat-inalambricos","11":"first","12":"instock","13":"sale","14":"shipping-taxable","15":"purchasable","16":"product-type-variable","17":"has-default-attributes"},"acf":[],"_links":{"self":[{"href":"https:\/\/defabrica.com.mx\/defabrica\/wp-json\/wp\/v2\/product\/64302","targetHints":{"allow":["GET"]}}],"collection":[{"href":"https:\/\/defabrica.com.mx\/defabrica\/wp-json\/wp\/v2\/product"}],"about":[{"href":"https:\/\/defabrica.com.mx\/defabrica\/wp-json\/wp\/v2\/types\/product"}],"replies":[{"embeddable":true,"href":"https:\/\/defabrica.com.mx\/defabrica\/wp-json\/wp\/v2\/comments?post=64302"}],"wp:featuredmedia":[{"embeddable":true,"href":"https:\/\/defabrica.com.mx\/defabrica\/wp-json\/wp\/v2\/media\/64308"}],"wp:attachment":[{"href":"https:\/\/defabrica.com.mx\/defabrica\/wp-json\/wp\/v2\/media?parent=64302"}],"wp:term":[{"taxonomy":"product_brand","embeddable":true,"href":"https:\/\/defabrica.com.mx\/defabrica\/wp-json\/wp\/v2\/product_brand?post=64302"},{"taxonomy":"product_cat","embeddable":true,"href":"https:\/\/defabrica.com.mx\/defabrica\/wp-json\/wp\/v2\/product_cat?post=64302"},{"taxonomy":"product_tag","embeddable":true,"href":"https:\/\/defabrica.com.mx\/defabrica\/wp-json\/wp\/v2\/product_tag?post=64302"}],"curies":[{"name":"wp","href":"https:\/\/api.w.org\/{rel}","templated":true}]}}