{"id":64255,"date":"2021-11-21T14:26:20","date_gmt":"2021-11-21T20:26:20","guid":{"rendered":"https:\/\/defabrica.com.mx\/defabrica\/?post_type=product&#038;p=64255"},"modified":"2023-01-14T14:33:07","modified_gmt":"2023-01-14T20:33:07","slug":"bose-quietcomfort-45-wireless-noise-cancelling","status":"publish","type":"product","link":"https:\/\/defabrica.com.mx\/defabrica\/producto\/bose-quietcomfort-45-wireless-noise-cancelling\/","title":{"rendered":"Bose &#8211; QuietComfort 45 Wireless Noise Cancelling"},"content":{"rendered":"<div class=\"embedded-component-container lv product-description\">\n<div>\n<div id=\"shop-product-description-31705747\" class=\"None\" data-version=\"1.3.38\">\n<div class=\"shop-product-description\">\n<section class=\"align-heading-left\" data-reactroot=\"\">\n<div class=\"long-description-container body-copy \">\n<div class=\"html-fragment\">\n<div>\n<div>En el momento en que se pone los aud\u00edfonos inal\u00e1mbricos con cancelaci\u00f3n de ruido Bose QuietComfort 45, lo siente: el ic\u00f3nico silencio que le permite concentrarse en su m\u00fasica o trabajar en sus proyectos apasionantes.\u00a0Adem\u00e1s, con estos auriculares inal\u00e1mbricos, puede experimentar la comodidad y el sonido n\u00edtido que solo puede ofrecer Bose.\u00a0Las suaves y lujosas almohadillas de estos auriculares inal\u00e1mbricos Bose te sellan. Luego, enciendes el interruptor y zumba: el mundo se desvanece.\u00a0Empieza la m\u00fasica.\u00a0Es amor a la primera escucha.\u00a0Los auriculares Bluetooth originales est\u00e1n de vuelta, ahora con la mejor combinaci\u00f3n de rendimiento de cancelaci\u00f3n de ruido y comodidad superior, adem\u00e1s de tecnolog\u00eda patentada para un sonido profundo y claro.\u00a0Aud\u00edfonos supraaurales Bose QuietComfort\u00ae 45.\u00a0Un icono vuelto a nacer.<\/div>\n<\/div>\n<\/div>\n<\/div>\n<\/section>\n<\/div>\n<\/div>\n<\/div>\n<\/div>\n<div class=\"embedded-component-container lv product-features\"><\/div>\n","protected":false},"excerpt":{"rendered":"<p>En el momento en que se pone los aud\u00edfonos inal\u00e1mbricos con cancelaci\u00f3n de ruido Bose QuietComfort 45, lo siente: el ic\u00f3nico silencio que le permite concentrarse en su m\u00fasica o<\/p>\n","protected":false},"featured_media":64261,"comment_status":"open","ping_status":"closed","template":"","meta":{"_acf_changed":false,"_joinchat":[]},"product_brand":[],"product_cat":[1453,1476,294,300,304],"product_tag":[],"class_list":{"0":"post-64255","1":"product","2":"type-product","3":"status-publish","4":"has-post-thumbnail","6":"product_cat-black-friday","7":"product_cat-ofertas-primavera-audio","8":"product_cat-audio","9":"product_cat-audifonos","10":"product_cat-inalambricos","12":"first","13":"instock","14":"sale","15":"shipping-taxable","16":"purchasable","17":"product-type-variable","18":"has-default-attributes"},"acf":[],"_links":{"self":[{"href":"https:\/\/defabrica.com.mx\/defabrica\/wp-json\/wp\/v2\/product\/64255","targetHints":{"allow":["GET"]}}],"collection":[{"href":"https:\/\/defabrica.com.mx\/defabrica\/wp-json\/wp\/v2\/product"}],"about":[{"href":"https:\/\/defabrica.com.mx\/defabrica\/wp-json\/wp\/v2\/types\/product"}],"replies":[{"embeddable":true,"href":"https:\/\/defabrica.com.mx\/defabrica\/wp-json\/wp\/v2\/comments?post=64255"}],"wp:featuredmedia":[{"embeddable":true,"href":"https:\/\/defabrica.com.mx\/defabrica\/wp-json\/wp\/v2\/media\/64261"}],"wp:attachment":[{"href":"https:\/\/defabrica.com.mx\/defabrica\/wp-json\/wp\/v2\/media?parent=64255"}],"wp:term":[{"taxonomy":"product_brand","embeddable":true,"href":"https:\/\/defabrica.com.mx\/defabrica\/wp-json\/wp\/v2\/product_brand?post=64255"},{"taxonomy":"product_cat","embeddable":true,"href":"https:\/\/defabrica.com.mx\/defabrica\/wp-json\/wp\/v2\/product_cat?post=64255"},{"taxonomy":"product_tag","embeddable":true,"href":"https:\/\/defabrica.com.mx\/defabrica\/wp-json\/wp\/v2\/product_tag?post=64255"}],"curies":[{"name":"wp","href":"https:\/\/api.w.org\/{rel}","templated":true}]}}