{"id":64248,"date":"2021-11-21T14:15:15","date_gmt":"2021-11-21T20:15:15","guid":{"rendered":"https:\/\/defabrica.com.mx\/defabrica\/?post_type=product&#038;p=64248"},"modified":"2023-01-27T10:36:09","modified_gmt":"2023-01-27T16:36:09","slug":"lego-technic-jeep-wrangler","status":"publish","type":"product","link":"https:\/\/defabrica.com.mx\/defabrica\/producto\/lego-technic-jeep-wrangler\/","title":{"rendered":"LEGO Technic Jeep\u00ae Wrangler"},"content":{"rendered":"<p>Cualquier ni\u00f1o amante de los veh\u00edculos estar\u00eda orgulloso de tener un 4X4 de alto rendimiento.\u00a0Ahora puedes hacer realidad ese sue\u00f1o con el modelo de juguete LEGO Technic Jeep Wrangler (42122).\u00a0Los ni\u00f1os y ni\u00f1as de 9 a\u00f1os en adelante se divertir\u00e1n explorando este ic\u00f3nico todoterreno.\u00a0Hay un bot\u00f3n para operar la direcci\u00f3n delantera y su poderosa suspensi\u00f3n de articulaci\u00f3n del eje significa que a los ni\u00f1os les encantar\u00e1 probar su modelo en obst\u00e1culos alrededor de la casa.\u00a0Con puertas y cap\u00f3 que se abren, asientos traseros abatibles, una llanta de repuesto de tama\u00f1o completo, un cabrestante y la marca cl\u00e1sica de Jeep, este divertido modelo de autom\u00f3vil acerca a los ni\u00f1os m\u00e1s que nunca al verdadero Jeep Wrangler Rubicon.\u00a0El llamativo esquema de color amarillo y negro significa que este modelo se ve genial en acci\u00f3n o en exhibici\u00f3n.\u00a0El mundo de LEGO Technic ofrece juguetes de construcci\u00f3n avanzados para los j\u00f3venes fan\u00e1ticos de LEGO listos para su pr\u00f3ximo desaf\u00edo divertido.\u00a0Con mecanismos realistas.<\/p>\n","protected":false},"excerpt":{"rendered":"<p>Cualquier ni\u00f1o amante de los veh\u00edculos estar\u00eda orgulloso de tener un 4X4 de alto rendimiento.\u00a0Ahora puedes hacer realidad ese sue\u00f1o con el modelo de juguete LEGO Technic Jeep Wrangler (42122).\u00a0Los<\/p>\n","protected":false},"featured_media":64249,"comment_status":"open","ping_status":"closed","template":"","meta":{"_acf_changed":false,"_joinchat":[]},"product_brand":[],"product_cat":[1508,886,1097,1196],"product_tag":[],"class_list":{"0":"post-64248","1":"product","2":"type-product","3":"status-publish","4":"has-post-thumbnail","6":"product_cat-ofertas-primavera-juguetes","7":"product_cat-juguetesycoleccionables","8":"product_cat-juguetes","9":"product_cat-legos","11":"first","12":"instock","13":"sale","14":"shipping-taxable","15":"purchasable","16":"product-type-simple"},"acf":[],"_links":{"self":[{"href":"https:\/\/defabrica.com.mx\/defabrica\/wp-json\/wp\/v2\/product\/64248","targetHints":{"allow":["GET"]}}],"collection":[{"href":"https:\/\/defabrica.com.mx\/defabrica\/wp-json\/wp\/v2\/product"}],"about":[{"href":"https:\/\/defabrica.com.mx\/defabrica\/wp-json\/wp\/v2\/types\/product"}],"replies":[{"embeddable":true,"href":"https:\/\/defabrica.com.mx\/defabrica\/wp-json\/wp\/v2\/comments?post=64248"}],"wp:featuredmedia":[{"embeddable":true,"href":"https:\/\/defabrica.com.mx\/defabrica\/wp-json\/wp\/v2\/media\/64249"}],"wp:attachment":[{"href":"https:\/\/defabrica.com.mx\/defabrica\/wp-json\/wp\/v2\/media?parent=64248"}],"wp:term":[{"taxonomy":"product_brand","embeddable":true,"href":"https:\/\/defabrica.com.mx\/defabrica\/wp-json\/wp\/v2\/product_brand?post=64248"},{"taxonomy":"product_cat","embeddable":true,"href":"https:\/\/defabrica.com.mx\/defabrica\/wp-json\/wp\/v2\/product_cat?post=64248"},{"taxonomy":"product_tag","embeddable":true,"href":"https:\/\/defabrica.com.mx\/defabrica\/wp-json\/wp\/v2\/product_tag?post=64248"}],"curies":[{"name":"wp","href":"https:\/\/api.w.org\/{rel}","templated":true}]}}