{"id":64243,"date":"2021-11-21T14:05:55","date_gmt":"2021-11-21T20:05:55","guid":{"rendered":"https:\/\/defabrica.com.mx\/defabrica\/?post_type=product&#038;p=64243"},"modified":"2023-01-27T10:35:21","modified_gmt":"2023-01-27T16:35:21","slug":"lego-city-police-mobile-command-center-60139-374-piezas","status":"publish","type":"product","link":"https:\/\/defabrica.com.mx\/defabrica\/producto\/lego-city-police-mobile-command-center-60139-374-piezas\/","title":{"rendered":"LEGO &#8211; City Police Mobile Command Center 60139 (374 Piezas)"},"content":{"rendered":"<p>S\u00e9 parte de la acci\u00f3n con la polic\u00eda de LEGO City mientras detienen la fuga del ladr\u00f3n de la celda de la c\u00e1rcel en el Centro de comando m\u00f3vil, que cuenta con una cabina de cami\u00f3n desmontable, espacio para 2 minifiguras, sala de monitoreo con pantallas, antena parab\u00f3lica, techo abatible, puertas laterales. y rampa trasera, \u00e1rea de almacenamiento para la motocicleta y herramientas y una funci\u00f3n de fuga de celda de la c\u00e1rcel, adem\u00e1s del ATV de los ladrones.\u00a0Incluye 4 minifiguras y una figura de un perro polic\u00eda.<\/p>\n","protected":false},"excerpt":{"rendered":"<p>S\u00e9 parte de la acci\u00f3n con la polic\u00eda de LEGO City mientras detienen la fuga del ladr\u00f3n de la celda de la c\u00e1rcel en el Centro de comando m\u00f3vil, que<\/p>\n","protected":false},"featured_media":64244,"comment_status":"open","ping_status":"closed","template":"","meta":{"_acf_changed":false,"_joinchat":[]},"product_brand":[],"product_cat":[1508,886,1097,1196],"product_tag":[],"class_list":{"0":"post-64243","1":"product","2":"type-product","3":"status-publish","4":"has-post-thumbnail","6":"product_cat-ofertas-primavera-juguetes","7":"product_cat-juguetesycoleccionables","8":"product_cat-juguetes","9":"product_cat-legos","11":"first","12":"instock","13":"sale","14":"shipping-taxable","15":"purchasable","16":"product-type-simple"},"acf":[],"_links":{"self":[{"href":"https:\/\/defabrica.com.mx\/defabrica\/wp-json\/wp\/v2\/product\/64243","targetHints":{"allow":["GET"]}}],"collection":[{"href":"https:\/\/defabrica.com.mx\/defabrica\/wp-json\/wp\/v2\/product"}],"about":[{"href":"https:\/\/defabrica.com.mx\/defabrica\/wp-json\/wp\/v2\/types\/product"}],"replies":[{"embeddable":true,"href":"https:\/\/defabrica.com.mx\/defabrica\/wp-json\/wp\/v2\/comments?post=64243"}],"wp:featuredmedia":[{"embeddable":true,"href":"https:\/\/defabrica.com.mx\/defabrica\/wp-json\/wp\/v2\/media\/64244"}],"wp:attachment":[{"href":"https:\/\/defabrica.com.mx\/defabrica\/wp-json\/wp\/v2\/media?parent=64243"}],"wp:term":[{"taxonomy":"product_brand","embeddable":true,"href":"https:\/\/defabrica.com.mx\/defabrica\/wp-json\/wp\/v2\/product_brand?post=64243"},{"taxonomy":"product_cat","embeddable":true,"href":"https:\/\/defabrica.com.mx\/defabrica\/wp-json\/wp\/v2\/product_cat?post=64243"},{"taxonomy":"product_tag","embeddable":true,"href":"https:\/\/defabrica.com.mx\/defabrica\/wp-json\/wp\/v2\/product_tag?post=64243"}],"curies":[{"name":"wp","href":"https:\/\/api.w.org\/{rel}","templated":true}]}}