{"id":64228,"date":"2021-11-21T13:47:32","date_gmt":"2021-11-21T19:47:32","guid":{"rendered":"https:\/\/defabrica.com.mx\/defabrica\/?post_type=product&#038;p=64228"},"modified":"2023-01-27T10:24:31","modified_gmt":"2023-01-27T16:24:31","slug":"lego-cohete-espacial-de-larga-distancia-y-centro-de-control-60228","status":"publish","type":"product","link":"https:\/\/defabrica.com.mx\/defabrica\/producto\/lego-cohete-espacial-de-larga-distancia-y-centro-de-control-60228\/","title":{"rendered":"LEGO &#8211; Cohete Espacial de Larga Distancia y Centro de Control (60228)"},"content":{"rendered":"<p>\u00a1Naciste para explorar el universo!\u00a0Construye una nave espacial e inspira a la pr\u00f3xima generaci\u00f3n de astronautas con el set de construcci\u00f3n de veh\u00edculos y cohetes espaciales LEGO: \u00a1Vamos!\u00a0Dale un gusto a los j\u00f3venes aventureros espaciales con un set de lanzamiento de cohetes de juguete inspirado en la NASA.\u00a0Este impresionante juguete para ni\u00f1os LEGO City 60228 Deep Space Rocket and Launch Control cuenta con un cohete modular de m\u00faltiples etapas con cabina, m\u00f3dulos de almacenamiento de carga \u00fatil y de refuerzo, y un sistema de monorra\u00edl con paradas en el cohete, \u00e1rea de investigaci\u00f3n con entrenamiento de recuperaci\u00f3n de geodas y control de lanzamiento torre.\u00a0Tambi\u00e9n hay una plataforma de lanzamiento con brazos de torre que se abren, un rover con nuevo brazo de agarre articulado y una torre de control de lanzamiento con secci\u00f3n de ventana desmontable, funci\u00f3n desplegable y funci\u00f3n de cuenta regresiva.\u00a0Los ni\u00f1os pueden usar un dispositivo m\u00f3vil como pantalla para oportunidades de juego interactivo con la aplicaci\u00f3n City Explorers.<\/p>\n","protected":false},"excerpt":{"rendered":"<p>\u00a1Naciste para explorar el universo!\u00a0Construye una nave espacial e inspira a la pr\u00f3xima generaci\u00f3n de astronautas con el set de construcci\u00f3n de veh\u00edculos y cohetes espaciales LEGO: \u00a1Vamos!\u00a0Dale un gusto<\/p>\n","protected":false},"featured_media":64229,"comment_status":"open","ping_status":"closed","template":"","meta":{"_acf_changed":false,"_joinchat":[]},"product_brand":[],"product_cat":[1508,886,1097,1196],"product_tag":[],"class_list":{"0":"post-64228","1":"product","2":"type-product","3":"status-publish","4":"has-post-thumbnail","6":"product_cat-ofertas-primavera-juguetes","7":"product_cat-juguetesycoleccionables","8":"product_cat-juguetes","9":"product_cat-legos","11":"first","12":"instock","13":"sale","14":"shipping-taxable","15":"purchasable","16":"product-type-simple"},"acf":[],"_links":{"self":[{"href":"https:\/\/defabrica.com.mx\/defabrica\/wp-json\/wp\/v2\/product\/64228","targetHints":{"allow":["GET"]}}],"collection":[{"href":"https:\/\/defabrica.com.mx\/defabrica\/wp-json\/wp\/v2\/product"}],"about":[{"href":"https:\/\/defabrica.com.mx\/defabrica\/wp-json\/wp\/v2\/types\/product"}],"replies":[{"embeddable":true,"href":"https:\/\/defabrica.com.mx\/defabrica\/wp-json\/wp\/v2\/comments?post=64228"}],"wp:featuredmedia":[{"embeddable":true,"href":"https:\/\/defabrica.com.mx\/defabrica\/wp-json\/wp\/v2\/media\/64229"}],"wp:attachment":[{"href":"https:\/\/defabrica.com.mx\/defabrica\/wp-json\/wp\/v2\/media?parent=64228"}],"wp:term":[{"taxonomy":"product_brand","embeddable":true,"href":"https:\/\/defabrica.com.mx\/defabrica\/wp-json\/wp\/v2\/product_brand?post=64228"},{"taxonomy":"product_cat","embeddable":true,"href":"https:\/\/defabrica.com.mx\/defabrica\/wp-json\/wp\/v2\/product_cat?post=64228"},{"taxonomy":"product_tag","embeddable":true,"href":"https:\/\/defabrica.com.mx\/defabrica\/wp-json\/wp\/v2\/product_tag?post=64228"}],"curies":[{"name":"wp","href":"https:\/\/api.w.org\/{rel}","templated":true}]}}