{"id":64221,"date":"2021-11-21T13:44:25","date_gmt":"2021-11-21T19:44:25","guid":{"rendered":"https:\/\/defabrica.com.mx\/defabrica\/?post_type=product&#038;p=64221"},"modified":"2023-01-27T10:22:07","modified_gmt":"2023-01-27T16:22:07","slug":"lego-star-wars-el-ascenso-de-skywalker-1005-piezas-transbordador-de-kylo-ren-75256","status":"publish","type":"product","link":"https:\/\/defabrica.com.mx\/defabrica\/producto\/lego-star-wars-el-ascenso-de-skywalker-1005-piezas-transbordador-de-kylo-ren-75256\/","title":{"rendered":"LEGO &#8211; Star Wars: El Ascenso de Skywalker (1005 piezas) &#8211; Transbordador de Kylo Ren (75256)"},"content":{"rendered":"<p>Juega aventuras espaciales con la lanzadera de Kylo Ren 75256.\u00a0Esta versi\u00f3n de juguete de construcci\u00f3n de LEGOStar Wars de la nave personal del L\u00edder Supremo de la pel\u00edcula Star Wars: The Rise of Skywalker tiene muchos detalles para entusiasmar tanto a los ni\u00f1os como a los coleccionistas, como un motor derecho giratorio para plegar las alas al aterrizar y la habilidad para acortar las alas doblando la parte superior hacia abajo.\u00a0Tambi\u00e9n hay una rampa de acceso que se abre, 2 ca\u00f1ones autom\u00e1ticos y una cabina con espacio para sentarse al L\u00edder Supremo Kylo Ren y 2 minifiguras detr\u00e1s.\u00a0Adem\u00e1s del L\u00edder Supremo, este gran juego de barcos LEGO Star Wars tambi\u00e9n incluye al General Pryde, un Sith Trooper, First Order Stormtrooper y 2 Knights of Ren para una acci\u00f3n de juego instant\u00e1nea.<\/p>\n","protected":false},"excerpt":{"rendered":"<p>Juega aventuras espaciales con la lanzadera de Kylo Ren 75256.\u00a0Esta versi\u00f3n de juguete de construcci\u00f3n de LEGOStar Wars de la nave personal del L\u00edder Supremo de la pel\u00edcula Star Wars:<\/p>\n","protected":false},"featured_media":64222,"comment_status":"open","ping_status":"closed","template":"","meta":{"_acf_changed":false,"_joinchat":[]},"product_brand":[],"product_cat":[1508,886,1097,1196],"product_tag":[],"class_list":{"0":"post-64221","1":"product","2":"type-product","3":"status-publish","4":"has-post-thumbnail","6":"product_cat-ofertas-primavera-juguetes","7":"product_cat-juguetesycoleccionables","8":"product_cat-juguetes","9":"product_cat-legos","11":"first","12":"instock","13":"sale","14":"shipping-taxable","15":"purchasable","16":"product-type-simple"},"acf":[],"_links":{"self":[{"href":"https:\/\/defabrica.com.mx\/defabrica\/wp-json\/wp\/v2\/product\/64221","targetHints":{"allow":["GET"]}}],"collection":[{"href":"https:\/\/defabrica.com.mx\/defabrica\/wp-json\/wp\/v2\/product"}],"about":[{"href":"https:\/\/defabrica.com.mx\/defabrica\/wp-json\/wp\/v2\/types\/product"}],"replies":[{"embeddable":true,"href":"https:\/\/defabrica.com.mx\/defabrica\/wp-json\/wp\/v2\/comments?post=64221"}],"wp:featuredmedia":[{"embeddable":true,"href":"https:\/\/defabrica.com.mx\/defabrica\/wp-json\/wp\/v2\/media\/64222"}],"wp:attachment":[{"href":"https:\/\/defabrica.com.mx\/defabrica\/wp-json\/wp\/v2\/media?parent=64221"}],"wp:term":[{"taxonomy":"product_brand","embeddable":true,"href":"https:\/\/defabrica.com.mx\/defabrica\/wp-json\/wp\/v2\/product_brand?post=64221"},{"taxonomy":"product_cat","embeddable":true,"href":"https:\/\/defabrica.com.mx\/defabrica\/wp-json\/wp\/v2\/product_cat?post=64221"},{"taxonomy":"product_tag","embeddable":true,"href":"https:\/\/defabrica.com.mx\/defabrica\/wp-json\/wp\/v2\/product_tag?post=64221"}],"curies":[{"name":"wp","href":"https:\/\/api.w.org\/{rel}","templated":true}]}}