{"id":63850,"date":"2021-11-19T21:22:07","date_gmt":"2021-11-20T03:22:07","guid":{"rendered":"https:\/\/defabrica.com.mx\/defabrica\/?post_type=product&#038;p=63850"},"modified":"2023-01-27T10:21:14","modified_gmt":"2023-01-27T16:21:14","slug":"lego-harry-potter-hogwarts-chamber-of-secrets-76389-1176-piezas","status":"publish","type":"product","link":"https:\/\/defabrica.com.mx\/defabrica\/producto\/lego-harry-potter-hogwarts-chamber-of-secrets-76389-1176-piezas\/","title":{"rendered":"LEGO Harry Potter Hogwarts Chamber of Secrets 76389 &#8211; 1,176 Piezas"},"content":{"rendered":"<p>El set de juego LEGO Harry Potter Hogwarts Chamber of Secrets (76389) es un impresionante juguete coleccionable que es ideal para juegos de exploraci\u00f3n y exhibici\u00f3n. Este conjunto vers\u00e1til incluye habitaciones conocidas, caracter\u00edsticas encantadoras y personajes familiares de las pel\u00edculas de Harry Potter. El Gran Sal\u00f3n contiene 2 mesas largas, el atril de b\u00faho dorado de Dumbledore y accesorios aut\u00e9nticos, como el sombrero seleccionador. Al igual que en las pel\u00edculas, la C\u00e1mara de los Secretos tiene una entrada circular ic\u00f3nica y una gran estatua con una boca que se abre, que revela un pasillo desde donde la serpiente basilisco entra a la habitaci\u00f3n. Se incluyen 10 minifiguras para inspirar posibilidades imaginativas de juego y exhibici\u00f3n: Harry Potter, Ginny Weasley, Tom Riddle, Colin Creevey, Justin Finch-Fletchley, Luna Lovegood, Gilderoy Lockhart, Albus Dumbledore, el profesor Sinistra y Nick Casi Decapitado. Tambi\u00e9n hay golosinas coleccionables: una minifigura de Voldemort de aniversario exclusiva y dorada y 6 fichas de cartas de mago aleatorias.<\/p>\n","protected":false},"excerpt":{"rendered":"<p>El set de juego LEGO Harry Potter Hogwarts Chamber of Secrets (76389) es un impresionante juguete coleccionable que es ideal para juegos de exploraci\u00f3n y exhibici\u00f3n. Este conjunto vers\u00e1til incluye<\/p>\n","protected":false},"featured_media":63851,"comment_status":"open","ping_status":"closed","template":"","meta":{"_acf_changed":false,"_joinchat":[]},"product_brand":[],"product_cat":[886,1097,1196],"product_tag":[],"class_list":{"0":"post-63850","1":"product","2":"type-product","3":"status-publish","4":"has-post-thumbnail","6":"product_cat-juguetesycoleccionables","7":"product_cat-juguetes","8":"product_cat-legos","10":"first","11":"instock","12":"sale","13":"shipping-taxable","14":"purchasable","15":"product-type-simple"},"acf":[],"_links":{"self":[{"href":"https:\/\/defabrica.com.mx\/defabrica\/wp-json\/wp\/v2\/product\/63850","targetHints":{"allow":["GET"]}}],"collection":[{"href":"https:\/\/defabrica.com.mx\/defabrica\/wp-json\/wp\/v2\/product"}],"about":[{"href":"https:\/\/defabrica.com.mx\/defabrica\/wp-json\/wp\/v2\/types\/product"}],"replies":[{"embeddable":true,"href":"https:\/\/defabrica.com.mx\/defabrica\/wp-json\/wp\/v2\/comments?post=63850"}],"wp:featuredmedia":[{"embeddable":true,"href":"https:\/\/defabrica.com.mx\/defabrica\/wp-json\/wp\/v2\/media\/63851"}],"wp:attachment":[{"href":"https:\/\/defabrica.com.mx\/defabrica\/wp-json\/wp\/v2\/media?parent=63850"}],"wp:term":[{"taxonomy":"product_brand","embeddable":true,"href":"https:\/\/defabrica.com.mx\/defabrica\/wp-json\/wp\/v2\/product_brand?post=63850"},{"taxonomy":"product_cat","embeddable":true,"href":"https:\/\/defabrica.com.mx\/defabrica\/wp-json\/wp\/v2\/product_cat?post=63850"},{"taxonomy":"product_tag","embeddable":true,"href":"https:\/\/defabrica.com.mx\/defabrica\/wp-json\/wp\/v2\/product_tag?post=63850"}],"curies":[{"name":"wp","href":"https:\/\/api.w.org\/{rel}","templated":true}]}}