{"id":63836,"date":"2021-11-19T21:15:23","date_gmt":"2021-11-20T03:15:23","guid":{"rendered":"https:\/\/defabrica.com.mx\/defabrica\/?post_type=product&#038;p=63836"},"modified":"2023-01-26T15:59:34","modified_gmt":"2023-01-26T21:59:34","slug":"lego-speed-champions-ferrari-f40-competizione-75890","status":"publish","type":"product","link":"https:\/\/defabrica.com.mx\/defabrica\/producto\/lego-speed-champions-ferrari-f40-competizione-75890\/","title":{"rendered":"LEGO Speed Champions Ferrari F40 Competizione 75890"},"content":{"rendered":"<p>Construye, compite y exhibe el autom\u00f3vil de juguete LEGO Speed Champions 75890 Ferrari F40 Competizione y luego transf\u00f3rmalo en el cl\u00e1sico autom\u00f3vil de carretera F40, \u00a1el \u00faltimo autom\u00f3vil que Enzo Ferrari supervis\u00f3 en su vida! Repleto de detalles aut\u00e9nticos, este modelo 2 en 1 cuenta con una cabina para una minifigura con un parabrisas extra\u00edble, adem\u00e1s de capuchas y spoilers intercambiables para convertir el Competizione en la versi\u00f3n de carretera del F40. Este coche de juguete para ni\u00f1os viene con una minifigura de conductor de Ferrari para jugar emocionantes escenarios de carreras de coches.<\/p>\n","protected":false},"excerpt":{"rendered":"<p>Construye, compite y exhibe el autom\u00f3vil de juguete LEGO Speed Champions 75890 Ferrari F40 Competizione y luego transf\u00f3rmalo en el cl\u00e1sico autom\u00f3vil de carretera F40, \u00a1el \u00faltimo autom\u00f3vil que Enzo<\/p>\n","protected":false},"featured_media":63837,"comment_status":"open","ping_status":"closed","template":"","meta":{"_acf_changed":false,"_joinchat":[]},"product_brand":[],"product_cat":[886,1097,1196],"product_tag":[],"class_list":{"0":"post-63836","1":"product","2":"type-product","3":"status-publish","4":"has-post-thumbnail","6":"product_cat-juguetesycoleccionables","7":"product_cat-juguetes","8":"product_cat-legos","10":"first","11":"instock","12":"sale","13":"shipping-taxable","14":"purchasable","15":"product-type-simple"},"acf":[],"_links":{"self":[{"href":"https:\/\/defabrica.com.mx\/defabrica\/wp-json\/wp\/v2\/product\/63836","targetHints":{"allow":["GET"]}}],"collection":[{"href":"https:\/\/defabrica.com.mx\/defabrica\/wp-json\/wp\/v2\/product"}],"about":[{"href":"https:\/\/defabrica.com.mx\/defabrica\/wp-json\/wp\/v2\/types\/product"}],"replies":[{"embeddable":true,"href":"https:\/\/defabrica.com.mx\/defabrica\/wp-json\/wp\/v2\/comments?post=63836"}],"wp:featuredmedia":[{"embeddable":true,"href":"https:\/\/defabrica.com.mx\/defabrica\/wp-json\/wp\/v2\/media\/63837"}],"wp:attachment":[{"href":"https:\/\/defabrica.com.mx\/defabrica\/wp-json\/wp\/v2\/media?parent=63836"}],"wp:term":[{"taxonomy":"product_brand","embeddable":true,"href":"https:\/\/defabrica.com.mx\/defabrica\/wp-json\/wp\/v2\/product_brand?post=63836"},{"taxonomy":"product_cat","embeddable":true,"href":"https:\/\/defabrica.com.mx\/defabrica\/wp-json\/wp\/v2\/product_cat?post=63836"},{"taxonomy":"product_tag","embeddable":true,"href":"https:\/\/defabrica.com.mx\/defabrica\/wp-json\/wp\/v2\/product_tag?post=63836"}],"curies":[{"name":"wp","href":"https:\/\/api.w.org\/{rel}","templated":true}]}}