{"id":63829,"date":"2021-11-19T21:12:35","date_gmt":"2021-11-20T03:12:35","guid":{"rendered":"https:\/\/defabrica.com.mx\/defabrica\/?post_type=product&#038;p=63829"},"modified":"2023-01-26T15:58:58","modified_gmt":"2023-01-26T21:58:58","slug":"lego-star-wars-mandalorian-battle-pack-75267","status":"publish","type":"product","link":"https:\/\/defabrica.com.mx\/defabrica\/producto\/lego-star-wars-mandalorian-battle-pack-75267\/","title":{"rendered":"LEGO Star Wars Mandalorian Battle Pack 75267"},"content":{"rendered":"<p>\u00a1Aventuras ilimitadas esperan a los j\u00f3venes mientras construyen su propio ej\u00e9rcito con este Mandalorian Battle Pack 75267! Este juego de construcci\u00f3n compacta incluye 4 minifiguras de guerreros mandalorianos LEGO Star Wars con blasters que disparan pernos, un fuerte de defensa para construir y una moto deslizadora mandaloriana con 2 disparadores de pernos para despertar la imaginaci\u00f3n de los ni\u00f1os. Las instrucciones de construcci\u00f3n impresas que vienen con todos los juegos LEGO son f\u00e1ciles de seguir, pero las Instrucciones interactivas PLUS, disponibles dentro de la aplicaci\u00f3n gratuita LEGO Life, agregan otra dimensi\u00f3n. Incluso los ni\u00f1os m\u00e1s peque\u00f1os pueden simplemente acercar, rotar y ver el modelo de construcci\u00f3n mientras construyen la versi\u00f3n de la vida real. \u00a1Impresionante! El Grupo LEGO ha estado creando versiones construidas con ladrillos de naves, veh\u00edculos, ubicaciones y personajes ic\u00f3nicos de Star Wars durante m\u00e1s de dos d\u00e9cadas. Hay una gran variedad de sets para jugar y exhibir que son excelentes regalos para los fan\u00e1ticos de todas las edades.<\/p>\n","protected":false},"excerpt":{"rendered":"<p>\u00a1Aventuras ilimitadas esperan a los j\u00f3venes mientras construyen su propio ej\u00e9rcito con este Mandalorian Battle Pack 75267! Este juego de construcci\u00f3n compacta incluye 4 minifiguras de guerreros mandalorianos LEGO Star<\/p>\n","protected":false},"featured_media":63830,"comment_status":"open","ping_status":"closed","template":"","meta":{"_acf_changed":false,"_joinchat":[]},"product_brand":[],"product_cat":[886,1098,1196],"product_tag":[],"class_list":{"0":"post-63829","1":"product","2":"type-product","3":"status-publish","4":"has-post-thumbnail","6":"product_cat-juguetesycoleccionables","7":"product_cat-coleccionables","8":"product_cat-legos","10":"first","11":"instock","12":"sale","13":"shipping-taxable","14":"purchasable","15":"product-type-simple"},"acf":[],"_links":{"self":[{"href":"https:\/\/defabrica.com.mx\/defabrica\/wp-json\/wp\/v2\/product\/63829","targetHints":{"allow":["GET"]}}],"collection":[{"href":"https:\/\/defabrica.com.mx\/defabrica\/wp-json\/wp\/v2\/product"}],"about":[{"href":"https:\/\/defabrica.com.mx\/defabrica\/wp-json\/wp\/v2\/types\/product"}],"replies":[{"embeddable":true,"href":"https:\/\/defabrica.com.mx\/defabrica\/wp-json\/wp\/v2\/comments?post=63829"}],"wp:featuredmedia":[{"embeddable":true,"href":"https:\/\/defabrica.com.mx\/defabrica\/wp-json\/wp\/v2\/media\/63830"}],"wp:attachment":[{"href":"https:\/\/defabrica.com.mx\/defabrica\/wp-json\/wp\/v2\/media?parent=63829"}],"wp:term":[{"taxonomy":"product_brand","embeddable":true,"href":"https:\/\/defabrica.com.mx\/defabrica\/wp-json\/wp\/v2\/product_brand?post=63829"},{"taxonomy":"product_cat","embeddable":true,"href":"https:\/\/defabrica.com.mx\/defabrica\/wp-json\/wp\/v2\/product_cat?post=63829"},{"taxonomy":"product_tag","embeddable":true,"href":"https:\/\/defabrica.com.mx\/defabrica\/wp-json\/wp\/v2\/product_tag?post=63829"}],"curies":[{"name":"wp","href":"https:\/\/api.w.org\/{rel}","templated":true}]}}