{"id":63821,"date":"2021-11-19T21:09:24","date_gmt":"2021-11-20T03:09:24","guid":{"rendered":"https:\/\/defabrica.com.mx\/defabrica\/?post_type=product&#038;p=63821"},"modified":"2023-01-26T15:58:11","modified_gmt":"2023-01-26T21:58:11","slug":"lego-star-wars-the-mandalorian-the-child-75317","status":"publish","type":"product","link":"https:\/\/defabrica.com.mx\/defabrica\/producto\/lego-star-wars-the-mandalorian-the-child-75317\/","title":{"rendered":"LEGO &#8211; Star Wars The Mandalorian &#038; The Child 75317"},"content":{"rendered":"<p>Inspire recuerdos de las \u00e9picas historias de Star Wars: The Mandalorian con este divertido juguete de construcci\u00f3n para ni\u00f1os creativos, con versiones LEGO BrickHeadz de The Mandalorian and the Child 75317. Los fan\u00e1ticos apreciar\u00e1n detalles aut\u00e9nticos como las armas exclusivas de The Mandalorian: un rifle bl\u00e1ster y una pistola bl\u00e1ster. . El ni\u00f1o tiene orejas ajustables para crear expresiones felices y tristes, y se sienta en un hoverpram \u00abflotando\u00bb sobre 4 elementos LEGO transparentes. Una gran adici\u00f3n a la colecci\u00f3n de cualquier fan de Star Wars, este incre\u00edble juguete de construcci\u00f3n es divertido de construir solo o con amigos y familiares, y cada una de las figuras LEGO para construir tiene una placa base para crear una exhibici\u00f3n llamativa. El Grupo LEGO ha estado recreando naves estelares, veh\u00edculos, lugares y personajes ic\u00f3nicos del legendario universo de Star Wars desde 1999. LEGO Star Wars es ahora su tema m\u00e1s exitoso y ofrece una gran variedad de ideas de regalos para deleitar a todas las edades.<\/p>\n","protected":false},"excerpt":{"rendered":"<p>Inspire recuerdos de las \u00e9picas historias de Star Wars: The Mandalorian con este divertido juguete de construcci\u00f3n para ni\u00f1os creativos, con versiones LEGO BrickHeadz de The Mandalorian and the Child<\/p>\n","protected":false},"featured_media":63823,"comment_status":"open","ping_status":"closed","template":"","meta":{"_acf_changed":false,"_joinchat":[]},"product_brand":[],"product_cat":[886,1097,1196],"product_tag":[],"class_list":{"0":"post-63821","1":"product","2":"type-product","3":"status-publish","4":"has-post-thumbnail","6":"product_cat-juguetesycoleccionables","7":"product_cat-juguetes","8":"product_cat-legos","10":"first","11":"instock","12":"sale","13":"shipping-taxable","14":"purchasable","15":"product-type-simple"},"acf":[],"_links":{"self":[{"href":"https:\/\/defabrica.com.mx\/defabrica\/wp-json\/wp\/v2\/product\/63821","targetHints":{"allow":["GET"]}}],"collection":[{"href":"https:\/\/defabrica.com.mx\/defabrica\/wp-json\/wp\/v2\/product"}],"about":[{"href":"https:\/\/defabrica.com.mx\/defabrica\/wp-json\/wp\/v2\/types\/product"}],"replies":[{"embeddable":true,"href":"https:\/\/defabrica.com.mx\/defabrica\/wp-json\/wp\/v2\/comments?post=63821"}],"wp:featuredmedia":[{"embeddable":true,"href":"https:\/\/defabrica.com.mx\/defabrica\/wp-json\/wp\/v2\/media\/63823"}],"wp:attachment":[{"href":"https:\/\/defabrica.com.mx\/defabrica\/wp-json\/wp\/v2\/media?parent=63821"}],"wp:term":[{"taxonomy":"product_brand","embeddable":true,"href":"https:\/\/defabrica.com.mx\/defabrica\/wp-json\/wp\/v2\/product_brand?post=63821"},{"taxonomy":"product_cat","embeddable":true,"href":"https:\/\/defabrica.com.mx\/defabrica\/wp-json\/wp\/v2\/product_cat?post=63821"},{"taxonomy":"product_tag","embeddable":true,"href":"https:\/\/defabrica.com.mx\/defabrica\/wp-json\/wp\/v2\/product_tag?post=63821"}],"curies":[{"name":"wp","href":"https:\/\/api.w.org\/{rel}","templated":true}]}}