{"id":63789,"date":"2021-11-19T20:50:07","date_gmt":"2021-11-20T02:50:07","guid":{"rendered":"https:\/\/defabrica.com.mx\/defabrica\/?post_type=product&#038;p=63789"},"modified":"2023-01-26T15:55:04","modified_gmt":"2023-01-26T21:55:04","slug":"lego-creator-mighty-dinosaurs-31058","status":"publish","type":"product","link":"https:\/\/defabrica.com.mx\/defabrica\/producto\/lego-creator-mighty-dinosaurs-31058\/","title":{"rendered":"LEGO Creator Mighty Dinosaurs 31058"},"content":{"rendered":"<p>Sacude el suelo con este amenazador tiranosaurio rex, con una combinaci\u00f3n de colores verde oscuro y beige y ojos de color naranja brillante. Abra su boca para revelar dientes afilados, coloque las enormes garras y mueva la cabeza y la cola. \u00a1Este conjunto tambi\u00e9n incluye los restos de la \u00faltima presa del T.rex! Los ni\u00f1os tendr\u00e1n la oportunidad de participar en juegos creativos cuando reconstruyan para crear otros dinosaurios poderosos; un poderoso Triceratops o un aterrador Pterod\u00e1ctilo.<\/p>\n","protected":false},"excerpt":{"rendered":"<p>Sacude el suelo con este amenazador tiranosaurio rex, con una combinaci\u00f3n de colores verde oscuro y beige y ojos de color naranja brillante. Abra su boca para revelar dientes afilados,<\/p>\n","protected":false},"featured_media":63790,"comment_status":"open","ping_status":"closed","template":"","meta":{"_acf_changed":false,"_joinchat":[]},"product_brand":[],"product_cat":[886,1097,1196],"product_tag":[],"class_list":{"0":"post-63789","1":"product","2":"type-product","3":"status-publish","4":"has-post-thumbnail","6":"product_cat-juguetesycoleccionables","7":"product_cat-juguetes","8":"product_cat-legos","10":"first","11":"instock","12":"sale","13":"shipping-taxable","14":"purchasable","15":"product-type-simple"},"acf":[],"_links":{"self":[{"href":"https:\/\/defabrica.com.mx\/defabrica\/wp-json\/wp\/v2\/product\/63789","targetHints":{"allow":["GET"]}}],"collection":[{"href":"https:\/\/defabrica.com.mx\/defabrica\/wp-json\/wp\/v2\/product"}],"about":[{"href":"https:\/\/defabrica.com.mx\/defabrica\/wp-json\/wp\/v2\/types\/product"}],"replies":[{"embeddable":true,"href":"https:\/\/defabrica.com.mx\/defabrica\/wp-json\/wp\/v2\/comments?post=63789"}],"wp:featuredmedia":[{"embeddable":true,"href":"https:\/\/defabrica.com.mx\/defabrica\/wp-json\/wp\/v2\/media\/63790"}],"wp:attachment":[{"href":"https:\/\/defabrica.com.mx\/defabrica\/wp-json\/wp\/v2\/media?parent=63789"}],"wp:term":[{"taxonomy":"product_brand","embeddable":true,"href":"https:\/\/defabrica.com.mx\/defabrica\/wp-json\/wp\/v2\/product_brand?post=63789"},{"taxonomy":"product_cat","embeddable":true,"href":"https:\/\/defabrica.com.mx\/defabrica\/wp-json\/wp\/v2\/product_cat?post=63789"},{"taxonomy":"product_tag","embeddable":true,"href":"https:\/\/defabrica.com.mx\/defabrica\/wp-json\/wp\/v2\/product_tag?post=63789"}],"curies":[{"name":"wp","href":"https:\/\/api.w.org\/{rel}","templated":true}]}}