{"id":63782,"date":"2021-11-19T20:46:09","date_gmt":"2021-11-20T02:46:09","guid":{"rendered":"https:\/\/defabrica.com.mx\/defabrica\/?post_type=product&#038;p=63782"},"modified":"2023-01-26T15:54:19","modified_gmt":"2023-01-26T21:54:19","slug":"lego-speed-champions-mclaren-senna-75892","status":"publish","type":"product","link":"https:\/\/defabrica.com.mx\/defabrica\/producto\/lego-speed-champions-mclaren-senna-75892\/","title":{"rendered":"LEGO &#8211; Speed Champions McLaren Senna 75892"},"content":{"rendered":"<p>\u00a1Conduce al l\u00edmite con el coche de juguete modelo McLaren Senna de LEGO\u00ac\u00c6 Speed Champions 75892! Esta genial versi\u00f3n LEGO del autom\u00f3vil de carretera inspirada en el difunto, genial y legendario piloto de carreras Ayrton Senna cuenta con una cabina para una minifigura, parabrisas extra\u00edble, llantas intercambiables y pegatinas con los logotipos de McLaren y Senna.Este s\u00faper autom\u00f3vil de juguete para ni\u00f1os viene con un t\u00fanel de viento para construir. con un ventilador giratorio y una minifigura de piloto de carreras de McLaren para jugar en escenarios de desarrollo de autos y carreras de autos r\u00e1pidos<\/p>\n","protected":false},"excerpt":{"rendered":"<p>\u00a1Conduce al l\u00edmite con el coche de juguete modelo McLaren Senna de LEGO\u00ac\u00c6 Speed Champions 75892! Esta genial versi\u00f3n LEGO del autom\u00f3vil de carretera inspirada en el difunto, genial y<\/p>\n","protected":false},"featured_media":63783,"comment_status":"open","ping_status":"closed","template":"","meta":{"_acf_changed":false,"_joinchat":[]},"product_brand":[],"product_cat":[886,1097,1196],"product_tag":[],"class_list":{"0":"post-63782","1":"product","2":"type-product","3":"status-publish","4":"has-post-thumbnail","6":"product_cat-juguetesycoleccionables","7":"product_cat-juguetes","8":"product_cat-legos","10":"first","11":"instock","12":"sale","13":"shipping-taxable","14":"purchasable","15":"product-type-simple"},"acf":[],"_links":{"self":[{"href":"https:\/\/defabrica.com.mx\/defabrica\/wp-json\/wp\/v2\/product\/63782","targetHints":{"allow":["GET"]}}],"collection":[{"href":"https:\/\/defabrica.com.mx\/defabrica\/wp-json\/wp\/v2\/product"}],"about":[{"href":"https:\/\/defabrica.com.mx\/defabrica\/wp-json\/wp\/v2\/types\/product"}],"replies":[{"embeddable":true,"href":"https:\/\/defabrica.com.mx\/defabrica\/wp-json\/wp\/v2\/comments?post=63782"}],"wp:featuredmedia":[{"embeddable":true,"href":"https:\/\/defabrica.com.mx\/defabrica\/wp-json\/wp\/v2\/media\/63783"}],"wp:attachment":[{"href":"https:\/\/defabrica.com.mx\/defabrica\/wp-json\/wp\/v2\/media?parent=63782"}],"wp:term":[{"taxonomy":"product_brand","embeddable":true,"href":"https:\/\/defabrica.com.mx\/defabrica\/wp-json\/wp\/v2\/product_brand?post=63782"},{"taxonomy":"product_cat","embeddable":true,"href":"https:\/\/defabrica.com.mx\/defabrica\/wp-json\/wp\/v2\/product_cat?post=63782"},{"taxonomy":"product_tag","embeddable":true,"href":"https:\/\/defabrica.com.mx\/defabrica\/wp-json\/wp\/v2\/product_tag?post=63782"}],"curies":[{"name":"wp","href":"https:\/\/api.w.org\/{rel}","templated":true}]}}