{"id":63753,"date":"2021-11-19T20:34:54","date_gmt":"2021-11-20T02:34:54","guid":{"rendered":"https:\/\/defabrica.com.mx\/defabrica\/?post_type=product&#038;p=63753"},"modified":"2023-01-26T15:51:01","modified_gmt":"2023-01-26T21:51:01","slug":"lego-casa-cabana-medieval-hagrid-harry-potter-buckbeak-75947","status":"publish","type":"product","link":"https:\/\/defabrica.com.mx\/defabrica\/producto\/lego-casa-cabana-medieval-hagrid-harry-potter-buckbeak-75947\/","title":{"rendered":"LEGO Casa Caba\u00f1a Medieval Hagrid Harry Potter Buckbeak 75947"},"content":{"rendered":"<p>Recrea la magia de la pel\u00edcula Harry Potter y el prisionero de Azkaban. Este LEGO Harry Potter 75947 La caba\u00f1a de Hagrid: El juego de rescate de Buckbeak les brinda a sus brujas y magos de 8 a\u00f1os en adelante infinitas oportunidades para juegos de rol imaginativos. pueden explorar el interior detallado de la caba\u00f1a en el bosque de Hagrid, esconderse detr\u00e1s del huerto de calabazas de Hagrid cuando el Ministro de Magia llega con el Verdugo, luego rescatar a Buckbeak al hipogrifo y llevarlo a un lugar seguro. Las aventuras m\u00e1gicas nunca terminan con este divertido juguete para ni\u00f1os que incluye 6 minifiguras, una figura de Buckbeak con alas m\u00f3viles y una gran cantidad de accesorios y caracter\u00edsticas que incluyen un ladrillo de luz que funciona con un interruptor para la chimenea. Este juego es el regalo perfecto de Harry Potter para fan\u00e1ticos de 8 a\u00f1os.<\/p>\n","protected":false},"excerpt":{"rendered":"<p>Recrea la magia de la pel\u00edcula Harry Potter y el prisionero de Azkaban. Este LEGO Harry Potter 75947 La caba\u00f1a de Hagrid: El juego de rescate de Buckbeak les brinda<\/p>\n","protected":false},"featured_media":63756,"comment_status":"open","ping_status":"closed","template":"","meta":{"_acf_changed":false,"_joinchat":[]},"product_brand":[],"product_cat":[886,1097,1196],"product_tag":[],"class_list":{"0":"post-63753","1":"product","2":"type-product","3":"status-publish","4":"has-post-thumbnail","6":"product_cat-juguetesycoleccionables","7":"product_cat-juguetes","8":"product_cat-legos","10":"first","11":"instock","12":"sale","13":"shipping-taxable","14":"purchasable","15":"product-type-simple"},"acf":[],"_links":{"self":[{"href":"https:\/\/defabrica.com.mx\/defabrica\/wp-json\/wp\/v2\/product\/63753","targetHints":{"allow":["GET"]}}],"collection":[{"href":"https:\/\/defabrica.com.mx\/defabrica\/wp-json\/wp\/v2\/product"}],"about":[{"href":"https:\/\/defabrica.com.mx\/defabrica\/wp-json\/wp\/v2\/types\/product"}],"replies":[{"embeddable":true,"href":"https:\/\/defabrica.com.mx\/defabrica\/wp-json\/wp\/v2\/comments?post=63753"}],"wp:featuredmedia":[{"embeddable":true,"href":"https:\/\/defabrica.com.mx\/defabrica\/wp-json\/wp\/v2\/media\/63756"}],"wp:attachment":[{"href":"https:\/\/defabrica.com.mx\/defabrica\/wp-json\/wp\/v2\/media?parent=63753"}],"wp:term":[{"taxonomy":"product_brand","embeddable":true,"href":"https:\/\/defabrica.com.mx\/defabrica\/wp-json\/wp\/v2\/product_brand?post=63753"},{"taxonomy":"product_cat","embeddable":true,"href":"https:\/\/defabrica.com.mx\/defabrica\/wp-json\/wp\/v2\/product_cat?post=63753"},{"taxonomy":"product_tag","embeddable":true,"href":"https:\/\/defabrica.com.mx\/defabrica\/wp-json\/wp\/v2\/product_tag?post=63753"}],"curies":[{"name":"wp","href":"https:\/\/api.w.org\/{rel}","templated":true}]}}