{"id":63727,"date":"2021-11-19T20:27:16","date_gmt":"2021-11-20T02:27:16","guid":{"rendered":"https:\/\/defabrica.com.mx\/defabrica\/?post_type=product&#038;p=63727"},"modified":"2023-01-26T15:49:18","modified_gmt":"2023-01-26T21:49:18","slug":"lego-501st-legion-clones-y-drones-285-pcs","status":"publish","type":"product","link":"https:\/\/defabrica.com.mx\/defabrica\/producto\/lego-501st-legion-clones-y-drones-285-pcs\/","title":{"rendered":"LEGO &#8211; 501st Legion, Cl\u00f3nes Y Drones. 285 Pcs"},"content":{"rendered":"<p>Crea conflictos \u00e9picos entre los soldados clon de la Legi\u00f3n 501 y los droides de batalla del ej\u00e9rcito separatista con este juego de construcci\u00f3n LEGO Star Wars para ni\u00f1os lleno de acci\u00f3n (75280). Los modelos de construcci\u00f3n posables AT-RT Walker y BARC Speeder tienen esquemas de colores aut\u00e9nticos de la Legi\u00f3n 501 en azul y blanco, adem\u00e1s de ca\u00f1ones para juegos de batalla. Los j\u00f3venes pueden reimaginar las memorables escenas de Star Wars: The Clone Wars con 4 minifiguras LEGO: 3 501st Clone Troopers y un 501st Jet Trooper, adem\u00e1s de 2 figuras de acci\u00f3n LEGO Battle Droid. Todos tienen armas y el AT-RT tiene puntos de conexi\u00f3n para un blaster y un elemento electrobinoculares para inspirar el juego creativo. Desde 1999, el Grupo LEGO ha estado recreando naves, veh\u00edculos, lugares y personajes ic\u00f3nicos del universo de Star Wars. LEGO Star Wars es ahora su tema m\u00e1s exitoso con juegos de construcci\u00f3n y juguetes de exhibici\u00f3n para construir que son divertidas ideas de regalos para fan\u00e1ticos de todas las edades.<\/p>\n","protected":false},"excerpt":{"rendered":"<p>Crea conflictos \u00e9picos entre los soldados clon de la Legi\u00f3n 501 y los droides de batalla del ej\u00e9rcito separatista con este juego de construcci\u00f3n LEGO Star Wars para ni\u00f1os lleno<\/p>\n","protected":false},"featured_media":63737,"comment_status":"open","ping_status":"closed","template":"","meta":{"_acf_changed":false,"_joinchat":[]},"product_brand":[],"product_cat":[886,1097,1196],"product_tag":[],"class_list":{"0":"post-63727","1":"product","2":"type-product","3":"status-publish","4":"has-post-thumbnail","6":"product_cat-juguetesycoleccionables","7":"product_cat-juguetes","8":"product_cat-legos","10":"first","11":"instock","12":"sale","13":"shipping-taxable","14":"purchasable","15":"product-type-simple"},"acf":[],"_links":{"self":[{"href":"https:\/\/defabrica.com.mx\/defabrica\/wp-json\/wp\/v2\/product\/63727","targetHints":{"allow":["GET"]}}],"collection":[{"href":"https:\/\/defabrica.com.mx\/defabrica\/wp-json\/wp\/v2\/product"}],"about":[{"href":"https:\/\/defabrica.com.mx\/defabrica\/wp-json\/wp\/v2\/types\/product"}],"replies":[{"embeddable":true,"href":"https:\/\/defabrica.com.mx\/defabrica\/wp-json\/wp\/v2\/comments?post=63727"}],"wp:featuredmedia":[{"embeddable":true,"href":"https:\/\/defabrica.com.mx\/defabrica\/wp-json\/wp\/v2\/media\/63737"}],"wp:attachment":[{"href":"https:\/\/defabrica.com.mx\/defabrica\/wp-json\/wp\/v2\/media?parent=63727"}],"wp:term":[{"taxonomy":"product_brand","embeddable":true,"href":"https:\/\/defabrica.com.mx\/defabrica\/wp-json\/wp\/v2\/product_brand?post=63727"},{"taxonomy":"product_cat","embeddable":true,"href":"https:\/\/defabrica.com.mx\/defabrica\/wp-json\/wp\/v2\/product_cat?post=63727"},{"taxonomy":"product_tag","embeddable":true,"href":"https:\/\/defabrica.com.mx\/defabrica\/wp-json\/wp\/v2\/product_tag?post=63727"}],"curies":[{"name":"wp","href":"https:\/\/api.w.org\/{rel}","templated":true}]}}