{"id":63722,"date":"2021-11-19T20:08:57","date_gmt":"2021-11-20T02:08:57","guid":{"rendered":"https:\/\/defabrica.com.mx\/defabrica\/?post_type=product&#038;p=63722"},"modified":"2023-01-26T15:48:34","modified_gmt":"2023-01-26T21:48:34","slug":"lego-dc-batman-batimovil-caza-del-pinguino-76181-392-pz","status":"publish","type":"product","link":"https:\/\/defabrica.com.mx\/defabrica\/producto\/lego-dc-batman-batimovil-caza-del-pinguino-76181-392-pz\/","title":{"rendered":"LEGO &#8211; Dc Batman Batimovil Caza Del Pinguino 76181 &#8211; 392 Pz"},"content":{"rendered":"<p>Los ni\u00f1os apasionados por Batman \u2122 quedar\u00e1n cautivados por el destacado LEGO\u00ae DC Batman Batmobile \u2122: The Penguin \u2122 Chase (76181).\u00a0Este Batm\u00f3vil ic\u00f3nico para jugar y exhibir pone la acci\u00f3n de la pel\u00edcula The Batman en manos de ni\u00f1os mayores de 8 a\u00f1os.\u00a0Batm\u00f3vil de lanzamiento de misiles Este Batm\u00f3vil listo para la batalla cuenta con 2 ca\u00f1ones autom\u00e1ticos que lanzan megamisiles desde el frente, ya sea de forma simult\u00e1nea o individual, cuando los ni\u00f1os presionan placas en el cap\u00f3.\u00a0El parabrisas y el techo se levantan para que la minifigura de Batman pueda sentarse en la cabina.\u00a0Incluso hay espacio para un pasajero.\u00a0La acci\u00f3n se puede turboalimentar con la adici\u00f3n de elementos de llama azul unidos al escape.\u00a0El set incluye 2 minifiguras: Batman, con una capa de tela, y The Penguin \u2122, con un disparador y un lanzacohetes de mano, que incluye un disparador de pernos integrado que dispara piezas circulares.<\/p>\n","protected":false},"excerpt":{"rendered":"<p>Los ni\u00f1os apasionados por Batman \u2122 quedar\u00e1n cautivados por el destacado LEGO\u00ae DC Batman Batmobile \u2122: The Penguin \u2122 Chase (76181).\u00a0Este Batm\u00f3vil ic\u00f3nico para jugar y exhibir pone la acci\u00f3n<\/p>\n","protected":false},"featured_media":63723,"comment_status":"open","ping_status":"closed","template":"","meta":{"_acf_changed":false,"_joinchat":[]},"product_brand":[],"product_cat":[886,1097,1196],"product_tag":[],"class_list":{"0":"post-63722","1":"product","2":"type-product","3":"status-publish","4":"has-post-thumbnail","6":"product_cat-juguetesycoleccionables","7":"product_cat-juguetes","8":"product_cat-legos","10":"first","11":"instock","12":"sale","13":"shipping-taxable","14":"purchasable","15":"product-type-simple"},"acf":[],"_links":{"self":[{"href":"https:\/\/defabrica.com.mx\/defabrica\/wp-json\/wp\/v2\/product\/63722","targetHints":{"allow":["GET"]}}],"collection":[{"href":"https:\/\/defabrica.com.mx\/defabrica\/wp-json\/wp\/v2\/product"}],"about":[{"href":"https:\/\/defabrica.com.mx\/defabrica\/wp-json\/wp\/v2\/types\/product"}],"replies":[{"embeddable":true,"href":"https:\/\/defabrica.com.mx\/defabrica\/wp-json\/wp\/v2\/comments?post=63722"}],"wp:featuredmedia":[{"embeddable":true,"href":"https:\/\/defabrica.com.mx\/defabrica\/wp-json\/wp\/v2\/media\/63723"}],"wp:attachment":[{"href":"https:\/\/defabrica.com.mx\/defabrica\/wp-json\/wp\/v2\/media?parent=63722"}],"wp:term":[{"taxonomy":"product_brand","embeddable":true,"href":"https:\/\/defabrica.com.mx\/defabrica\/wp-json\/wp\/v2\/product_brand?post=63722"},{"taxonomy":"product_cat","embeddable":true,"href":"https:\/\/defabrica.com.mx\/defabrica\/wp-json\/wp\/v2\/product_cat?post=63722"},{"taxonomy":"product_tag","embeddable":true,"href":"https:\/\/defabrica.com.mx\/defabrica\/wp-json\/wp\/v2\/product_tag?post=63722"}],"curies":[{"name":"wp","href":"https:\/\/api.w.org\/{rel}","templated":true}]}}