{"id":63687,"date":"2021-11-19T19:24:24","date_gmt":"2021-11-20T01:24:24","guid":{"rendered":"https:\/\/defabrica.com.mx\/defabrica\/?post_type=product&#038;p=63687"},"modified":"2023-04-27T18:38:59","modified_gmt":"2023-04-27T23:38:59","slug":"lego-classic-bricks-bricks-plates-11717-1504-piezas","status":"publish","type":"product","link":"https:\/\/defabrica.com.mx\/defabrica\/producto\/lego-classic-bricks-bricks-plates-11717-1504-piezas\/","title":{"rendered":"LEGO &#8211; Classic Bricks Bricks Plates 11717 &#8211; (1504 piezas)"},"content":{"rendered":"<p>LEGO Classic Bricks Bricks Plates 11717 est\u00e1 repleto de ideas e inspiraci\u00f3n para ni\u00f1os y ni\u00f1as.\u00a0A medida que los ni\u00f1os construyen, juegan y vuelven a construir, este juguete de construcci\u00f3n de composici\u00f3n abierta libera el potencial creativo y brinda beneficios educativos que duran toda la vida.\u00a0Con varios colores y formas, que incluyen ruedas, ventanas, puertas y ojos, adem\u00e1s de 4 placas base de 16&#215;16 postes, los ni\u00f1os pueden construir lo que imaginen.<\/p>\n","protected":false},"excerpt":{"rendered":"<p>LEGO Classic Bricks Bricks Plates 11717 est\u00e1 repleto de ideas e inspiraci\u00f3n para ni\u00f1os y ni\u00f1as.\u00a0A medida que los ni\u00f1os construyen, juegan y vuelven a construir, este juguete de construcci\u00f3n<\/p>\n","protected":false},"featured_media":63690,"comment_status":"open","ping_status":"closed","template":"","meta":{"_acf_changed":false,"_joinchat":[]},"product_brand":[],"product_cat":[886,1097,1196],"product_tag":[],"class_list":{"0":"post-63687","1":"product","2":"type-product","3":"status-publish","4":"has-post-thumbnail","6":"product_cat-juguetesycoleccionables","7":"product_cat-juguetes","8":"product_cat-legos","10":"first","11":"instock","12":"sale","13":"shipping-taxable","14":"purchasable","15":"product-type-simple"},"acf":[],"_links":{"self":[{"href":"https:\/\/defabrica.com.mx\/defabrica\/wp-json\/wp\/v2\/product\/63687","targetHints":{"allow":["GET"]}}],"collection":[{"href":"https:\/\/defabrica.com.mx\/defabrica\/wp-json\/wp\/v2\/product"}],"about":[{"href":"https:\/\/defabrica.com.mx\/defabrica\/wp-json\/wp\/v2\/types\/product"}],"replies":[{"embeddable":true,"href":"https:\/\/defabrica.com.mx\/defabrica\/wp-json\/wp\/v2\/comments?post=63687"}],"wp:featuredmedia":[{"embeddable":true,"href":"https:\/\/defabrica.com.mx\/defabrica\/wp-json\/wp\/v2\/media\/63690"}],"wp:attachment":[{"href":"https:\/\/defabrica.com.mx\/defabrica\/wp-json\/wp\/v2\/media?parent=63687"}],"wp:term":[{"taxonomy":"product_brand","embeddable":true,"href":"https:\/\/defabrica.com.mx\/defabrica\/wp-json\/wp\/v2\/product_brand?post=63687"},{"taxonomy":"product_cat","embeddable":true,"href":"https:\/\/defabrica.com.mx\/defabrica\/wp-json\/wp\/v2\/product_cat?post=63687"},{"taxonomy":"product_tag","embeddable":true,"href":"https:\/\/defabrica.com.mx\/defabrica\/wp-json\/wp\/v2\/product_tag?post=63687"}],"curies":[{"name":"wp","href":"https:\/\/api.w.org\/{rel}","templated":true}]}}