{"id":63667,"date":"2021-11-19T19:13:26","date_gmt":"2021-11-20T01:13:26","guid":{"rendered":"https:\/\/defabrica.com.mx\/defabrica\/?post_type=product&#038;p=63667"},"modified":"2023-01-26T15:45:10","modified_gmt":"2023-01-26T21:45:10","slug":"lego-75315-crucero-ligero-imperial","status":"publish","type":"product","link":"https:\/\/defabrica.com.mx\/defabrica\/producto\/lego-75315-crucero-ligero-imperial\/","title":{"rendered":"LEGO &#8211; 75315 Crucero Ligero Imperial"},"content":{"rendered":"<p>Abre una galaxia de aventuras de Star Wars: The Mandalorian Season 2 para los fan\u00e1ticos con este modelo LEGO construido con ladrillos del Imperial Light Cruiser (75315).\u00a0Cuenta con un puente que funciona como un mango para volar, 2 torretas giratorias con ca\u00f1ones autom\u00e1ticos, adem\u00e1s de 2 mini TIE Fighters y un lanzador.\u00a0Una trampilla da f\u00e1cil acceso a la cabina que tiene una mesa de hologramas y almacenamiento para los binoculares el\u00e9ctricos y otros elementos accesorios.\u00a0Este set de calidad premium viene con 5 minifiguras LEGO: The Mandalorian, Cara Dune, Fennec Shand, Moff Gideon y un Dark Trooper, adem\u00e1s de una figura LEGO del Ni\u00f1o (Grogu), cari\u00f1osamente conocido como Baby Yoda.<\/p>\n","protected":false},"excerpt":{"rendered":"<p>Abre una galaxia de aventuras de Star Wars: The Mandalorian Season 2 para los fan\u00e1ticos con este modelo LEGO construido con ladrillos del Imperial Light Cruiser (75315).\u00a0Cuenta con un puente<\/p>\n","protected":false},"featured_media":63669,"comment_status":"open","ping_status":"closed","template":"","meta":{"_acf_changed":false,"_joinchat":[]},"product_brand":[],"product_cat":[886,1097,1196],"product_tag":[],"class_list":{"0":"post-63667","1":"product","2":"type-product","3":"status-publish","4":"has-post-thumbnail","6":"product_cat-juguetesycoleccionables","7":"product_cat-juguetes","8":"product_cat-legos","10":"first","11":"instock","12":"sale","13":"shipping-taxable","14":"purchasable","15":"product-type-simple"},"acf":[],"_links":{"self":[{"href":"https:\/\/defabrica.com.mx\/defabrica\/wp-json\/wp\/v2\/product\/63667","targetHints":{"allow":["GET"]}}],"collection":[{"href":"https:\/\/defabrica.com.mx\/defabrica\/wp-json\/wp\/v2\/product"}],"about":[{"href":"https:\/\/defabrica.com.mx\/defabrica\/wp-json\/wp\/v2\/types\/product"}],"replies":[{"embeddable":true,"href":"https:\/\/defabrica.com.mx\/defabrica\/wp-json\/wp\/v2\/comments?post=63667"}],"wp:featuredmedia":[{"embeddable":true,"href":"https:\/\/defabrica.com.mx\/defabrica\/wp-json\/wp\/v2\/media\/63669"}],"wp:attachment":[{"href":"https:\/\/defabrica.com.mx\/defabrica\/wp-json\/wp\/v2\/media?parent=63667"}],"wp:term":[{"taxonomy":"product_brand","embeddable":true,"href":"https:\/\/defabrica.com.mx\/defabrica\/wp-json\/wp\/v2\/product_brand?post=63667"},{"taxonomy":"product_cat","embeddable":true,"href":"https:\/\/defabrica.com.mx\/defabrica\/wp-json\/wp\/v2\/product_cat?post=63667"},{"taxonomy":"product_tag","embeddable":true,"href":"https:\/\/defabrica.com.mx\/defabrica\/wp-json\/wp\/v2\/product_tag?post=63667"}],"curies":[{"name":"wp","href":"https:\/\/api.w.org\/{rel}","templated":true}]}}