{"id":61492,"date":"2021-11-16T17:11:22","date_gmt":"2021-11-16T23:11:22","guid":{"rendered":"https:\/\/defabrica.com.mx\/defabrica\/?post_type=product&#038;p=61492"},"modified":"2023-01-14T14:27:20","modified_gmt":"2023-01-14T20:27:20","slug":"apple-tv-4k-2-a-generacion","status":"publish","type":"product","link":"https:\/\/defabrica.com.mx\/defabrica\/producto\/apple-tv-4k-2-a-generacion\/","title":{"rendered":"Apple TV &#8211; 4K &#8211; 2.\u00aa generaci\u00f3n"},"content":{"rendered":"<div class=\"embedded-component-container lv product-description\">\n<div>\n<div id=\"shop-product-description-62521417\" class=\"None\" data-version=\"1.3.38\">\n<div class=\"shop-product-description\">\n<section class=\"align-heading-left\" data-reactroot=\"\">\n<div class=\"long-description-container body-copy \">\n<div class=\"html-fragment\">\n<div>\n<div>El nuevo Apple TV 4K ofrece los mejores programas, pel\u00edculas, deportes y TV en vivo, junto con sus dispositivos y servicios favoritos de Apple.\u00b9 Ahora con HDR de alta frecuencia de cuadros 4K para videos fluidos y n\u00edtidos\u00b2 Vea Apple Originals con Apple TV + .\u00b3 Experimente m\u00e1s formas de disfrutar de su televisor con Apple Arcade, Apple Fitness + y Apple Music.\u00b3 Y use el nuevo Siri Remote con clickpad t\u00e1ctil para controlarlo todo.<\/div>\n<\/div>\n<\/div>\n<\/div>\n<\/section>\n<\/div>\n<\/div>\n<\/div>\n<\/div>\n<div class=\"embedded-component-container lv product-features\"><\/div>\n<div>\n<h3><\/h3>\n<h3><\/h3>\n<h3 class=\"heading-5 v-fw-regular feature-heading\"><strong>Caracter\u00edsticas<\/strong><\/h3>\n<ul>\n<li>Dolby Atmos para un sonido envolvente que llena la habitaci\u00f3n\u2074<\/li>\n<li>El chip A12 Bionic brinda un gran impulso al audio, video y gr\u00e1ficos, para experiencias de juegos y aplicaciones a\u00fan mejores<\/li>\n<li>4K HDR de alta frecuencia de cuadros con Dolby Vision para un video fluido y n\u00edtido\u00b2<\/li>\n<li>Programas y pel\u00edculas de Apple Original de Apple TV + \u00b3<\/li>\n<li>Los \u00faltimos \u00e9xitos de Disney +, Amazon Prime Video, HBO Max y m\u00e1s\u00b9<\/li>\n<li>M\u00e1s formas de disfrutar de su televisor con Apple Arcade, Apple Fitness + y Apple Music\u00b3<\/li>\n<li>El nuevo Siri Remote con clickpad t\u00e1ctil<\/li>\n<li>Escucha privada con hasta dos juegos de AirPods<\/li>\n<li>Usa AirPlay para compartir fotos, videos y m\u00e1s desde tu iPhone, iPad y Mac en tu TV\u2075<\/li>\n<li>Obtenga una vista en vivo de sus c\u00e1maras habilitadas para HomeKit y controle los accesorios de su hogar inteligente<\/li>\n<li>\u00b9 Es posible que se requiera una suscripci\u00f3n para acceder a algunos contenidos. No todo el contenido est\u00e1 disponible en 4K, 4K HDR o 4K High Frame Rate HDR. La resoluci\u00f3n 4K requiere un televisor compatible con 4K. La disponibilidad de t\u00edtulos y aplicaciones est\u00e1n sujetos a cambios. Algunas aplicaciones no est\u00e1n disponibles en todas las \u00e1reas.<\/li>\n<li>\u00b2 Actualmente, el contenido HDR de alta velocidad de fotogramas es limitado. Contenido adicional disponible pronto.<\/li>\n<li>\u00b3Apple Music, Apple TV +, Apple Arcade y Apple Fitness + requieren una suscripci\u00f3n.<\/li>\n<li>\u2074Las funciones de Dolby Atmos requieren dispositivos compatibles con Dolby Atmos y es posible que no est\u00e9n disponibles para todos los t\u00edtulos e idiomas.<\/li>\n<li>\u2075AirPlay es compatible con Apple TV de segunda generaci\u00f3n o posterior.<\/li>\n<\/ul>\n<\/div>\n","protected":false},"excerpt":{"rendered":"<p>El nuevo Apple TV 4K ofrece los mejores programas, pel\u00edculas, deportes y TV en vivo, junto con sus dispositivos y servicios favoritos de Apple.\u00b9 Ahora con HDR de alta frecuencia<\/p>\n","protected":false},"featured_media":61495,"comment_status":"open","ping_status":"closed","template":"","meta":{"_acf_changed":false,"_joinchat":[]},"product_brand":[],"product_cat":[1442,294],"product_tag":[],"class_list":{"0":"post-61492","1":"product","2":"type-product","3":"status-publish","4":"has-post-thumbnail","6":"product_cat-media-streaming","7":"product_cat-audio","9":"first","10":"instock","11":"sale","12":"shipping-taxable","13":"purchasable","14":"product-type-variable","15":"has-default-attributes"},"acf":[],"_links":{"self":[{"href":"https:\/\/defabrica.com.mx\/defabrica\/wp-json\/wp\/v2\/product\/61492","targetHints":{"allow":["GET"]}}],"collection":[{"href":"https:\/\/defabrica.com.mx\/defabrica\/wp-json\/wp\/v2\/product"}],"about":[{"href":"https:\/\/defabrica.com.mx\/defabrica\/wp-json\/wp\/v2\/types\/product"}],"replies":[{"embeddable":true,"href":"https:\/\/defabrica.com.mx\/defabrica\/wp-json\/wp\/v2\/comments?post=61492"}],"wp:featuredmedia":[{"embeddable":true,"href":"https:\/\/defabrica.com.mx\/defabrica\/wp-json\/wp\/v2\/media\/61495"}],"wp:attachment":[{"href":"https:\/\/defabrica.com.mx\/defabrica\/wp-json\/wp\/v2\/media?parent=61492"}],"wp:term":[{"taxonomy":"product_brand","embeddable":true,"href":"https:\/\/defabrica.com.mx\/defabrica\/wp-json\/wp\/v2\/product_brand?post=61492"},{"taxonomy":"product_cat","embeddable":true,"href":"https:\/\/defabrica.com.mx\/defabrica\/wp-json\/wp\/v2\/product_cat?post=61492"},{"taxonomy":"product_tag","embeddable":true,"href":"https:\/\/defabrica.com.mx\/defabrica\/wp-json\/wp\/v2\/product_tag?post=61492"}],"curies":[{"name":"wp","href":"https:\/\/api.w.org\/{rel}","templated":true}]}}