{"id":61482,"date":"2021-11-16T17:01:17","date_gmt":"2021-11-16T23:01:17","guid":{"rendered":"https:\/\/defabrica.com.mx\/defabrica\/?post_type=product&#038;p=61482"},"modified":"2022-07-05T13:17:14","modified_gmt":"2022-07-05T18:17:14","slug":"apple-tv-4k-1-a-generacion","status":"publish","type":"product","link":"https:\/\/defabrica.com.mx\/defabrica\/producto\/apple-tv-4k-1-a-generacion\/","title":{"rendered":"Apple TV &#8211; 4K &#8211; 1.\u00aa generaci\u00f3n"},"content":{"rendered":"<div class=\"product-description\">Apple TV 4K te permite ver pel\u00edculas y programas en incre\u00edble 4K HDR, y ahora completa la imagen con el sonido envolvente de Dolby Atmos\u00b9.\u00a0Transmite en vivo sus deportes, noticias y canales de TV favoritos.\u00a0Tiene excelente contenido de aplicaciones como Apple TV +, Disney +, Netflix, Amazon Prime Video y ESPN\u00b2.\u00a0Y gracias a Siri, puedes controlarlo todo con solo tu voz.<\/div>\n<div><\/div>\n<div>\n<h3><\/h3>\n<h3><\/h3>\n<h3 class=\"heading-5 v-fw-regular feature-heading\"><strong>Caracter\u00edsticas<\/strong><\/h3>\n<ul>\n<li>Alto rango din\u00e1mico 4K (Dolby Vision y HDR10) para una calidad de imagen asombrosa<\/li>\n<li>Dolby Atmos para un sonido tridimensional que llena la habitaci\u00f3n\u00b9<\/li>\n<li>Chip A10X Fusion para gr\u00e1ficos y rendimiento ultrarr\u00e1pidos<\/li>\n<li>B\u00fasqueda por voz preguntando al Siri Remote<\/li>\n<li>Usa AirPlay para ver fotos y videos de tu iPhone y iPad en tu TV\u00b3<\/li>\n<li>Apple TV +, Disney +, Netflix, HBO NOW, Hulu, Amazon Prime Video, ESPN, iTunes, Disney +, Apple TV + y miles de aplicaciones m\u00e1s en la App Store\u00b2<\/li>\n<li>\u00b9Las funciones de Dolby Atmos requieren dispositivos compatibles con Dolby Atmos y es posible que no est\u00e9n disponibles para todos los t\u00edtulos e idiomas.<\/li>\n<li>\u00b2 Es posible que se requiera una suscripci\u00f3n para acceder a algunos contenidos. No todo el contenido est\u00e1 disponible en 4K o 4K HDR. La resoluci\u00f3n 4K requiere un televisor compatible con 4K. Disponible en iTunes. La disponibilidad de t\u00edtulos y aplicaciones est\u00e1n sujetos a cambios. Algunas aplicaciones no est\u00e1n disponibles en todas las \u00e1reas.<\/li>\n<li>\u00b3AirPlay es compatible con el Apple TV de segunda generaci\u00f3n o posterior.<\/li>\n<\/ul>\n<\/div>\n<div class=\"product-description-banners-lv\">\n<div class=\"product-description-banner\" data-track=\"description-html-asset:Apple Brand Store at Best Buy.\"><\/div>\n<\/div>\n","protected":false},"excerpt":{"rendered":"<p>Apple TV 4K te permite ver pel\u00edculas y programas en incre\u00edble 4K HDR, y ahora completa la imagen con el sonido envolvente de Dolby Atmos\u00b9.\u00a0Transmite en vivo sus deportes, noticias<\/p>\n","protected":false},"featured_media":61485,"comment_status":"open","ping_status":"closed","template":"","meta":{"_acf_changed":false,"_joinchat":[]},"product_brand":[],"product_cat":[1442,294],"product_tag":[],"class_list":{"0":"post-61482","1":"product","2":"type-product","3":"status-publish","4":"has-post-thumbnail","6":"product_cat-media-streaming","7":"product_cat-audio","9":"first","10":"instock","11":"sale","12":"shipping-taxable","13":"purchasable","14":"product-type-variable","15":"has-default-attributes"},"acf":[],"_links":{"self":[{"href":"https:\/\/defabrica.com.mx\/defabrica\/wp-json\/wp\/v2\/product\/61482","targetHints":{"allow":["GET"]}}],"collection":[{"href":"https:\/\/defabrica.com.mx\/defabrica\/wp-json\/wp\/v2\/product"}],"about":[{"href":"https:\/\/defabrica.com.mx\/defabrica\/wp-json\/wp\/v2\/types\/product"}],"replies":[{"embeddable":true,"href":"https:\/\/defabrica.com.mx\/defabrica\/wp-json\/wp\/v2\/comments?post=61482"}],"wp:featuredmedia":[{"embeddable":true,"href":"https:\/\/defabrica.com.mx\/defabrica\/wp-json\/wp\/v2\/media\/61485"}],"wp:attachment":[{"href":"https:\/\/defabrica.com.mx\/defabrica\/wp-json\/wp\/v2\/media?parent=61482"}],"wp:term":[{"taxonomy":"product_brand","embeddable":true,"href":"https:\/\/defabrica.com.mx\/defabrica\/wp-json\/wp\/v2\/product_brand?post=61482"},{"taxonomy":"product_cat","embeddable":true,"href":"https:\/\/defabrica.com.mx\/defabrica\/wp-json\/wp\/v2\/product_cat?post=61482"},{"taxonomy":"product_tag","embeddable":true,"href":"https:\/\/defabrica.com.mx\/defabrica\/wp-json\/wp\/v2\/product_tag?post=61482"}],"curies":[{"name":"wp","href":"https:\/\/api.w.org\/{rel}","templated":true}]}}