{"id":61457,"date":"2021-11-16T16:42:48","date_gmt":"2021-11-16T22:42:48","guid":{"rendered":"https:\/\/defabrica.com.mx\/defabrica\/?post_type=product&#038;p=61457"},"modified":"2023-01-14T14:26:28","modified_gmt":"2023-01-14T20:26:28","slug":"apple-airpods-max","status":"publish","type":"product","link":"https:\/\/defabrica.com.mx\/defabrica\/producto\/apple-airpods-max\/","title":{"rendered":"Apple &#8211; AirPods Max"},"content":{"rendered":"<div class=\"product-description\">AirPods Max reinventa los auriculares supraaurales.\u00a0Un controlador din\u00e1mico dise\u00f1ado por Apple proporciona un audio envolvente de alta fidelidad.\u00a0Cada detalle, desde la capota hasta los cojines, ha sido dise\u00f1ado para un ajuste excepcional.\u00a0La cancelaci\u00f3n activa de ruido bloquea el ruido exterior, mientras que el modo Transparencia lo deja entrar. Y el audio espacial con seguimiento din\u00e1mico de la cabeza proporciona un sonido similar al de una sala de cine que te rodea.\u00b9<\/div>\n<div class=\"product-description-banner\" data-track=\"description-html-asset:Apple Brand Store at Best Buy.\"><\/div>\n<div data-track=\"description-html-asset:Apple Brand Store at Best Buy.\">\n<h3><\/h3>\n<h3><\/h3>\n<h3 class=\"heading-5 v-fw-regular feature-heading\"><strong>Caracter\u00edsticas<\/strong><\/h3>\n<ul>\n<li>Un controlador din\u00e1mico dise\u00f1ado por Apple proporciona audio de alta fidelidad<\/li>\n<li>La cancelaci\u00f3n activa de ruido bloquea el ruido exterior para que puedas sumergirte en la m\u00fasica<\/li>\n<li>Modo de transparencia para escuchar e interactuar con el mundo que te rodea<\/li>\n<li>El audio espacial con seguimiento din\u00e1mico de la cabeza proporciona un sonido similar al de un teatro que te rodea\u00b9<\/li>\n<li>El audio computacional combina un dise\u00f1o ac\u00fastico personalizado con el software y el chip H1 de Apple para brindar experiencias de escucha innovadoras<\/li>\n<li>Dise\u00f1ado con un dosel de malla tejida y almohadillas de espuma viscoel\u00e1stica para un ajuste excepcional<\/li>\n<li>Experiencia m\u00e1gica con configuraci\u00f3n sin esfuerzo, detecci\u00f3n en la cabeza y cambio perfecto entre dispositivos\u00b2<\/li>\n<li>Comparta f\u00e1cilmente audio entre dos juegos de AirPods en su iPhone, iPad, iPod touch o Apple TV<\/li>\n<li>20 horas de tiempo de escucha, visualizaci\u00f3n de pel\u00edculas o conversaci\u00f3n con la cancelaci\u00f3n activa de ruido y el audio espacial habilitado\u00b3<\/li>\n<li>Almacene en modo de consumo ultra bajo con el Smart Case delgado<\/li>\n<li>\u00b9 El audio espacial funciona con pel\u00edculas, TV y video en aplicaciones compatibles. Requiere iPhone o iPad.<\/li>\n<\/ul>\n<\/div>\n","protected":false},"excerpt":{"rendered":"<p>AirPods Max reinventa los auriculares supraaurales.\u00a0Un controlador din\u00e1mico dise\u00f1ado por Apple proporciona un audio envolvente de alta fidelidad.\u00a0Cada detalle, desde la capota hasta los cojines, ha sido dise\u00f1ado para un<\/p>\n","protected":false},"featured_media":62893,"comment_status":"open","ping_status":"closed","template":"","meta":{"_acf_changed":false,"_joinchat":[]},"product_brand":[],"product_cat":[294,300,304],"product_tag":[],"class_list":{"0":"post-61457","1":"product","2":"type-product","3":"status-publish","4":"has-post-thumbnail","6":"product_cat-audio","7":"product_cat-audifonos","8":"product_cat-inalambricos","10":"first","11":"instock","12":"sale","13":"shipping-taxable","14":"purchasable","15":"product-type-variable","16":"has-default-attributes"},"acf":[],"_links":{"self":[{"href":"https:\/\/defabrica.com.mx\/defabrica\/wp-json\/wp\/v2\/product\/61457","targetHints":{"allow":["GET"]}}],"collection":[{"href":"https:\/\/defabrica.com.mx\/defabrica\/wp-json\/wp\/v2\/product"}],"about":[{"href":"https:\/\/defabrica.com.mx\/defabrica\/wp-json\/wp\/v2\/types\/product"}],"replies":[{"embeddable":true,"href":"https:\/\/defabrica.com.mx\/defabrica\/wp-json\/wp\/v2\/comments?post=61457"}],"wp:featuredmedia":[{"embeddable":true,"href":"https:\/\/defabrica.com.mx\/defabrica\/wp-json\/wp\/v2\/media\/62893"}],"wp:attachment":[{"href":"https:\/\/defabrica.com.mx\/defabrica\/wp-json\/wp\/v2\/media?parent=61457"}],"wp:term":[{"taxonomy":"product_brand","embeddable":true,"href":"https:\/\/defabrica.com.mx\/defabrica\/wp-json\/wp\/v2\/product_brand?post=61457"},{"taxonomy":"product_cat","embeddable":true,"href":"https:\/\/defabrica.com.mx\/defabrica\/wp-json\/wp\/v2\/product_cat?post=61457"},{"taxonomy":"product_tag","embeddable":true,"href":"https:\/\/defabrica.com.mx\/defabrica\/wp-json\/wp\/v2\/product_tag?post=61457"}],"curies":[{"name":"wp","href":"https:\/\/api.w.org\/{rel}","templated":true}]}}